{"id":750,"date":"2023-01-05T02:22:47","date_gmt":"2023-01-05T07:22:47","guid":{"rendered":"https:\/\/proquident.com.co\/linea-profesional\/?post_type=product&#038;p=750"},"modified":"2025-10-21T20:48:31","modified_gmt":"2025-10-22T01:48:31","slug":"alcohol-65","status":"publish","type":"product","link":"https:\/\/proquident.com.co\/linea-profesional\/producto\/alcohol-65\/","title":{"rendered":"Alcohol 65%"},"content":{"rendered":"<h3>Usos<\/h3>\n<p>Aplicar sobre la superficie a desinfectar y deje secar por 1 minuto. Esparcir en una sola direcci\u00f3n, se puede utilizar con un pa\u00f1o limpio y seco si es necesario. No necesita enjuague.<\/p>\n<p>Mantener fuera del alcance de los ni\u00f1os y mascotas. En caso de contacto con los ojos enjuagar con abundante agua. Suspenda su uso en caso de reacci\u00f3n desfavorable. Uso externo. Evitar el contacto directo con las mucosas, mantener en un lugar fresco y menor de 30 \u00baC. Dejar secar completamente antes de exposici\u00f3n a cualquier fuente de calor. No se debe ingerir.<\/p>\n<h3>Presentaciones<\/h3>\n<p>20 mL, 250 mL, 500 mL.<\/p>\n<h3>Registro INVIMA<\/h3>\n<p>NSOH08519-20CO<\/p>\n<p><strong>Para Informaci\u00f3n adicional sobre este producto cont\u00e1ctenos a trav\u00e9s de <i class=\"fas fa-envelope\"><\/i><a href=\"mailto:contacto@proquident.com.co\" target=\"_blank\" rel=\"noopener\">\u00a0contacto@proquident.com.co<\/a><\/strong><\/p>\n","protected":false},"excerpt":{"rendered":"<p>Permite desinfectar superficies como pisos, mesas, mesones, dispositivos electr\u00f3nicos m\u00f3viles y fijos, prendas de vestir, calzado, bolsos o maletas y materiales similares.<\/p>\n<p>[su_button url=\"https:\/\/proquident.com.co\/DocumentosProductos\/Alcohol\/GC-FT-741ALCOHOL%2065%20_%20PROQUIDENT_v6.pdf?_t=1761097646\" target=\"_blank\" style=\"flat\u201d icon=\"icon: angle-double-down\u201d]Ficha t\u00e9cnica[\/su_button] [su_button url=\"https:\/\/proquident.com.co\/DocumentosProductos\/Alcohol\/(NSOH08519-20CO)%20Alcohol%2065.pdf?_t=1753390042\" target=\"_blank\" style=\"flat\u201d icon=\"icon: angle-double-down\u201d]Registro sanitario[\/su_button]<\/p>\n","protected":false},"featured_media":1023,"comment_status":"open","ping_status":"closed","template":"","meta":{"om_disable_all_campaigns":false,"inline_featured_image":false,"_monsterinsights_skip_tracking":false,"_monsterinsights_sitenote_active":false,"_monsterinsights_sitenote_note":"","_monsterinsights_sitenote_category":0,"_uf_show_specific_survey":0,"_uf_disable_surveys":false},"product_cat":[30],"product_tag":[151,162,150],"class_list":{"0":"post-750","1":"product","2":"type-product","3":"status-publish","4":"has-post-thumbnail","6":"product_cat-bioseguridad","7":"product_tag-alcohol","8":"product_tag-alcohol-viajero","9":"product_tag-desinfeccion","11":"first","12":"instock","13":"shipping-taxable","14":"purchasable","15":"product-type-variable"},"aioseo_notices":[],"_links":{"self":[{"href":"https:\/\/proquident.com.co\/linea-profesional\/wp-json\/wp\/v2\/product\/750","targetHints":{"allow":["GET"]}}],"collection":[{"href":"https:\/\/proquident.com.co\/linea-profesional\/wp-json\/wp\/v2\/product"}],"about":[{"href":"https:\/\/proquident.com.co\/linea-profesional\/wp-json\/wp\/v2\/types\/product"}],"replies":[{"embeddable":true,"href":"https:\/\/proquident.com.co\/linea-profesional\/wp-json\/wp\/v2\/comments?post=750"}],"wp:featuredmedia":[{"embeddable":true,"href":"https:\/\/proquident.com.co\/linea-profesional\/wp-json\/wp\/v2\/media\/1023"}],"wp:attachment":[{"href":"https:\/\/proquident.com.co\/linea-profesional\/wp-json\/wp\/v2\/media?parent=750"}],"wp:term":[{"taxonomy":"product_cat","embeddable":true,"href":"https:\/\/proquident.com.co\/linea-profesional\/wp-json\/wp\/v2\/product_cat?post=750"},{"taxonomy":"product_tag","embeddable":true,"href":"https:\/\/proquident.com.co\/linea-profesional\/wp-json\/wp\/v2\/product_tag?post=750"}],"curies":[{"name":"wp","href":"https:\/\/api.w.org\/{rel}","templated":true}]}}