{"id":746,"date":"2023-01-05T02:05:50","date_gmt":"2023-01-05T07:05:50","guid":{"rendered":"https:\/\/proquident.com.co\/linea-profesional\/?post_type=product&#038;p=746"},"modified":"2025-10-21T20:18:23","modified_gmt":"2025-10-22T01:18:23","slug":"desinfectante-proquizyme","status":"publish","type":"product","link":"https:\/\/proquident.com.co\/linea-profesional\/producto\/desinfectante-proquizyme\/","title":{"rendered":"Proquizyme desinfectante multienzim\u00e1tico en polvo"},"content":{"rendered":"<h3>Usos<\/h3>\n<p>Colocar en un recipiente 4L de agua (preferiblemente tibia) y<br \/>\nadicionar la cantidad total de un sobre de 20 g. Revolver durante 1<br \/>\nminuto y sumergir el instrumental a limpiar y descontaminar.<\/p>\n<p>Dejar actuar por 15 minutos, luego de la inmersi\u00f3n. Enjuague con<br \/>\nabundante agua y contin\u00fae con el proceso de esterilizaci\u00f3n<\/p>\n<h3>Precauciones<\/h3>\n<ul>\n<li>Mant\u00e9ngase tapado, alejado de fuentes de ignici\u00f3n. Almacenar a<br \/>\nuna temperatura menor de 30\u00b0C, protegido de la luz directa y del<br \/>\nalcance de los ni\u00f1os y mascotas.<\/li>\n<li>Almacenar bien tapado en un lugar fresco y alejado de la luz solar<br \/>\ndirecta. En climas c\u00e1lidos, almacenar bajo aire acondicionado a<br \/>\n25\u00b0C.<\/li>\n<\/ul>\n<h3>Presentaci\u00f3n<\/h3>\n<p>Caja por 12 sobres de 20g.<\/p>\n<h3>Registro INVIMA<\/h3>\n<p>2016DM-0014487<\/p>\n<p><strong>Para informaci\u00f3n adicional sobre este producto cont\u00e1ctenos a trav\u00e9s de <i class=\"fas fa-envelope\"><\/i><a href=\"mailto:contacto@proquident.com.co\" target=\"_blank\" rel=\"noopener\">\u00a0contacto@proquident.com.co<\/a><\/strong><\/p>\n","protected":false},"excerpt":{"rendered":"<p>F\u00f3rmula avanzada con agentes detergentes y desinfectantes que limpian el instrumental, sin enjuague previo, sin cepillar y sin usar otro producto.<\/p>\n<ul>\n<li>R\u00e1pida acci\u00f3n.<\/li>\n<li>Activo contra bacterias, hongos y virus.<\/li>\n<li>No t\u00f3xico, no corrosivo.<\/li>\n<\/ul>\n<p>&nbsp;<\/p>\n<p>[su_button url=\"https:\/\/proquident.com.co\/DocumentosProductos\/Proquizyme%20Plus%20desinfectante%20de%20superficie%20y%20dispositivos%20m%C3%A9dicos\/GC-FT-527DESINFECTANTE%20MULTIENZIM%C3%81TICO%20EN%20POLVO%20PROQUIZYME_v9%20%283%29.pdf?_t=1761093424\" target=\"_blank\" style=\"flat\u201d icon=\"icon: angle-double-down\u201d]Ficha t\u00e9cnica[\/su_button] [su_button url=\"https:\/\/proquident.com.co\/DocumentosProductos\/Proquizyme%20Plus%20desinfectante%20de%20superficie%20y%20dispositivos%20m%C3%A9dicos\/INVIMA%202016DM-0014487%20Desinfectante%20multienzimatico%20polvo.pdf?_t=1761088371\" target=\"_blank\" style=\"flat\u201d icon=\"icon: angle-double-down\u201d]Registro sanitario[\/su_button]<\/p>\n","protected":false},"featured_media":1111,"comment_status":"open","ping_status":"closed","template":"","meta":{"om_disable_all_campaigns":false,"inline_featured_image":false,"_monsterinsights_skip_tracking":false,"_monsterinsights_sitenote_active":false,"_monsterinsights_sitenote_note":"","_monsterinsights_sitenote_category":0,"_uf_show_specific_survey":0,"_uf_disable_surveys":false},"product_cat":[30,182],"product_tag":[144,115,158,157],"class_list":{"0":"post-746","1":"product","2":"type-product","3":"status-publish","4":"has-post-thumbnail","6":"product_cat-bioseguridad","7":"product_cat-dispositivos-medicos","8":"product_tag-bactericida","9":"product_tag-desinfectante","10":"product_tag-fungicida","11":"product_tag-virucida","13":"first","14":"instock","15":"shipping-taxable","16":"purchasable","17":"product-type-variable"},"aioseo_notices":[],"_links":{"self":[{"href":"https:\/\/proquident.com.co\/linea-profesional\/wp-json\/wp\/v2\/product\/746","targetHints":{"allow":["GET"]}}],"collection":[{"href":"https:\/\/proquident.com.co\/linea-profesional\/wp-json\/wp\/v2\/product"}],"about":[{"href":"https:\/\/proquident.com.co\/linea-profesional\/wp-json\/wp\/v2\/types\/product"}],"replies":[{"embeddable":true,"href":"https:\/\/proquident.com.co\/linea-profesional\/wp-json\/wp\/v2\/comments?post=746"}],"wp:featuredmedia":[{"embeddable":true,"href":"https:\/\/proquident.com.co\/linea-profesional\/wp-json\/wp\/v2\/media\/1111"}],"wp:attachment":[{"href":"https:\/\/proquident.com.co\/linea-profesional\/wp-json\/wp\/v2\/media?parent=746"}],"wp:term":[{"taxonomy":"product_cat","embeddable":true,"href":"https:\/\/proquident.com.co\/linea-profesional\/wp-json\/wp\/v2\/product_cat?post=746"},{"taxonomy":"product_tag","embeddable":true,"href":"https:\/\/proquident.com.co\/linea-profesional\/wp-json\/wp\/v2\/product_tag?post=746"}],"curies":[{"name":"wp","href":"https:\/\/api.w.org\/{rel}","templated":true}]}}