{"id":744,"date":"2023-01-05T01:53:12","date_gmt":"2023-01-05T06:53:12","guid":{"rendered":"https:\/\/proquident.com.co\/linea-profesional\/?post_type=product&#038;p=744"},"modified":"2026-02-05T17:12:00","modified_gmt":"2026-02-05T22:12:00","slug":"eugenol","status":"publish","type":"product","link":"https:\/\/proquident.com.co\/linea-profesional\/producto\/eugenol\/","title":{"rendered":"Eugenol USP"},"content":{"rendered":"<h3>Usos<\/h3>\n<p>Utilizar una proporci\u00f3n de Polvo:L\u00edquido 3 o 4:1. Colocar sobre la loseta el \u00d3xido de Zinc y mojarlo lentamente con Eugenol, espatular en forma vigorosa hasta obtener una pasta moldeable y compacta.<\/p>\n<h3>Precauciones<\/h3>\n<p>Cuando se realizan obturaciones directas con resinas o acr\u00edlicos, est\u00e1 contraindicado el Eugenol o los cementos a base de Eugenol, pues este interfiere en el proceso de polimerizaci\u00f3n de la resina.<\/p>\n<h3>CONDICIONES DE ALMACENAMIENTO<\/h3>\n<ul>\n<li>Se recomienda mantener siempre los productos en su envase original; los envases deben permanecer limpios y bien cerrados cuando no los est\u00e1 usando para preservar las caracter\u00edsticas propias del producto. Procure mantener en sitios aireados, frescos y secos.<\/li>\n<li>Evite exponer el producto a condiciones ambientales adversas, tales como: temperatura mayor de 30\u00b0C, exceso de luz, calor o humedad, por per\u00edodos largos, ya que pueden alterar y hacer que se pierdan las caracter\u00edsticas funcionales del producto.<\/li>\n<\/ul>\n<ul>\n<li>Los productos son fabricados teniendo como base una formulaci\u00f3n (mezcla de ingredientes en proporciones exactas), por lo anterior no se debe agregar saliva, agua, vitaminas ni ning\u00fan otro ingrediente que altere la composici\u00f3n del producto.<\/li>\n<\/ul>\n","protected":false},"excerpt":{"rendered":"<p><strong>Usos:<\/strong> En preparaci\u00f3n de cementos con \u00d3xido de Zinc Proquident y de cemento de endodoncia con Cemento Grossman Proquident.<\/p>\n<p><strong>Contraindicaciones:<\/strong> Cuando se realizan obturaciones directas con resina o acr\u00edlicos, est\u00e1 contraindicado el Eugenol o los cementos a base de Eugenol, pues este interfiere el proceso de polimerizaci\u00f3n de la resina.<\/p>\n<p><strong>Mant\u00e9ngase fuera del alcance de los ni\u00f1os.<\/strong><\/p>\n<h3>Presentaci\u00f3n<\/h3>\n<p>15 ml<\/p>\n<p>&nbsp;<\/p>\n[fl_builder_insert_layout id=1163]\n<p>[su_button url=\"https:\/\/proquident.com.co\/DocumentosProductos\/Eugenol\/GC-FT-11EUGENOL%20USP%20PROQUIDENT_v7.pdf?_t=1764105522\" target=\"_blank\" style=\"flat\u201d icon=\"icon: angle-double-down\u201d]Ficha t\u00e9cnica[\/su_button] [su_button url=\"https:\/\/proquident.com.co\/DocumentosProductos\/Eugenol\/Registro_Sanitario-Eugenol.pdf?_t=1745880260\" target=\"_blank\" style=\"flat\u201d icon=\"icon: angle-double-down\u201d]Registro sanitario[\/su_button]<\/p>\n<p><strong>Para Informaci\u00f3n adicional sobre este producto cont\u00e1ctenos a trav\u00e9s de <i class=\"fas fa-envelope\"><\/i><a href=\"mailto:contacto@proquident.com.co\" target=\"_blank\" rel=\"noopener\">\u00a0contacto@proquident.com.co<\/a><\/strong><\/p>\n","protected":false},"featured_media":893,"comment_status":"open","ping_status":"closed","template":"","meta":{"om_disable_all_campaigns":false,"inline_featured_image":false,"_monsterinsights_skip_tracking":false,"_monsterinsights_sitenote_active":false,"_monsterinsights_sitenote_note":"","_monsterinsights_sitenote_category":0,"_uf_show_specific_survey":0,"_uf_disable_surveys":false},"product_cat":[15,182],"product_tag":[152],"class_list":{"0":"post-744","1":"product","2":"type-product","3":"status-publish","4":"has-post-thumbnail","6":"product_cat-linea-odontologica","7":"product_cat-dispositivos-medicos","8":"product_tag-eugenolato","10":"first","11":"instock","12":"shipping-taxable","13":"purchasable","14":"product-type-simple"},"aioseo_notices":[],"_links":{"self":[{"href":"https:\/\/proquident.com.co\/linea-profesional\/wp-json\/wp\/v2\/product\/744","targetHints":{"allow":["GET"]}}],"collection":[{"href":"https:\/\/proquident.com.co\/linea-profesional\/wp-json\/wp\/v2\/product"}],"about":[{"href":"https:\/\/proquident.com.co\/linea-profesional\/wp-json\/wp\/v2\/types\/product"}],"replies":[{"embeddable":true,"href":"https:\/\/proquident.com.co\/linea-profesional\/wp-json\/wp\/v2\/comments?post=744"}],"wp:featuredmedia":[{"embeddable":true,"href":"https:\/\/proquident.com.co\/linea-profesional\/wp-json\/wp\/v2\/media\/893"}],"wp:attachment":[{"href":"https:\/\/proquident.com.co\/linea-profesional\/wp-json\/wp\/v2\/media?parent=744"}],"wp:term":[{"taxonomy":"product_cat","embeddable":true,"href":"https:\/\/proquident.com.co\/linea-profesional\/wp-json\/wp\/v2\/product_cat?post=744"},{"taxonomy":"product_tag","embeddable":true,"href":"https:\/\/proquident.com.co\/linea-profesional\/wp-json\/wp\/v2\/product_tag?post=744"}],"curies":[{"name":"wp","href":"https:\/\/api.w.org\/{rel}","templated":true}]}}