{"id":735,"date":"2023-01-05T01:36:35","date_gmt":"2023-01-05T06:36:35","guid":{"rendered":"https:\/\/proquident.com.co\/linea-profesional\/?post_type=product&#038;p=735"},"modified":"2026-02-05T17:19:18","modified_gmt":"2026-02-05T22:19:18","slug":"agua-desionizada","status":"publish","type":"product","link":"https:\/\/proquident.com.co\/linea-profesional\/producto\/agua-desionizada\/","title":{"rendered":"Agua desionizada"},"content":{"rendered":"<h3>Usos<\/h3>\n<p>Para autoclaves, llenar la c\u00e1mara o el tanque de reserva seg\u00fan indicaci\u00f3n del fabricante, verificar que la v\u00e1lvula de llenado quede cerrada y continuar con el proceso de esterilizaci\u00f3n. Para los dem\u00e1s procesos, siga las recomendaciones del fabricante del equipo o sus procedimientos internos establecidos.<\/p>\n<p>Para autoclaves y lavadoras de instrumental<\/p>\n<ul>\n<li>Estabilizada<\/li>\n<li>Activo contra bacterias, hongos y virus<\/li>\n<li>No apto para consumo humano o animal<\/li>\n<\/ul>\n<h3>Presentaci\u00f3n<\/h3>\n<p>300 ml<\/p>\n<p><strong>Para informaci\u00f3n adicional sobre este producto cont\u00e1ctenos a trav\u00e9s de <i class=\"fas fa-envelope\"><\/i><a href=\"mailto:contacto@proquident.com.co\" target=\"_blank\" rel=\"noopener\">\u00a0contacto@proquident.com.co<\/a><\/strong><\/p>\n","protected":false},"excerpt":{"rendered":"<p>El agua desionizada es usada para autoclaves en procesos de esterilizaci\u00f3n de instrumental quir\u00fargico o de laboratorio, por medio de calor h\u00famedo.<\/p>\n<p>[su_button url=\"https:\/\/proquident.com.co\/DocumentosProductos\/Agua%20desionizada\/GC-FT-518AGUA%20DESIONIZADA%20PROQUIDENT_v6.pdf?_t=1761093354\" target=\"_blank\" style=\"flat\u201d icon=\"icon: angle-double-down\u201d]Ficha t\u00e9cnica[\/su_button] [su_button url=\"https:\/\/proquident.com.co\/DocumentosProductos\/Agua%20desionizada\/%28C.NO.R.%202017018127%29%20Agua%20desionizada.pdf?_t=1760762415\" target=\"_blank\" style=\"flat\u201d icon=\"icon: angle-double-down\u201d]Registro sanitario[\/su_button]<\/p>\n","protected":false},"featured_media":770,"comment_status":"open","ping_status":"closed","template":"","meta":{"om_disable_all_campaigns":false,"inline_featured_image":false,"_monsterinsights_skip_tracking":false,"_monsterinsights_sitenote_active":false,"_monsterinsights_sitenote_note":"","_monsterinsights_sitenote_category":0,"_uf_show_specific_survey":0,"_uf_disable_surveys":false},"product_cat":[30],"product_tag":[148],"class_list":{"0":"post-735","1":"product","2":"type-product","3":"status-publish","4":"has-post-thumbnail","6":"product_cat-bioseguridad","7":"product_tag-agua-desionizada","9":"first","10":"instock","11":"shipping-taxable","12":"purchasable","13":"product-type-variable"},"aioseo_notices":[],"_links":{"self":[{"href":"https:\/\/proquident.com.co\/linea-profesional\/wp-json\/wp\/v2\/product\/735","targetHints":{"allow":["GET"]}}],"collection":[{"href":"https:\/\/proquident.com.co\/linea-profesional\/wp-json\/wp\/v2\/product"}],"about":[{"href":"https:\/\/proquident.com.co\/linea-profesional\/wp-json\/wp\/v2\/types\/product"}],"replies":[{"embeddable":true,"href":"https:\/\/proquident.com.co\/linea-profesional\/wp-json\/wp\/v2\/comments?post=735"}],"wp:featuredmedia":[{"embeddable":true,"href":"https:\/\/proquident.com.co\/linea-profesional\/wp-json\/wp\/v2\/media\/770"}],"wp:attachment":[{"href":"https:\/\/proquident.com.co\/linea-profesional\/wp-json\/wp\/v2\/media?parent=735"}],"wp:term":[{"taxonomy":"product_cat","embeddable":true,"href":"https:\/\/proquident.com.co\/linea-profesional\/wp-json\/wp\/v2\/product_cat?post=735"},{"taxonomy":"product_tag","embeddable":true,"href":"https:\/\/proquident.com.co\/linea-profesional\/wp-json\/wp\/v2\/product_tag?post=735"}],"curies":[{"name":"wp","href":"https:\/\/api.w.org\/{rel}","templated":true}]}}