{"id":726,"date":"2023-01-05T01:16:25","date_gmt":"2023-01-05T06:16:25","guid":{"rendered":"https:\/\/proquident.com.co\/linea-profesional\/?post_type=product&#038;p=726"},"modified":"2026-04-22T17:01:06","modified_gmt":"2026-04-22T22:01:06","slug":"zonident","status":"publish","type":"product","link":"https:\/\/proquident.com.co\/linea-profesional\/producto\/zonident\/","title":{"rendered":"Zonident 5%"},"content":{"rendered":"<h3>Usos<\/h3>\n<p>Antis\u00e9ptico durante la instrumentaci\u00f3n en el conducto radicular y<br \/>\nauxiliar en barrido mec\u00e1nico del material org\u00e1nico presente en el<br \/>\nconducto.<\/p>\n<p>Desinfecta por liberaci\u00f3n de Cloro.<\/p>\n<p>Aplicar con jeringa hipod\u00e9rmica, empleando aguja N\u00ba 22, 23 o 24<br \/>\nsin bisel.<\/p>\n<p>&nbsp;<\/p>\n<h3>Precauciones<\/h3>\n<ul>\n<li>No aplicar en \u00e1reas infectadas sobre tejidos blandos.<br \/>\nHipersensibilidad al Hipoclorito de Sodio.<\/li>\n<li>Es levemente irritante.<br \/>\nEn caso de contacto con los ojos, lavar con abundante agua y<br \/>\nconsultar al m\u00e9dico.<\/li>\n<li>Evitar el contacto con prendas de vestir.<\/li>\n<li>Mantener fuera del alcance de los ni\u00f1os y mascotas.<\/li>\n<li>Evitar el contacto directo con las mucosas, mantener bien tapado<br \/>\nen un lugar fresco y menor de 30\u00b0C, protegido de la luz directa.<br \/>\nNo se debe ingerir.<\/li>\n<\/ul>\n<p>&nbsp;<\/p>\n<h3>Condiciones de almacenamiento<\/h3>\n<ul>\n<li>Se recomienda mantener siempre los productos en su envase<br \/>\noriginal; los envases deben permanecer limpios y bien cerrados<br \/>\ncuando no los est\u00e1 usando para preservar las caracter\u00edsticas<br \/>\npropias del producto.<\/li>\n<li>Procure mantener los productos en sitios aireados, frescos y secos.<br \/>\nEvite exponer el producto a condiciones ambientales adversas,<br \/>\ntales como: temperatura mayor de 30\u00b0C, exceso de luz, calor o<br \/>\nhumedad, por per\u00edodos largos, ya que pueden alterar y hacer que<br \/>\nse pierdan las caracter\u00edsticas funcionales del producto.<\/li>\n<\/ul>\n","protected":false},"excerpt":{"rendered":"<p>Antis\u00e9ptico durante la instrumentaci\u00f3n en el conducto radicular y auxiliar en barrido mec\u00e1nico del material org\u00e1nico presente en el conducto. Desinfecta por liberaci\u00f3n de cloro. Concentraci\u00f3n <strong>5%.<\/strong><\/p>\n<h3>Presentaciones<\/h3>\n<p>Envase pl\u00e1stico por 120 ml \/ 1000 ml \/ 3,8L<\/p>\n<p><strong>INVIMA<\/strong><\/p>\n<p>2025DM-0030365.<\/p>\n[fl_builder_insert_layout id=1191]\n<p>[su_button url=\"https:\/\/proquident.com.co\/DocumentosProductos\/Zonident\/CNC%20GC-FT-29%20ZONIDENT%20PROQUIDENT%20v.8.pdf?_t=1776894844\" target=\"_blank\" style=\"flat\u201d icon=\"icon: angle-double-down\u201d]Ficha t\u00e9cnica[\/su_button] [su_button url=\"https:\/\/proquident.com.co\/DocumentosProductos\/Zonident\/Registro%20Sanitario%20Zonident.pdf?_t=1745879956\" target=\"_blank\" style=\"flat\u201d icon=\"icon: angle-double-down\u201d]Registro sanitario[\/su_button]<\/p>\n","protected":false},"featured_media":1107,"comment_status":"open","ping_status":"closed","template":"","meta":{"om_disable_all_campaigns":false,"inline_featured_image":false,"_monsterinsights_skip_tracking":false,"_monsterinsights_sitenote_active":false,"_monsterinsights_sitenote_note":"","_monsterinsights_sitenote_category":0,"_uf_show_specific_survey":0,"_uf_disable_surveys":false},"product_cat":[15,182],"product_tag":[144,143,145,142],"class_list":{"0":"post-726","1":"product","2":"type-product","3":"status-publish","4":"has-post-thumbnail","6":"product_cat-linea-odontologica","7":"product_cat-dispositivos-medicos","8":"product_tag-bactericida","9":"product_tag-hipoclorito-de-sodio","10":"product_tag-solvente-organico","11":"product_tag-zonident","13":"first","14":"instock","15":"shipping-taxable","16":"purchasable","17":"product-type-variable"},"aioseo_notices":[],"_links":{"self":[{"href":"https:\/\/proquident.com.co\/linea-profesional\/wp-json\/wp\/v2\/product\/726","targetHints":{"allow":["GET"]}}],"collection":[{"href":"https:\/\/proquident.com.co\/linea-profesional\/wp-json\/wp\/v2\/product"}],"about":[{"href":"https:\/\/proquident.com.co\/linea-profesional\/wp-json\/wp\/v2\/types\/product"}],"replies":[{"embeddable":true,"href":"https:\/\/proquident.com.co\/linea-profesional\/wp-json\/wp\/v2\/comments?post=726"}],"wp:featuredmedia":[{"embeddable":true,"href":"https:\/\/proquident.com.co\/linea-profesional\/wp-json\/wp\/v2\/media\/1107"}],"wp:attachment":[{"href":"https:\/\/proquident.com.co\/linea-profesional\/wp-json\/wp\/v2\/media?parent=726"}],"wp:term":[{"taxonomy":"product_cat","embeddable":true,"href":"https:\/\/proquident.com.co\/linea-profesional\/wp-json\/wp\/v2\/product_cat?post=726"},{"taxonomy":"product_tag","embeddable":true,"href":"https:\/\/proquident.com.co\/linea-profesional\/wp-json\/wp\/v2\/product_tag?post=726"}],"curies":[{"name":"wp","href":"https:\/\/api.w.org\/{rel}","templated":true}]}}