{"id":710,"date":"2023-01-04T22:54:45","date_gmt":"2023-01-05T03:54:45","guid":{"rendered":"https:\/\/proquident.com.co\/linea-profesional\/?post_type=product&#038;p=710"},"modified":"2026-04-22T17:01:42","modified_gmt":"2026-04-22T22:01:42","slug":"hilo-retractor","status":"publish","type":"product","link":"https:\/\/proquident.com.co\/linea-profesional\/producto\/hilo-retractor\/","title":{"rendered":"Hilo retractor"},"content":{"rendered":"<p>Hilo con torsi\u00f3n de color blanco, contiene sulfato de aluminio al 18.4%, es inodoro e insaboro. Adem\u00e1s, est\u00e1 libre de vasoconstrictores.<\/p>\n<h3>Usos<\/h3>\n<p>Este producto se utiliza en el surco gingival para desplazar moment\u00e1neamente los tejidos al tomar impresiones o cuando se requiere \u00e1rea seca. La presi\u00f3n ejercida por el hilo y la acci\u00f3n del astringente ocasionan una \u00f3ptima retracci\u00f3n, disminuyendo o inhibiendo -en forma temporal- el exudado (salida de l\u00edquidos) en el surco gingival.<\/p>\n<h3>Presentaci\u00f3n<\/h3>\n<p>2 metros<\/p>\n<p><strong>Para Informaci\u00f3n adicional sobre este producto cont\u00e1ctenos a trav\u00e9s de <i class=\"fas fa-envelope\"><\/i><a href=\"mailto:contacto@proquident.com.co\" target=\"_blank\" rel=\"noopener\">\u00a0contacto@proquident.com.co<\/a><\/strong><\/p>\n","protected":false},"excerpt":{"rendered":"<p>Hilo con torsi\u00f3n de color blanco, contiene sulfato de aluminio al 18.4%.<\/p>\n<ul>\n<li>Inodoro<\/li>\n<li>Insaboro<\/li>\n<li>Libre de vasoconstrictores<\/li>\n<\/ul>\n[fl_builder_insert_layout id=1172]\n<p>[su_button url=\"https:\/\/proquident.com.co\/DocumentosProductos\/Hilo%20retractor\/CNC%20GC-FT-30%20HILO%20RETRACTOR%20PROQUIDENT%20v.10.pdf?_t=1776895026\" target=\"_blank\" style=\"flat\u201d icon=\"icon: angle-double-down\u201d]Ficha t\u00e9cnica[\/su_button] [su_button url=\"https:\/\/proquident.com.co\/DocumentosProductos\/Hilo%20retractor\/INVIMA%202024DM-0011661%20%E2%80%93%20R1%20Hilo%20retractor.pdf?_t=1761089492\" target=\"_blank\" style=\"flat\u201d icon=\"icon: angle-double-down\u201d]Registro sanitario[\/su_button]<\/p>\n","protected":false},"featured_media":790,"comment_status":"open","ping_status":"closed","template":"","meta":{"om_disable_all_campaigns":false,"inline_featured_image":false,"_monsterinsights_skip_tracking":false,"_monsterinsights_sitenote_active":false,"_monsterinsights_sitenote_note":"","_monsterinsights_sitenote_category":0,"_uf_show_specific_survey":0,"_uf_disable_surveys":false},"product_cat":[15],"product_tag":[128],"class_list":{"0":"post-710","1":"product","2":"type-product","3":"status-publish","4":"has-post-thumbnail","6":"product_cat-linea-odontologica","7":"product_tag-hilo-retractor","9":"first","10":"instock","11":"shipping-taxable","12":"purchasable","13":"product-type-simple"},"aioseo_notices":[],"_links":{"self":[{"href":"https:\/\/proquident.com.co\/linea-profesional\/wp-json\/wp\/v2\/product\/710","targetHints":{"allow":["GET"]}}],"collection":[{"href":"https:\/\/proquident.com.co\/linea-profesional\/wp-json\/wp\/v2\/product"}],"about":[{"href":"https:\/\/proquident.com.co\/linea-profesional\/wp-json\/wp\/v2\/types\/product"}],"replies":[{"embeddable":true,"href":"https:\/\/proquident.com.co\/linea-profesional\/wp-json\/wp\/v2\/comments?post=710"}],"wp:featuredmedia":[{"embeddable":true,"href":"https:\/\/proquident.com.co\/linea-profesional\/wp-json\/wp\/v2\/media\/790"}],"wp:attachment":[{"href":"https:\/\/proquident.com.co\/linea-profesional\/wp-json\/wp\/v2\/media?parent=710"}],"wp:term":[{"taxonomy":"product_cat","embeddable":true,"href":"https:\/\/proquident.com.co\/linea-profesional\/wp-json\/wp\/v2\/product_cat?post=710"},{"taxonomy":"product_tag","embeddable":true,"href":"https:\/\/proquident.com.co\/linea-profesional\/wp-json\/wp\/v2\/product_tag?post=710"}],"curies":[{"name":"wp","href":"https:\/\/api.w.org\/{rel}","templated":true}]}}