{"id":682,"date":"2023-01-04T21:57:51","date_gmt":"2023-01-05T02:57:51","guid":{"rendered":"https:\/\/proquident.com.co\/linea-profesional\/?post_type=product&#038;p=682"},"modified":"2026-02-05T17:08:43","modified_gmt":"2026-02-05T22:08:43","slug":"glutacides","status":"publish","type":"product","link":"https:\/\/proquident.com.co\/linea-profesional\/producto\/glutacides\/","title":{"rendered":"Glutacides Plus+"},"content":{"rendered":"<h3>Modo de uso<\/h3>\n<ol>\n<li>Agregar la soluci\u00f3n activadora al envase y agitar. Anotar en el espacio se\u00f1alado en la etiqueta, la fecha de expiraci\u00f3n (la mezcla se mantiene activa durante 30 d\u00edas).<\/li>\n<li>Lavar muy bien el instrumental a desinfectar o esterilizar y adicionar la cantidad requerida de Glutacides Proquident en la cubeta, de tal forma que lo cubra totalmente.<\/li>\n<li>Dejar el instrumental en inmersi\u00f3n 20 minutos. Enjuagar luego con agua destilada o con agua que haya sido sometida a ebullici\u00f3n por 10 minutos.<\/li>\n<\/ol>\n<p>&nbsp;<\/p>\n","protected":false},"excerpt":{"rendered":"<p>Desinfectante de alto nivel. Alta desinfecci\u00f3n en 20 minutos.<\/p>\n<p>(Glutaraldeh\u00eddo al 2%)<\/p>\n<ul>\n<li>30 d\u00edas activado.<\/li>\n<li>Alta desinfecci\u00f3n en 20 minutos.<\/li>\n<li>Desinfecci\u00f3n instrumental.<\/li>\n<li>Biodegradable.<\/li>\n<li>Aroma a lim\u00f3n.<\/li>\n<\/ul>\n<h3>Presentaciones<\/h3>\n<p>1000 ml, 3.8 L<\/p>\n<p>&nbsp;<\/p>\n[fl_builder_insert_layout id=1166]\n<p>[su_button url=\"https:\/\/proquident.com.co\/DocumentosProductos\/Glutacides%20Plus%2B\/GC-FT-13GLUTACIDES%20PLUS%2B_v9.pdf?_t=1764105466\" target=\"_blank\" style=\"flat\u201d icon=\"icon: angle-double-down\u201d]Ficha t\u00e9cnica[\/su_button] [su_button url=\"https:\/\/proquident.com.co\/DocumentosProductos\/Glutacides%20Plus%2B\/INVIMA%202022DM-0025752%20Glutacides%20Plus%2B.pdf?_t=1753389440\" target=\"_blank\" style=\"flat\u201d icon=\"icon: angle-double-down\u201d]Registro sanitario[\/su_button]<\/p>\n<p><strong>Para Informaci\u00f3n adicional sobre este producto cont\u00e1ctenos a trav\u00e9s de <i class=\"fas fa-envelope\"><\/i><a href=\"mailto:contacto@proquident.com.co\" target=\"_blank\" rel=\"noopener\">\u00a0contacto@proquident.com.co<\/a><\/strong><\/p>\n","protected":false},"featured_media":1129,"comment_status":"open","ping_status":"closed","template":"","meta":{"om_disable_all_campaigns":false,"inline_featured_image":false,"_monsterinsights_skip_tracking":false,"_monsterinsights_sitenote_active":false,"_monsterinsights_sitenote_note":"","_monsterinsights_sitenote_category":0,"_uf_show_specific_survey":0,"_uf_disable_surveys":false},"product_cat":[30,182],"product_tag":[115,113,114],"class_list":{"0":"post-682","1":"product","2":"type-product","3":"status-publish","4":"has-post-thumbnail","6":"product_cat-bioseguridad","7":"product_cat-dispositivos-medicos","8":"product_tag-desinfectante","9":"product_tag-glutacides","10":"product_tag-glutaraldehido","12":"first","13":"instock","14":"shipping-taxable","15":"purchasable","16":"product-type-variable"},"aioseo_notices":[],"_links":{"self":[{"href":"https:\/\/proquident.com.co\/linea-profesional\/wp-json\/wp\/v2\/product\/682","targetHints":{"allow":["GET"]}}],"collection":[{"href":"https:\/\/proquident.com.co\/linea-profesional\/wp-json\/wp\/v2\/product"}],"about":[{"href":"https:\/\/proquident.com.co\/linea-profesional\/wp-json\/wp\/v2\/types\/product"}],"replies":[{"embeddable":true,"href":"https:\/\/proquident.com.co\/linea-profesional\/wp-json\/wp\/v2\/comments?post=682"}],"wp:featuredmedia":[{"embeddable":true,"href":"https:\/\/proquident.com.co\/linea-profesional\/wp-json\/wp\/v2\/media\/1129"}],"wp:attachment":[{"href":"https:\/\/proquident.com.co\/linea-profesional\/wp-json\/wp\/v2\/media?parent=682"}],"wp:term":[{"taxonomy":"product_cat","embeddable":true,"href":"https:\/\/proquident.com.co\/linea-profesional\/wp-json\/wp\/v2\/product_cat?post=682"},{"taxonomy":"product_tag","embeddable":true,"href":"https:\/\/proquident.com.co\/linea-profesional\/wp-json\/wp\/v2\/product_tag?post=682"}],"curies":[{"name":"wp","href":"https:\/\/api.w.org\/{rel}","templated":true}]}}