{"id":675,"date":"2023-01-04T21:51:43","date_gmt":"2023-01-05T02:51:43","guid":{"rendered":"https:\/\/proquident.com.co\/linea-profesional\/?post_type=product&#038;p=675"},"modified":"2026-02-10T13:14:59","modified_gmt":"2026-02-10T18:14:59","slug":"proquizyme-plus","status":"publish","type":"product","link":"https:\/\/proquident.com.co\/linea-profesional\/producto\/proquizyme-plus\/","title":{"rendered":"Proquizyme Plus desinfectante de superficies"},"content":{"rendered":"<h3>Modo de uso<\/h3>\n<ol>\n<li>Aplica directamente en la superficie que deseas desinfectar<\/li>\n<li>Deja actuar por un minuto<\/li>\n<li>Retira con un pa\u00f1o desechable limpio y seco. No requiere enjuague previo ni lavado posterior.<\/li>\n<\/ol>\n<p>Desinfecci\u00f3n de dispositivos m\u00e9dicos. Puede ser utilizado para para la desinfecci\u00f3n de unidades odontol\u00f3gicas, camillas ubicadas en hospitales e instituciones m\u00e9dicas u odontol\u00f3gicas.<\/p>\n","protected":false},"excerpt":{"rendered":"<p>F\u00f3rmula compuesta por amonios de quinta generaci\u00f3n (Cloruro de Alquil Dimetil Bencil Amonio y Cloruro de Di-(Octil\/Decil)Dimetil Amonio) combinado con un activo neutralizador de olores.<\/p>\n<ul>\n<li>Acci\u00f3n bactericida, fungicida y virucida.<\/li>\n<li>Eficacia comprobada contra Salmonella Typhimurium, Staphylococcus aureus, Pseudomonas aeruginosa, Bacillus subtilis.<\/li>\n<li>Mientras desinfecta neutraliza olores.<\/li>\n<li>R\u00e1pido secado. No necesita enjuague.<\/li>\n<li>No t\u00f3xico.<\/li>\n<\/ul>\n<h3>Presentaciones<\/h3>\n<p>240 ml, 500 ml, 3.8 L<\/p>\n<p>&nbsp;<\/p>\n<p><strong>Para Informaci\u00f3n adicional sobre este producto cont\u00e1ctenos a trav\u00e9s de <i class=\"fas fa-envelope\"><\/i><a href=\"mailto:contacto@proquident.com.co\" target=\"_blank\" rel=\"noopener\">\u00a0contacto@proquident.com.co<\/a><\/strong><\/p>\n[fl_builder_insert_layout id=1159]\n<p>[su_button url=\"https:\/\/proquident.com.co\/DocumentosProductos\/Proquizyme%20Plus%20desinfectante%20de%20superficie%20y%20dispositivos%20m%C3%A9dicos\/GC-FT-535_10.pdf?_t=1770747187\" target=\"_blank\" style=\"flat\u201d icon=\"icon: angle-double-down\u201d]Ficha t\u00e9cnica[\/su_button] [su_button url=\"https:\/\/proquident.com.co\/DocumentosProductos\/Proquizyme%20Plus%20desinfectante%20de%20superficie%20y%20dispositivos%20m%C3%A9dicos\/INVIMA%202025DM-0013578-R1%20Proquizyme%20Plus%20desinfectante%20de%20superficies.pdf?_t=1753298689\" target=\"_blank\" style=\"flat\u201d icon=\"icon: angle-double-down\u201d]Registro sanitario[\/su_button] [su_button url=\"https:\/\/proquident.com.co\/DocumentosProductos\/Proquizyme%20Plus%20desinfectante%20de%20superficie%20y%20dispositivos%20m%C3%A9dicos\/CM-HS-95HOJADESEGURIDADDESINFECTANTEDEDISPOSITIVOSMEDICOSPROQUIZYME_v3.pdf?_t=1730226659\" target=\"_blank\" style=\"flat\u201d icon=\"icon: angle-double-down\u201d]Hoja de seguridad[\/su_button]<\/p>\n","protected":false},"featured_media":1108,"comment_status":"open","ping_status":"closed","template":"","meta":{"om_disable_all_campaigns":false,"inline_featured_image":false,"_monsterinsights_skip_tracking":false,"_monsterinsights_sitenote_active":false,"_monsterinsights_sitenote_note":"","_monsterinsights_sitenote_category":0,"_uf_show_specific_survey":0,"_uf_disable_surveys":false},"product_cat":[30,182],"product_tag":[183],"class_list":{"0":"post-675","1":"product","2":"type-product","3":"status-publish","4":"has-post-thumbnail","6":"product_cat-bioseguridad","7":"product_cat-dispositivos-medicos","8":"product_tag-desinfectante-de-superficies","10":"first","11":"instock","12":"shipping-taxable","13":"purchasable","14":"product-type-variable"},"aioseo_notices":[],"_links":{"self":[{"href":"https:\/\/proquident.com.co\/linea-profesional\/wp-json\/wp\/v2\/product\/675","targetHints":{"allow":["GET"]}}],"collection":[{"href":"https:\/\/proquident.com.co\/linea-profesional\/wp-json\/wp\/v2\/product"}],"about":[{"href":"https:\/\/proquident.com.co\/linea-profesional\/wp-json\/wp\/v2\/types\/product"}],"replies":[{"embeddable":true,"href":"https:\/\/proquident.com.co\/linea-profesional\/wp-json\/wp\/v2\/comments?post=675"}],"wp:featuredmedia":[{"embeddable":true,"href":"https:\/\/proquident.com.co\/linea-profesional\/wp-json\/wp\/v2\/media\/1108"}],"wp:attachment":[{"href":"https:\/\/proquident.com.co\/linea-profesional\/wp-json\/wp\/v2\/media?parent=675"}],"wp:term":[{"taxonomy":"product_cat","embeddable":true,"href":"https:\/\/proquident.com.co\/linea-profesional\/wp-json\/wp\/v2\/product_cat?post=675"},{"taxonomy":"product_tag","embeddable":true,"href":"https:\/\/proquident.com.co\/linea-profesional\/wp-json\/wp\/v2\/product_tag?post=675"}],"curies":[{"name":"wp","href":"https:\/\/api.w.org\/{rel}","templated":true}]}}