{"id":636,"date":"2023-01-04T14:18:52","date_gmt":"2023-01-04T19:18:52","guid":{"rendered":"https:\/\/proquident.com.co\/linea-profesional\/?post_type=product&#038;p=636"},"modified":"2026-03-30T15:44:47","modified_gmt":"2026-03-30T20:44:47","slug":"pasta-profilactica","status":"publish","type":"product","link":"https:\/\/proquident.com.co\/linea-profesional\/producto\/pasta-profilactica\/","title":{"rendered":"Pasta profil\u00e1ctica"},"content":{"rendered":"<p>F\u00f3rmula cremosa y especializada que permite tener un control ideal de abrasividad y protecci\u00f3n del esmalte; facilitando la remoci\u00f3n de manchas externas y la limpieza (profilaxis dental).<\/p>\n<p>Este producto, de color verde azul, contiene fl\u00faor (1.23%) para la remineralizaci\u00f3n del esmalte dental, citrato de potasio (3.0%) para contrarrestar la sensibilidad dental.<\/p>\n<p>El envase colapsible simplifica la aplicaci\u00f3n y el sabor a menta genera una experiencia positiva en el paciente. La pasta tambi\u00e9n es de f\u00e1cil remoci\u00f3n y enjuague.<\/p>\n<h3>Usos<\/h3>\n<p>El uso de esta pasta es estrictamente profesional. Recomendamos seguir los sientes pasos:<\/p>\n<ul>\n<li>Adiciona la pasta para profilaxis en un dappen u otro recipiente adecuado. -Inicia la aplicaci\u00f3n utilizando velocidades bajas o moderadas (usa copa de caucho o cepillo para profilaxis).<\/li>\n<li>Deposita el producto para pulir en cada superficie dental e inicia con el proceso de eliminaci\u00f3n de manchas.<\/li>\n<\/ul>\n<p>Contiene piedra p\u00f3mez.<\/p>\n<h3>Contraindicaciones<\/h3>\n<p>Personas con cuellos sensibles.<\/p>\n<h3>Presentaci\u00f3n<\/h3>\n<p>60 g.<\/p>\n<p>&nbsp;<\/p>\n<p><strong>Para Informaci\u00f3n adicional sobre este producto cont\u00e1ctenos a trav\u00e9s de <i class=\"fas fa-envelope\"><\/i><a href=\"mailto:contacto@proquident.com.co\" target=\"_blank\" rel=\"noopener\">\u00a0contacto@proquident.com.co<\/a><\/strong><\/p>\n","protected":false},"excerpt":{"rendered":"<p>F\u00f3rmula cremosa y especializada que permite tener un control ideal de abrasividad y protecci\u00f3n del esmalte dental. Remueve las manchas externas .<\/p>\n<ul>\n<li>Sabor a menta<\/li>\n<\/ul>\n<p>[su_button url=\"https:\/\/proquident.com.co\/DocumentosProductos\/Pasta%20Profila%CC%81ctica\/GC-FT-486%20PASTA%20PARA%20PROFILAXIS%20PROQUIDENT_v6.pdf?_t=1774903366\" target=\"_blank\" style=\"flat\u201d icon=\"icon: angle-double-down\u201d]Ficha t\u00e9cnica[\/su_button] [su_button url=\"https:\/\/proquident.com.co\/DocumentosProductos\/Pasta%20Profila%CC%81ctica\/INVIMA%202025DM-0031153%20PASTA%20PARA%20PROFILAXIS.pdf?_t=1761089716\" target=\"_blank\" style=\"flat\u201d icon=\"icon: angle-double-down\u201d]Registro sanitario[\/su_button]<\/p>\n","protected":false},"featured_media":642,"comment_status":"open","ping_status":"closed","template":"","meta":{"om_disable_all_campaigns":false,"inline_featured_image":false,"_monsterinsights_skip_tracking":false,"_monsterinsights_sitenote_active":false,"_monsterinsights_sitenote_note":"","_monsterinsights_sitenote_category":0,"_uf_show_specific_survey":0,"_uf_disable_surveys":false},"product_cat":[15],"product_tag":[78,77],"class_list":{"0":"post-636","1":"product","2":"type-product","3":"status-publish","4":"has-post-thumbnail","6":"product_cat-linea-odontologica","7":"product_tag-profilaxis-dental","8":"product_tag-remocion-de-manchas","10":"first","11":"instock","12":"shipping-taxable","13":"product-type-simple"},"aioseo_notices":[],"_links":{"self":[{"href":"https:\/\/proquident.com.co\/linea-profesional\/wp-json\/wp\/v2\/product\/636","targetHints":{"allow":["GET"]}}],"collection":[{"href":"https:\/\/proquident.com.co\/linea-profesional\/wp-json\/wp\/v2\/product"}],"about":[{"href":"https:\/\/proquident.com.co\/linea-profesional\/wp-json\/wp\/v2\/types\/product"}],"replies":[{"embeddable":true,"href":"https:\/\/proquident.com.co\/linea-profesional\/wp-json\/wp\/v2\/comments?post=636"}],"wp:featuredmedia":[{"embeddable":true,"href":"https:\/\/proquident.com.co\/linea-profesional\/wp-json\/wp\/v2\/media\/642"}],"wp:attachment":[{"href":"https:\/\/proquident.com.co\/linea-profesional\/wp-json\/wp\/v2\/media?parent=636"}],"wp:term":[{"taxonomy":"product_cat","embeddable":true,"href":"https:\/\/proquident.com.co\/linea-profesional\/wp-json\/wp\/v2\/product_cat?post=636"},{"taxonomy":"product_tag","embeddable":true,"href":"https:\/\/proquident.com.co\/linea-profesional\/wp-json\/wp\/v2\/product_tag?post=636"}],"curies":[{"name":"wp","href":"https:\/\/api.w.org\/{rel}","templated":true}]}}