{"id":625,"date":"2023-01-04T13:52:01","date_gmt":"2023-01-04T18:52:01","guid":{"rendered":"https:\/\/proquident.com.co\/linea-profesional\/?post_type=product&#038;p=625"},"modified":"2026-02-05T17:10:38","modified_gmt":"2026-02-05T22:10:38","slug":"desmingel","status":"publish","type":"product","link":"https:\/\/proquident.com.co\/linea-profesional\/producto\/desmingel\/","title":{"rendered":"Desmingel jeringa"},"content":{"rendered":"\r\n<h3>Instrucciones de uso<\/h3>\r\n<ol>\r\n<li>Despu\u00e9s de limpiar la superficie, colocar el Desmingel solo en la zona que se desea realizar la adhesi\u00f3n con bonding a los sellantes.\u00a0<\/li>\r\n<li>Dejar actuar por 20 segundos, enjuagar muy bien con abundante agua por 60 segundos y continuar el proceso, secar con aire suavemente sin resecar la superficie.\u00a0<\/li>\r\n<li>Desechar la punta dispensadora.<\/li>\r\n<\/ol>\r\n<p>*M\u00faltiples aplicadores\u00a0<\/p>\r\n<p>&nbsp;<\/p>\r\n","protected":false},"excerpt":{"rendered":"<p>Usos e indicaciones: como agente grabador, act\u00faa sobre el esmalte dental, provocando en \u00e9l una especie de panal, el cual facilita la adhesi\u00f3n del enlace o bonding y proporciona una mejor retenci\u00f3n de la resina, para las obturaciones de resina. Desmingel permite obtener una superficie limpia e incrementa el \u00e1rea de adhesi\u00f3n, lo cual lo hace \u00fatil en:\u00a0<\/p>\n<ul>\n<li>Fijaci\u00f3n de sellantes en fosetas y fisuras.\u00a0<\/li>\n<li>En ortodoncia para la fijaci\u00f3n de brackets con resina y en general en aquellos donde se requiere grabar el esmalte.<\/li>\n<\/ul>\n<h3>Presentaci\u00f3n<\/h3>\n<p>Jeringa por 10 ml.<\/p>\n<p>&nbsp;<\/p>\n<p><strong>Para Informaci\u00f3n adicional sobre este producto cont\u00e1ctenos a trav\u00e9s de <a href=\"mailto:contacto@proquident.com.co\" target=\"_blank\" rel=\"noopener\">\u00a0contacto@proquident.com.co<\/a><\/strong><\/p>\n[fl_builder_insert_layout id=1138]\n<p>[su_button url=\"https:\/\/proquident.com.co\/DocumentosProductos\/Desmingel\/GC-FT-08DESMINGEL%20JERINGA%20PROQUIDENT_7.pdf?_t=1725381554\" target=\"_blank\" style=\"flat\u201d icon=\"icon: angle-double-down\u201d]Ficha t\u00e9cnica[\/su_button] [su_button url=\"https:\/\/proquident.com.co\/DocumentosProductos\/Desmingel\/%28INVIMA%20%202017%20DM-0017418%29%20Desmingel%20%C3%A1cido%20grabador%20en%20gel%20-Nuevo%202017.pdf?_t=1760762694\" target=\"_blank\" style=\"flat\u201d icon=\"icon: angle-double-down\u201d]Registro sanitario[\/su_button]<\/p>\n","protected":false},"featured_media":1020,"comment_status":"open","ping_status":"closed","template":"","meta":{"om_disable_all_campaigns":false,"inline_featured_image":false,"_monsterinsights_skip_tracking":false,"_monsterinsights_sitenote_active":false,"_monsterinsights_sitenote_note":"","_monsterinsights_sitenote_category":0,"_uf_show_specific_survey":0,"_uf_disable_surveys":false},"product_cat":[15,182],"product_tag":[70,69],"class_list":{"0":"post-625","1":"product","2":"type-product","3":"status-publish","4":"has-post-thumbnail","6":"product_cat-linea-odontologica","7":"product_cat-dispositivos-medicos","8":"product_tag-acido-grabador-en-gel","9":"product_tag-desmingel","11":"first","12":"instock","13":"shipping-taxable","14":"purchasable","15":"product-type-simple"},"aioseo_notices":[],"_links":{"self":[{"href":"https:\/\/proquident.com.co\/linea-profesional\/wp-json\/wp\/v2\/product\/625","targetHints":{"allow":["GET"]}}],"collection":[{"href":"https:\/\/proquident.com.co\/linea-profesional\/wp-json\/wp\/v2\/product"}],"about":[{"href":"https:\/\/proquident.com.co\/linea-profesional\/wp-json\/wp\/v2\/types\/product"}],"replies":[{"embeddable":true,"href":"https:\/\/proquident.com.co\/linea-profesional\/wp-json\/wp\/v2\/comments?post=625"}],"wp:featuredmedia":[{"embeddable":true,"href":"https:\/\/proquident.com.co\/linea-profesional\/wp-json\/wp\/v2\/media\/1020"}],"wp:attachment":[{"href":"https:\/\/proquident.com.co\/linea-profesional\/wp-json\/wp\/v2\/media?parent=625"}],"wp:term":[{"taxonomy":"product_cat","embeddable":true,"href":"https:\/\/proquident.com.co\/linea-profesional\/wp-json\/wp\/v2\/product_cat?post=625"},{"taxonomy":"product_tag","embeddable":true,"href":"https:\/\/proquident.com.co\/linea-profesional\/wp-json\/wp\/v2\/product_tag?post=625"}],"curies":[{"name":"wp","href":"https:\/\/api.w.org\/{rel}","templated":true}]}}