{"id":607,"date":"2023-01-04T04:43:32","date_gmt":"2023-01-04T09:43:32","guid":{"rendered":"https:\/\/proquident.com.co\/linea-profesional\/?post_type=product&#038;p=607"},"modified":"2026-04-23T21:42:47","modified_gmt":"2026-04-24T02:42:47","slug":"desmanchador-dental-en-polvo","status":"publish","type":"product","link":"https:\/\/proquident.com.co\/linea-profesional\/producto\/desmanchador-dental-en-polvo\/","title":{"rendered":"Polvo Desmanchador"},"content":{"rendered":"<ul>\n<li>Formulado a base de carbonatos y fosfatos<\/li>\n<li>Carbonato de calcio (40%)<\/li>\n<li>Fosfato di c\u00e1lcio anh\u00eddrido (35%)<\/li>\n<li>Fosfato tric\u00e1lcico (1%).<\/li>\n<\/ul>\n<h3>Recomendaciones<\/h3>\n<p>Utilizar m\u00e1ximo 2 veces al mes.<\/p>\n<h3>Presentaciones<\/h3>\n<p>10g, 175g, 500g.<\/p>\n<p><strong>Para Informaci\u00f3n adicional sobre este producto cont\u00e1ctenos a trav\u00e9s de <i class=\"fas fa-envelope\"><\/i><a href=\"mailto:contacto@proquident.com.co\" target=\"_blank\" rel=\"noopener\">\u00a0contacto@proquident.com.co<\/a><\/strong><\/p>\n<p>&nbsp;<\/p>\n","protected":false},"excerpt":{"rendered":"<p>Producto en polvo con sabor a tutti frutti. Cuenta con un nivel de abrasividad moderada.<\/p>\n<p>Indicado para realizar profil\u00e1xis pues provee tersura y alto pulimiento, ayudando a remover manchas superficiales de los dientes causadas por el consumo de sustancias ricas en colorantes. Resistente a disolventes usados en procesos de obturaci\u00f3n.<\/p>\n[fl_builder_insert_layout id=1142]\n<p>[su_button url=\"https:\/\/proquident.com.co\/DocumentosProductos\/Desmanchador%20en%20polvo\/CNC%20GC-FT-18%20POLVO%20DESMANCHADOR%20PROQUIDENT%20v.8.pdf?_t=1776998329\" target=\"_blank\" style=\"flat\u201d icon=\"icon: angle-double-down\u201d]Ficha t\u00e9cnica[\/su_button] [su_button url=\"https:\/\/proquident.com.co\/DocumentosProductos\/Desmanchador%20en%20polvo\/Registro_Desmanchador.pdf?_t=1674087248?_t=1674690871?_t=1674087245\" target=\"_blank\" style=\"flat\u201d icon=\"icon: angle-double-down\u201d]Registro sanitario[\/su_button]<\/p>\n","protected":false},"featured_media":684,"comment_status":"open","ping_status":"closed","template":"","meta":{"om_disable_all_campaigns":false,"inline_featured_image":false,"_monsterinsights_skip_tracking":false,"_monsterinsights_sitenote_active":false,"_monsterinsights_sitenote_note":"","_monsterinsights_sitenote_category":0,"_uf_show_specific_survey":0,"_uf_disable_surveys":false},"product_cat":[15],"product_tag":[50],"class_list":{"0":"post-607","1":"product","2":"type-product","3":"status-publish","4":"has-post-thumbnail","6":"product_cat-linea-odontologica","7":"product_tag-desmanchador","9":"first","10":"instock","11":"shipping-taxable","12":"purchasable","13":"product-type-variable"},"aioseo_notices":[],"_links":{"self":[{"href":"https:\/\/proquident.com.co\/linea-profesional\/wp-json\/wp\/v2\/product\/607","targetHints":{"allow":["GET"]}}],"collection":[{"href":"https:\/\/proquident.com.co\/linea-profesional\/wp-json\/wp\/v2\/product"}],"about":[{"href":"https:\/\/proquident.com.co\/linea-profesional\/wp-json\/wp\/v2\/types\/product"}],"replies":[{"embeddable":true,"href":"https:\/\/proquident.com.co\/linea-profesional\/wp-json\/wp\/v2\/comments?post=607"}],"wp:featuredmedia":[{"embeddable":true,"href":"https:\/\/proquident.com.co\/linea-profesional\/wp-json\/wp\/v2\/media\/684"}],"wp:attachment":[{"href":"https:\/\/proquident.com.co\/linea-profesional\/wp-json\/wp\/v2\/media?parent=607"}],"wp:term":[{"taxonomy":"product_cat","embeddable":true,"href":"https:\/\/proquident.com.co\/linea-profesional\/wp-json\/wp\/v2\/product_cat?post=607"},{"taxonomy":"product_tag","embeddable":true,"href":"https:\/\/proquident.com.co\/linea-profesional\/wp-json\/wp\/v2\/product_tag?post=607"}],"curies":[{"name":"wp","href":"https:\/\/api.w.org\/{rel}","templated":true}]}}