{"id":1124,"date":"2024-08-27T22:11:02","date_gmt":"2024-08-28T03:11:02","guid":{"rendered":"https:\/\/proquident.com.co\/linea-profesional\/?post_type=product&#038;p=1124"},"modified":"2026-04-23T21:37:08","modified_gmt":"2026-04-24T02:37:08","slug":"detergente-proquizyme-plus","status":"publish","type":"product","link":"https:\/\/proquident.com.co\/linea-profesional\/producto\/detergente-proquizyme-plus\/","title":{"rendered":"Detergente Proquizyme Plus"},"content":{"rendered":"<h3>Modo de uso<\/h3>\n<ol>\n<li>Recuerda tus elementos de protecci\u00f3n personal.<\/li>\n<li>En un litro de agua, aplica 10 mL de detergente. (Este litro dura un d\u00eda).<\/li>\n<li>Pon la medida necesaria en un contenedor cubriendo el instrumental.<\/li>\n<li>Lava, enjuaga y seca el instrumental.<\/li>\n<li>Bota por el alcantarillado el residuo del contenedor.<\/li>\n<li>Lava el contenedor.<\/li>\n<li>Recuerda rotular el producto con la fecha de activaci\u00f3n del producto.<\/li>\n<li>Protocolo: <a href=\"https:\/\/proquident.com.co\/DocumentosProductos\/Proquizyme%20Detergente\/250120_BIOSEGURIDAD_PROTOCOLO.pdf?_t=1757102549\">clic aqu\u00ed.<\/a><\/li>\n<\/ol>\n","protected":false},"excerpt":{"rendered":"<p>Detergente multienzim\u00e1tico de \u00faltima generaci\u00f3n, contiene Lipasa, Proteasa, Amilasa y Carbohidrasa. Cuenta con un pH de 7 y agradable olor a naranja. Indicado para la limpieza de instrumentos quir\u00fargicos, en los campos m\u00e9dico, cl\u00ednico, odontol\u00f3gico, bacteriol\u00f3gico; as\u00ed como dispositivos de uso cosm\u00e9tico y afines.<\/p>\n<ul>\n<li>Apropiado para uso en sistemas de limpieza ultras\u00f3nico, autom\u00e1tico o manual.<\/li>\n<li>Amigable con el medioambiente.<\/li>\n<\/ul>\n<h3>Presentaciones<\/h3>\n<p>100 ml, 500 ml, 3.8 L<\/p>\n<p>&nbsp;<\/p>\n<p><strong>Para Informaci\u00f3n adicional sobre este producto cont\u00e1ctenos a trav\u00e9s de <i class=\"fas fa-envelope\"><\/i><a href=\"mailto:contacto@proquident.com.co\" target=\"_blank\" rel=\"noopener\">\u00a0contacto@proquident.com.co<\/a><\/strong><\/p>\n[fl_builder_insert_layout id=1175]\n<p>[su_button url=\"https:\/\/proquident.com.co\/DocumentosProductos\/Proquizyme%20Plus%20desinfectante%20de%20superficie%20y%20dispositivos%20m%C3%A9dicos\/CNC%20GC-FT-535%20DESINFECTANTE%20DE%20DISPOSITIVOS%20M%C3%89DICOS%20PROQUIZYME%20PROQUIDENT%20v.11.pdf?_t=1776997850\" target=\"_blank\" style=\"flat\u201d icon=\"icon: angle-double-down\u201d]Ficha t\u00e9cnica[\/su_button] [su_button url=\"https:\/\/proquident.com.co\/DocumentosProductos\/Proquizyme%20Detergente\/Certificado%202025031412%20Detergente%204%20enzimas.pdf?_t=1761086835\" target=\"_blank\" style=\"flat\u201d icon=\"icon: angle-double-down\u201d]Registro sanitario[\/su_button]<\/p>\n","protected":false},"featured_media":1128,"comment_status":"open","ping_status":"closed","template":"","meta":{"om_disable_all_campaigns":false,"inline_featured_image":false,"_monsterinsights_skip_tracking":false,"_monsterinsights_sitenote_active":false,"_monsterinsights_sitenote_note":"","_monsterinsights_sitenote_category":0,"_uf_show_specific_survey":0,"_uf_disable_surveys":false},"product_cat":[30],"product_tag":[57,196,197],"class_list":{"0":"post-1124","1":"product","2":"type-product","3":"status-publish","4":"has-post-thumbnail","6":"product_cat-bioseguridad","7":"product_tag-bioseguridad","8":"product_tag-detergente","9":"product_tag-proquizyme-plus","11":"first","12":"instock","13":"shipping-taxable","14":"purchasable","15":"product-type-variable"},"aioseo_notices":[],"_links":{"self":[{"href":"https:\/\/proquident.com.co\/linea-profesional\/wp-json\/wp\/v2\/product\/1124","targetHints":{"allow":["GET"]}}],"collection":[{"href":"https:\/\/proquident.com.co\/linea-profesional\/wp-json\/wp\/v2\/product"}],"about":[{"href":"https:\/\/proquident.com.co\/linea-profesional\/wp-json\/wp\/v2\/types\/product"}],"replies":[{"embeddable":true,"href":"https:\/\/proquident.com.co\/linea-profesional\/wp-json\/wp\/v2\/comments?post=1124"}],"wp:featuredmedia":[{"embeddable":true,"href":"https:\/\/proquident.com.co\/linea-profesional\/wp-json\/wp\/v2\/media\/1128"}],"wp:attachment":[{"href":"https:\/\/proquident.com.co\/linea-profesional\/wp-json\/wp\/v2\/media?parent=1124"}],"wp:term":[{"taxonomy":"product_cat","embeddable":true,"href":"https:\/\/proquident.com.co\/linea-profesional\/wp-json\/wp\/v2\/product_cat?post=1124"},{"taxonomy":"product_tag","embeddable":true,"href":"https:\/\/proquident.com.co\/linea-profesional\/wp-json\/wp\/v2\/product_tag?post=1124"}],"curies":[{"name":"wp","href":"https:\/\/api.w.org\/{rel}","templated":true}]}}