{"id":1112,"date":"2024-06-12T17:19:07","date_gmt":"2024-06-12T22:19:07","guid":{"rendered":"https:\/\/proquident.com.co\/linea-profesional\/?post_type=product&#038;p=1112"},"modified":"2025-10-21T18:52:52","modified_gmt":"2025-10-21T23:52:52","slug":"gotas-reveladoras","status":"publish","type":"product","link":"https:\/\/proquident.com.co\/linea-profesional\/producto\/gotas-reveladoras\/","title":{"rendered":"Gotas reveladoras"},"content":{"rendered":"<h3>Presentaci\u00f3n<\/h3>\n<p>10mL a granel, Blister 10mL<\/p>\n","protected":false},"excerpt":{"rendered":"<p>Producto l\u00edquido con eritrosina s\u00f3dica al 2% elaboradas especialmente para detectar la presencia de placa bacteriana, ti\u00f1\u00e9ndola de rojo.<\/p>\n<p>Para uso en pacientes sin restauraciones en resina o procesos de blanqueamiento.<\/p>\n<ul>\n<li>Agradable olor a fresa<\/li>\n<\/ul>\n[fl_builder_insert_layout id=1217]\n<p>[su_button url=\"https:\/\/proquident.com.co\/DocumentosProductos\/Gotas%20reveladoras\/GC-FT-14GOTAS%20REVELADORAS%20DE%20PLACA%20BACTERIANA%20PROQUIDENT_V9.pdf?_t=1761090671\" target=\"_blank\" style=\"flat\u201d icon=\"icon: angle-double-down\u201d]Ficha t\u00e9cnica[\/su_button] [su_button url=\"https:\/\/proquident.com.co\/DocumentosProductos\/Gotas%20reveladoras\/INVIMA%202019DM-0019524%20Gotas%20reveladoras.pdf?_t=1753389559\" target=\"_blank\" style=\"flat\u201d icon=\"icon: angle-double-down\u201d]Registro sanitario[\/su_button]<\/p>\n","protected":false},"featured_media":1119,"comment_status":"open","ping_status":"closed","template":"","meta":{"om_disable_all_campaigns":false,"inline_featured_image":false,"_monsterinsights_skip_tracking":false,"_monsterinsights_sitenote_active":false,"_monsterinsights_sitenote_note":"","_monsterinsights_sitenote_category":0,"_uf_show_specific_survey":0,"_uf_disable_surveys":false},"product_cat":[15],"product_tag":[],"class_list":{"0":"post-1112","1":"product","2":"type-product","3":"status-publish","4":"has-post-thumbnail","6":"product_cat-linea-odontologica","8":"first","9":"instock","10":"shipping-taxable","11":"product-type-simple"},"aioseo_notices":[],"_links":{"self":[{"href":"https:\/\/proquident.com.co\/linea-profesional\/wp-json\/wp\/v2\/product\/1112","targetHints":{"allow":["GET"]}}],"collection":[{"href":"https:\/\/proquident.com.co\/linea-profesional\/wp-json\/wp\/v2\/product"}],"about":[{"href":"https:\/\/proquident.com.co\/linea-profesional\/wp-json\/wp\/v2\/types\/product"}],"replies":[{"embeddable":true,"href":"https:\/\/proquident.com.co\/linea-profesional\/wp-json\/wp\/v2\/comments?post=1112"}],"wp:featuredmedia":[{"embeddable":true,"href":"https:\/\/proquident.com.co\/linea-profesional\/wp-json\/wp\/v2\/media\/1119"}],"wp:attachment":[{"href":"https:\/\/proquident.com.co\/linea-profesional\/wp-json\/wp\/v2\/media?parent=1112"}],"wp:term":[{"taxonomy":"product_cat","embeddable":true,"href":"https:\/\/proquident.com.co\/linea-profesional\/wp-json\/wp\/v2\/product_cat?post=1112"},{"taxonomy":"product_tag","embeddable":true,"href":"https:\/\/proquident.com.co\/linea-profesional\/wp-json\/wp\/v2\/product_tag?post=1112"}],"curies":[{"name":"wp","href":"https:\/\/api.w.org\/{rel}","templated":true}]}}