{"id":1031,"date":"2024-04-11T19:38:39","date_gmt":"2024-04-12T00:38:39","guid":{"rendered":"https:\/\/proquident.com.co\/linea-profesional\/?post_type=product&#038;p=1031"},"modified":"2026-02-05T17:15:27","modified_gmt":"2026-02-05T22:15:27","slug":"hemostatico","status":"publish","type":"product","link":"https:\/\/proquident.com.co\/linea-profesional\/producto\/hemostatico\/","title":{"rendered":"Hemost\u00e1tico"},"content":{"rendered":"<h3>USOS<\/h3>\n<p>Impregnar una torunda de algod\u00f3n (h\u00fameda mas no empapada) y<br \/>\naplicar en el \u00e1rea afectada (gingival o alv\u00e9olo) hasta que la<br \/>\nhemorragia cese. En caso de que, transcurridos 8 minutos de<br \/>\nsangrado, este persista remitir al m\u00e9dico.<\/p>\n<h3>PRECAUCIONES<\/h3>\n<p>&#8211; No ingerir.<br \/>\n&#8211; Su aplicaci\u00f3n debe ser bajo supervisi\u00f3n profesional.<br \/>\n&#8211; Proteger piezas adyacentes en el momento de la aplicaci\u00f3n para evitar manchado de tejidos duros.<br \/>\n&#8211; Las sales f\u00e9rricas pueden llegar a ser irritantes e incluso corrosivas.<br \/>\n&#8211; Proteger de la luz.<br \/>\n&#8211; Mant\u00e9ngase fuera del alcance de los ni\u00f1os.<\/p>\n<h3>CONDICIONES DE MANTENIMIENTO<\/h3>\n<ul>\n<li>Se recomienda mantener siempre los productos en su envase<br \/>\noriginal; los envases deben permanecer limpios y bien cerrados<br \/>\ncuando no los est\u00e1 usando para preservar las caracter\u00edsticas propias del producto.<\/li>\n<li>Procure mantener en sitios aireados, frescos y secos.<br \/>\nEvite exponer el producto a condiciones ambientales adversas,<br \/>\ntales como: temperatura mayor de 30\u00b0C, exceso de luz, calor o<br \/>\nhumedad, por per\u00edodos largos, ya que pueden alterar y hacer que<br \/>\nse pierdan las caracter\u00edsticas funcionales del producto.<\/li>\n<li>Los productos son fabricados teniendo como base una formulaci\u00f3n<br \/>\n(mezcla de ingredientes en proporciones exactas), por lo anterior<br \/>\nno se debe agregar saliva, agua, vitaminas ni ning\u00fan otro<br \/>\ningrediente que altere la composici\u00f3n del producto.<\/li>\n<\/ul>\n","protected":false},"excerpt":{"rendered":"<p>Control del sangrado durante los procesos como: reconstrucci\u00f3n dental, preparaci\u00f3n de coronas dentales, antes de tomar impresi\u00f3n(con el fin de tener seca el \u00e1rea que rodea el diente) y en exodoncias.<\/p>\n<ul>\n<li>Sulfato f\u00e9rrico en soluci\u00f3n al 13%.<\/li>\n<li>Se aplica en una gasa y se ejerce presi\u00f3n en el \u00e1rea afectada por 8 minutos.<\/li>\n<\/ul>\n<h3>Presentaci\u00f3n<\/h3>\n<p>15ml<\/p>\n<p>&nbsp;<\/p>\n[fl_builder_insert_layout id=1152]\n<p>[su_button url=\"https:\/\/proquident.com.co\/DocumentosProductos\/Hemostatico\/GC-FT-15HEMOST%C3%81TICO%20PROQUIDENT_v8.pdf?_t=1764105244\" target=\"_blank\" style=\"flat\u201d icon=\"icon: angle-double-down\u201d]Ficha t\u00e9cnica[\/su_button] [su_button url=\"https:\/\/proquident.com.co\/DocumentosProductos\/Hemostatico\/INVIMA%202020DM-0021631%20Hemost%C3%A1tico.pdf?_t=1753390028\" target=\"_blank\" style=\"flat\u201d icon=\"icon: angle-double-down\u201d]Registro sanitario[\/su_button]<\/p>\n","protected":false},"featured_media":1070,"comment_status":"open","ping_status":"closed","template":"","meta":{"om_disable_all_campaigns":false,"inline_featured_image":false,"_monsterinsights_skip_tracking":false,"_monsterinsights_sitenote_active":false,"_monsterinsights_sitenote_note":"","_monsterinsights_sitenote_category":0,"_uf_show_specific_survey":0,"_uf_disable_surveys":false},"product_cat":[15,182],"product_tag":[],"class_list":{"0":"post-1031","1":"product","2":"type-product","3":"status-publish","4":"has-post-thumbnail","6":"product_cat-linea-odontologica","7":"product_cat-dispositivos-medicos","9":"first","10":"instock","11":"shipping-taxable","12":"product-type-simple"},"aioseo_notices":[],"_links":{"self":[{"href":"https:\/\/proquident.com.co\/linea-profesional\/wp-json\/wp\/v2\/product\/1031","targetHints":{"allow":["GET"]}}],"collection":[{"href":"https:\/\/proquident.com.co\/linea-profesional\/wp-json\/wp\/v2\/product"}],"about":[{"href":"https:\/\/proquident.com.co\/linea-profesional\/wp-json\/wp\/v2\/types\/product"}],"replies":[{"embeddable":true,"href":"https:\/\/proquident.com.co\/linea-profesional\/wp-json\/wp\/v2\/comments?post=1031"}],"wp:featuredmedia":[{"embeddable":true,"href":"https:\/\/proquident.com.co\/linea-profesional\/wp-json\/wp\/v2\/media\/1070"}],"wp:attachment":[{"href":"https:\/\/proquident.com.co\/linea-profesional\/wp-json\/wp\/v2\/media?parent=1031"}],"wp:term":[{"taxonomy":"product_cat","embeddable":true,"href":"https:\/\/proquident.com.co\/linea-profesional\/wp-json\/wp\/v2\/product_cat?post=1031"},{"taxonomy":"product_tag","embeddable":true,"href":"https:\/\/proquident.com.co\/linea-profesional\/wp-json\/wp\/v2\/product_tag?post=1031"}],"curies":[{"name":"wp","href":"https:\/\/api.w.org\/{rel}","templated":true}]}}