{"id":1028,"date":"2024-04-11T18:57:52","date_gmt":"2024-04-11T23:57:52","guid":{"rendered":"https:\/\/proquident.com.co\/linea-profesional\/?post_type=product&#038;p=1028"},"modified":"2026-02-10T12:54:31","modified_gmt":"2026-02-10T17:54:31","slug":"dentafluor","status":"publish","type":"product","link":"https:\/\/proquident.com.co\/linea-profesional\/producto\/dentafluor\/","title":{"rendered":"Dentafl\u00faor"},"content":{"rendered":"<h3>Presentaci\u00f3n<\/h3>\n<p>50gr<\/p>\n<h3>Usos<\/h3>\n<p>Aislar los dientes con rollos de algod\u00f3n y aplicar gel con un cepillo<br \/>\ndental de cerdas suaves, dej\u00e1ndolo hasta 4 minutos. Retirar el<br \/>\nexceso de gel sin enjuagar.<\/p>\n<h3>Precauciones<\/h3>\n<p>No ingerir alimentos hasta despu\u00e9s de 1 hora de haber aplicado el gel.<br \/>\nMantener fuera del alcance de los ni\u00f1os y mascotas. En caso de<br \/>\ncontacto con los ojos, enjuagar con abundante agua.<br \/>\nEvitar el contacto directo con las mucosas, mantener bien tapado.<br \/>\nNo se debe ingerir.<\/p>\n<h3>Condiciones de mantenimiento<\/h3>\n<ul>\n<li>Se recomienda mantener siempre los productos en su envase<br \/>\noriginal; los envases deben permanecer limpios y bien cerrados<br \/>\ncuando no los est\u00e1 usando para preservar las caracter\u00edsticas<br \/>\npropias del producto.<\/li>\n<li>Procure mantener los productos en sitios aireados, frescos y secos.<br \/>\nEvite exponer el producto a condiciones ambientales adversas,<br \/>\ntales como: temperatura mayor de 30\u00b0C, exceso de luz, calor o<br \/>\nhumedad, por per\u00edodos largos, ya que pueden alterar y hacer que<br \/>\nse pierdan las caracter\u00edsticas funcionales del producto.<\/li>\n<li>Los productos son fabricados teniendo como base una formulaci\u00f3n<br \/>\n(mezcla de ingredientes en proporciones exactas), por lo anterior<br \/>\nno se debe agregar saliva, agua, vitaminas ni ning\u00fan otro<br \/>\ningrediente que altere la composici\u00f3n del producto.<\/li>\n<\/ul>\n","protected":false},"excerpt":{"rendered":"<p>Gel que proporciona al esmalte y la dentina el ion de fl\u00faor necesario para la formaci\u00f3n de la fluropatita que lo hace m\u00e1s resistente a ataque \u00e1cido.<\/p>\n<ul>\n<li>Disminuye la incidencia de caries dental<\/li>\n<li>Fluoruro de sodio USP concentraci\u00f3n de 2.0%<\/li>\n<li>Sabor a menta<\/li>\n<\/ul>\n[fl_builder_insert_layout id=1146]\n<p>[su_button url=\"https:\/\/proquident.com.co\/DocumentosProductos\/Dentafluor\/GC-FT-27_6.pdf?_t=1770745981\" target=\"_blank\" style=\"flat\u201d icon=\"icon: angle-double-down\u201d]Ficha t\u00e9cnica[\/su_button] [su_button url=\"https:\/\/proquident.com.co\/DocumentosProductos\/Dentafluor\/INVIMA%202021DM-0007302-R1%20Dentafluor.pdf?_t=1753389976\" target=\"_blank\" style=\"flat\u201d icon=\"icon: angle-double-down\u201d]Registro sanitario[\/su_button]<\/p>\n","protected":false},"featured_media":1030,"comment_status":"open","ping_status":"closed","template":"","meta":{"om_disable_all_campaigns":false,"inline_featured_image":false,"_monsterinsights_skip_tracking":false,"_monsterinsights_sitenote_active":false,"_monsterinsights_sitenote_note":"","_monsterinsights_sitenote_category":0,"_uf_show_specific_survey":0,"_uf_disable_surveys":false},"product_cat":[15],"product_tag":[],"class_list":{"0":"post-1028","1":"product","2":"type-product","3":"status-publish","4":"has-post-thumbnail","6":"product_cat-linea-odontologica","8":"first","9":"instock","10":"shipping-taxable","11":"product-type-simple"},"aioseo_notices":[],"_links":{"self":[{"href":"https:\/\/proquident.com.co\/linea-profesional\/wp-json\/wp\/v2\/product\/1028","targetHints":{"allow":["GET"]}}],"collection":[{"href":"https:\/\/proquident.com.co\/linea-profesional\/wp-json\/wp\/v2\/product"}],"about":[{"href":"https:\/\/proquident.com.co\/linea-profesional\/wp-json\/wp\/v2\/types\/product"}],"replies":[{"embeddable":true,"href":"https:\/\/proquident.com.co\/linea-profesional\/wp-json\/wp\/v2\/comments?post=1028"}],"wp:featuredmedia":[{"embeddable":true,"href":"https:\/\/proquident.com.co\/linea-profesional\/wp-json\/wp\/v2\/media\/1030"}],"wp:attachment":[{"href":"https:\/\/proquident.com.co\/linea-profesional\/wp-json\/wp\/v2\/media?parent=1028"}],"wp:term":[{"taxonomy":"product_cat","embeddable":true,"href":"https:\/\/proquident.com.co\/linea-profesional\/wp-json\/wp\/v2\/product_cat?post=1028"},{"taxonomy":"product_tag","embeddable":true,"href":"https:\/\/proquident.com.co\/linea-profesional\/wp-json\/wp\/v2\/product_tag?post=1028"}],"curies":[{"name":"wp","href":"https:\/\/api.w.org\/{rel}","templated":true}]}}