{"id":283,"date":"2022-12-01T14:26:42","date_gmt":"2022-12-01T14:26:42","guid":{"rendered":"https:\/\/proquident.com.co\/linea-profesional\/?page_id=283"},"modified":"2022-12-01T14:41:28","modified_gmt":"2022-12-01T14:41:28","slug":"servicios","status":"publish","type":"page","link":"https:\/\/proquident.com.co\/linea-profesional\/servicios\/","title":{"rendered":"Servicios"},"content":{"rendered":"\n\n\t\t\t\t<img loading=\"lazy\" decoding=\"async\" src=\"https:\/\/proquident.com.co\/linea-profesional\/wp-content\/uploads\/sites\/4\/2022\/12\/banner-servicios-proquident.jpeg\" alt=\"banner-servicios-proquident\" height=\"633\" width=\"1802\" title=\"banner-servicios-proquident\" \/>\n<h2>\n\t\tInformaci\u00f3n del servicio\n\t<\/h2>\n\t<p>Estamos construyendo nuestro futuro, llenando de sonrisas\u00a0los hogares colombianos.<\/p>\n<p>Trabajamos permanentemente fortaleciendo todos los\u00a0procesos para entregarle al cliente productos de calidad,\u00a0innovadores a un buen precio.<\/p>\n\t<div style=\"width: 640px;\" class=\"wp-video\"><!--[if lt IE 9]><script>document.createElement('video');<\/script><![endif]-->\n<video class=\"wp-video-shortcode\" id=\"video-283-1\" width=\"640\" height=\"360\" loop autoplay preload=\"metadata\" controls=\"controls\"><source type=\"video\/mp4\" src=\"https:\/\/proquident.com.co\/linea-profesional\/wp-content\/uploads\/sites\/4\/2022\/12\/video-servicios-proquident.mp4?_=1\" \/><a href=\"https:\/\/proquident.com.co\/linea-profesional\/wp-content\/uploads\/sites\/4\/2022\/12\/video-servicios-proquident.mp4\">https:\/\/proquident.com.co\/linea-profesional\/wp-content\/uploads\/sites\/4\/2022\/12\/video-servicios-proquident.mp4<\/a><\/video><\/div>\n<h2>\n\t\t\u00bfC\u00f3mo trabajamos?\n\t<\/h2>\n\t\t\t\tSomos Innovadores\n\t\t\t\t<h4>Nuestro equipo de Investigaci\u00f3n y desarrollo:<\/h4>\n<ul>\n<li>Buscamos permanentemente nuevas materias primas y empaques orientados a la sostenibilidad.<\/li>\n<li>Desarrollamos productos de calidad, seguros y respaldados, que cumplen con la normatividad vigente de los entes reguladores.<\/li>\n<li>Cuidamos el cumplimiento de los requisitos legales del mercado, seg\u00fan las capacidades de producci\u00f3n habilitadas para la empresa, aplicando los par\u00e1metros de las diferentes certificaciones con las que contamos.<\/li>\n<li>Traducimos las necesidades del Mercado en soluciones.<\/li>\n<\/ul>\n\t\t\t\tMarketing y dise\u00f1o de empaques\n\t\t\t\t<h4>Nuestros productos reflejan las tendencias de consumo:<\/h4>\n<ul>\n<li>Somos expertos en la construcci\u00f3n de marcas, basados en las tendencias, poniendo a disposici\u00f3n de nuestros clientes el conocimiento y la experiencia en el dise\u00f1o de empaques, manejo de materiales, t\u00e9cnicas de producci\u00f3n y comunicaci\u00f3n de las ventajas competitivas en el lenguaje adecuado para cada target, logrando as\u00ed un excelente desarrollo de las marcas.<\/li>\n<li>Hacemos seguimiento permanente del mercado, para el desarrollo de nuevos productos y estrategias en conjunto con nuestros clientes.<\/li>\n<\/ul>\n\t\t\t\tImpacto Ambiental\n\t\t\t\t<p>Actuamos en el presente, pensando en el futuro, gracias a la cultura organizacional y las buenas pr\u00e1cticas implementadas en nuestros equipos de trabajo, estamos reduciendo m\u00e1s la generaci\u00f3n de residuos.<\/p>\n<p>Comprometidos con una producci\u00f3n limpia.<\/p>\n<h4>Nuestra planta cuenta con:<\/h4>\n<ul>\n<li>Sistema de aprovechamiento de aguas lluvias.<\/li>\n<li>Sistema el\u00e9ctrico compuesto de Paneles solares.<\/li>\n<\/ul>\n<p><img loading=\"lazy\" decoding=\"async\" src=\"https:\/\/prueba.proquident.com.co\/wp-content\/uploads\/2020\/06\/02-img-servicio-proquident.jpg\" alt=\"\" width=\"900\" height=\"633\" \/><\/p>\n\t\t\t\tNuestra tecnolog\u00eda\n\t\t\t\t<p><strong>Adaptada a nuestro modelo de negocio<\/strong><\/p>\n<ul>\n<li>Procesos productivos con tecnolog\u00eda avanzada.<\/li>\n<li>Contamos con tecnolog\u00eda de punta, lo que nos permite una mayor productividad, haciendo los procesos mucho m\u00e1s f\u00e1ciles y r\u00e1pidos.<\/li>\n<li>Una planta de producci\u00f3n sostenible, \u00e1gil y adaptable.<\/li>\n<\/ul>\n\t\t\t\tNuestra Log\u00edstica\n\t\t\t\t<p><strong>Garantizamos un Modelo de Administraci\u00f3n basado en excelencia operacional para la cadena log\u00edstica de la compa\u00f1\u00eda.<\/strong><\/p>\n<ul>\n<li>Contamos con una infraestructura, que nos permite el adecuado manejo de inventario de nuestros clientes.<\/li>\n<li>Contamos con grandes aliados log\u00edsticos que nos brindan la confianza de llevar nuestros productos donde el cliente lo requiera, en el momento oportuno y en las condiciones id\u00f3neas.<\/li>\n<\/ul>\n\t\t\t\tDe la mano con nuestros colaboradores\n\t\t\t\t<p><strong>Hemos logrado grandes resultados:<\/strong><\/p>\n<ul>\n<li>Contamos con personal altamente capacitado, con experiencia y en b\u00fasqueda continua de su desarrollo en el \u00e1mbito personal y profesional.<br \/>Impactamos en el desarrollo y crecimiento de la regi\u00f3n, generando empleo y apoyo a la comunidad.<\/li>\n<li>El activo m\u00e1s importante de nuestra organizaci\u00f3n es nuestra gente.<\/li>\n<\/ul>\n<p><img loading=\"lazy\" decoding=\"async\" src=\"https:\/\/prueba.proquident.com.co\/wp-content\/uploads\/2020\/06\/03-img-servicio-proquident.jpg\" alt=\"\" width=\"900\" height=\"633\" \/><\/p>\n<h2>\n\t\tNuestras certificaciones\n\t<\/h2>\n\t<p><img loading=\"lazy\" decoding=\"async\" src=\"https:\/\/proquident.com.co\/linea-profesional\/wp-content\/uploads\/sites\/4\/2022\/12\/certificado.jpeg\" alt=\"\" width=\"90\" height=\"115\" \/> <img loading=\"lazy\" decoding=\"async\" src=\"https:\/\/proquident.com.co\/linea-profesional\/wp-content\/uploads\/sites\/4\/2022\/12\/icontec.jpeg\" alt=\"\" width=\"81\" height=\"164\" \/> <img loading=\"lazy\" decoding=\"async\" src=\"https:\/\/proquident.com.co\/linea-profesional\/wp-content\/uploads\/sites\/4\/2022\/12\/invima.jpeg\" alt=\"\" width=\"173\" height=\"105\" \/><\/p>\n\n","protected":false},"excerpt":{"rendered":"<p>Informaci\u00f3n del servicio Estamos construyendo nuestro futuro, llenando de sonrisas\u00a0los hogares colombianos. Trabajamos permanentemente fortaleciendo todos los\u00a0procesos para entregarle al cliente productos de calidad,\u00a0innovadores a un buen precio. \u00bfC\u00f3mo trabajamos? Somos Innovadores Nuestro equipo de Investigaci\u00f3n y desarrollo: Buscamos permanentemente nuevas materias primas y empaques orientados a la sostenibilidad. Desarrollamos productos de calidad, seguros y&hellip;<\/p>\n","protected":false},"author":4,"featured_media":0,"parent":0,"menu_order":0,"comment_status":"closed","ping_status":"open","template":"","meta":{"om_disable_all_campaigns":false,"inline_featured_image":false,"_monsterinsights_skip_tracking":false,"_monsterinsights_sitenote_active":false,"_monsterinsights_sitenote_note":"","_monsterinsights_sitenote_category":0,"_uf_show_specific_survey":0,"_uf_disable_surveys":false,"footnotes":""},"class_list":["post-283","page","type-page","status-publish","hentry"],"aioseo_notices":[],"_links":{"self":[{"href":"https:\/\/proquident.com.co\/linea-profesional\/wp-json\/wp\/v2\/pages\/283","targetHints":{"allow":["GET"]}}],"collection":[{"href":"https:\/\/proquident.com.co\/linea-profesional\/wp-json\/wp\/v2\/pages"}],"about":[{"href":"https:\/\/proquident.com.co\/linea-profesional\/wp-json\/wp\/v2\/types\/page"}],"author":[{"embeddable":true,"href":"https:\/\/proquident.com.co\/linea-profesional\/wp-json\/wp\/v2\/users\/4"}],"replies":[{"embeddable":true,"href":"https:\/\/proquident.com.co\/linea-profesional\/wp-json\/wp\/v2\/comments?post=283"}],"version-history":[{"count":4,"href":"https:\/\/proquident.com.co\/linea-profesional\/wp-json\/wp\/v2\/pages\/283\/revisions"}],"predecessor-version":[{"id":294,"href":"https:\/\/proquident.com.co\/linea-profesional\/wp-json\/wp\/v2\/pages\/283\/revisions\/294"}],"wp:attachment":[{"href":"https:\/\/proquident.com.co\/linea-profesional\/wp-json\/wp\/v2\/media?parent=283"}],"curies":[{"name":"wp","href":"https:\/\/api.w.org\/{rel}","templated":true}]}}