{"id":2,"date":"2016-05-10T03:48:21","date_gmt":"2016-05-10T03:48:21","guid":{"rendered":"https:\/\/proquident.com.co\/linea-profesional\/?page_id=2"},"modified":"2024-08-27T22:00:40","modified_gmt":"2024-08-28T03:00:40","slug":"sample-page","status":"publish","type":"page","link":"https:\/\/proquident.com.co\/linea-profesional\/","title":{"rendered":"Linea Profesional"},"content":{"rendered":"\n\n\t\t<h3>\u00bfListo para saber m\u00e1s?<\/h3>\n\t\t<p>\u00a1Reg\u00edstrate y obt\u00e9n informaci\u00f3n de primera mano de nuestra novedades, promociones y datos de inter\u00e9s!<\/p>\n\t\t\t<a href=\"https:\/\/proquident.com.co\/linea-profesional\/registro-suscripcion\/\" target=\"_self\" rel=\"noopener\">\n\t\t\t\t\t\t\tSuscr\u00edbete aqu\u00ed\n\t\t\t\t\t<\/a>\n<h2>\n\t\tSoluciones para profesionales\n\t<\/h2>\n<h2>\n\t\tBeneficios de comprar con nosotros\n\t<\/h2>\n\t<p><img loading=\"lazy\" decoding=\"async\" src=\"https:\/\/proquident.com.co\/linea-profesional\/wp-content\/uploads\/sites\/4\/2022\/11\/beneficios-proquident-1.png\" alt=\"\" width=\"89\" height=\"89\" \/><\/p>\n<p>&nbsp;<\/p>\n<p>Compa\u00f1\u00eda con m\u00e1s de 47 a\u00f1os de experiencia<\/p>\n\t<p><img loading=\"lazy\" decoding=\"async\" src=\"https:\/\/proquident.com.co\/linea-profesional\/wp-content\/uploads\/sites\/4\/2022\/11\/beneficios-proquident-2.png\" alt=\"\" width=\"83\" height=\"83\" \/><\/p>\n<p>&nbsp;<\/p>\n<p>Productos con los mas altos est\u00e1ndares de calidad<\/p>\n\t<p><img loading=\"lazy\" decoding=\"async\" src=\"https:\/\/proquident.com.co\/linea-profesional\/wp-content\/uploads\/sites\/4\/2022\/11\/beneficios-proquident-3.png\" alt=\"\" width=\"89\" height=\"89\" \/><\/p>\n<p>&nbsp;<\/p>\n<p>Rentabilidad alta por la comercializaci\u00f3n de los productos<\/p>\n<h2>\n\t\tArt\u00edculos relacionados\n\t<\/h2>\n\t\t\t<a href=\"https:\/\/proquident.com.co\/240724_PROQUIDENT_LINEAODONTOLOGICA_CATALOGO_DIGITAL.pdf?_t=1721912785\" target=\"_self\" rel=\"noopener\">\n\t\t\t\t\t\tCat\u00e1logo L\u00ednea Odontol\u00f3gica\n\t\t\t\t\t<\/a>\n\t\t\t<a href=\"https:\/\/proquident.com.co\/PR_CATALOGO_PRODUCTOS_BIOSEGURIDAD%20DIGITAL.pdf?_t=1724813983\" target=\"_self\" rel=\"noopener\">\n\t\t\t\t\t\tCat\u00e1logo L\u00ednea Bioseguridad\n\t\t\t\t\t<\/a>\n\n","protected":false},"excerpt":{"rendered":"<p>\u00bfListo para saber m\u00e1s? \u00a1Reg\u00edstrate y obt\u00e9n informaci\u00f3n de primera mano de nuestra novedades, promociones y datos de inter\u00e9s! Suscr\u00edbete aqu\u00ed Soluciones para profesionales Beneficios de comprar con nosotros &nbsp; Compa\u00f1\u00eda con m\u00e1s de 47 a\u00f1os de experiencia &nbsp; Productos con los mas altos est\u00e1ndares de calidad &nbsp; Rentabilidad alta por la comercializaci\u00f3n de los&hellip;<\/p>\n","protected":false},"author":4,"featured_media":0,"parent":0,"menu_order":0,"comment_status":"closed","ping_status":"open","template":"","meta":{"om_disable_all_campaigns":false,"inline_featured_image":false,"_monsterinsights_skip_tracking":false,"_monsterinsights_sitenote_active":false,"_monsterinsights_sitenote_note":"","_monsterinsights_sitenote_category":0,"_uf_show_specific_survey":0,"_uf_disable_surveys":false,"footnotes":""},"class_list":["post-2","page","type-page","status-publish","hentry"],"aioseo_notices":[],"_links":{"self":[{"href":"https:\/\/proquident.com.co\/linea-profesional\/wp-json\/wp\/v2\/pages\/2","targetHints":{"allow":["GET"]}}],"collection":[{"href":"https:\/\/proquident.com.co\/linea-profesional\/wp-json\/wp\/v2\/pages"}],"about":[{"href":"https:\/\/proquident.com.co\/linea-profesional\/wp-json\/wp\/v2\/types\/page"}],"author":[{"embeddable":true,"href":"https:\/\/proquident.com.co\/linea-profesional\/wp-json\/wp\/v2\/users\/4"}],"replies":[{"embeddable":true,"href":"https:\/\/proquident.com.co\/linea-profesional\/wp-json\/wp\/v2\/comments?post=2"}],"version-history":[{"count":67,"href":"https:\/\/proquident.com.co\/linea-profesional\/wp-json\/wp\/v2\/pages\/2\/revisions"}],"predecessor-version":[{"id":1123,"href":"https:\/\/proquident.com.co\/linea-profesional\/wp-json\/wp\/v2\/pages\/2\/revisions\/1123"}],"wp:attachment":[{"href":"https:\/\/proquident.com.co\/linea-profesional\/wp-json\/wp\/v2\/media?parent=2"}],"curies":[{"name":"wp","href":"https:\/\/api.w.org\/{rel}","templated":true}]}}