{"id":906,"date":"2023-01-06T02:55:37","date_gmt":"2023-01-06T02:55:37","guid":{"rendered":"https:\/\/proquident.com.co\/higiene-oral\/?post_type=product&#038;p=906"},"modified":"2026-02-11T17:44:24","modified_gmt":"2026-02-11T17:44:24","slug":"refrescante-bucal","status":"publish","type":"product","link":"https:\/\/proquident.com.co\/higiene-oral\/producto\/refrescante-bucal\/","title":{"rendered":"Refrescante bucal"},"content":{"rendered":"<h3>Usos<\/h3>\n<p>Sujeta el producto en posici\u00f3n vertical, oprime la boquilla dos veces y refresca tu boca con un intenso sabor a menta.<\/p>\n<h3>Beneficios<\/h3>\n<ul>\n<li>Con xilitol<\/li>\n<li>Con cal\u00e9ndula<\/li>\n<li>Con aloe vera<\/li>\n<li>Sabor a menta<\/li>\n<\/ul>\n<h3>P\u00fablico<\/h3>\n<ul>\n<li>Pensado para las personas que tienen d\u00edas muy agitados y desean tener un aliento fresco y prolongado, sin necesidad de ir al ba\u00f1o.<\/li>\n<\/ul>\n<p>Puede ser usado por ni\u00f1os mayores de 12 a\u00f1os, bajo la supervisi\u00f3n de un adulto.<\/p>\n<h3>Presentaci\u00f3n<\/h3>\n<p>20 mL<\/p>\n<p><strong>Para Informaci\u00f3n adicional sobre este producto cont\u00e1ctenos a trav\u00e9s de <i class=\"fas fa-envelope\"><\/i><a href=\"mailto:contacto@proquident.com.co\" target=\"_blank\" rel=\"noopener\">\u00a0contacto@proquident.com.co<\/a><\/strong><\/p>\n","protected":false},"excerpt":{"rendered":"<p>Disfruta de un aliento agradable, fresco y prolongado.<\/p>\n<ul>\n<li>Con xilitol<\/li>\n<li>Con cal\u00e9ndula<\/li>\n<li>Con aloe vera<\/li>\n<li>Sabor a menta<\/li>\n<\/ul>\n[fl_builder_insert_layout id=1290]\n<p>[su_button url=\"https:\/\/proquident.com.co\/DocumentosProductos\/Refrescante%20bucal\/GC-FT-537%20REFRESCANTE%20BUCAL%20MENTA_v5.pdf?_t=1715104063\" target=\"_blank\" style=\"flat\u201d icon=\"icon: angle-double-down\u201d]Ficha t\u00e9cnica[\/su_button] [su_button url=\"https:\/\/proquident.com.co\/DocumentosProductos\/Refrescante%20Cuidado%20Pro\/NSOC81385-17CO%20Renovaci%C3%B3n%20Ago%202024.pdf?_t=1770831666\" target=\"_blank\" style=\"flat\u201d icon=\"icon: angle-double-down\u201d]Registro sanitario[\/su_button]<\/p>\n","protected":false},"featured_media":1727,"comment_status":"open","ping_status":"closed","template":"","meta":{"om_disable_all_campaigns":false,"inline_featured_image":false,"_monsterinsights_skip_tracking":false,"_monsterinsights_sitenote_active":false,"_monsterinsights_sitenote_note":"","_monsterinsights_sitenote_category":0,"_uf_show_specific_survey":0,"_uf_disable_surveys":false},"product_cat":[182],"product_tag":[112,111],"class_list":{"0":"post-906","1":"product","2":"type-product","3":"status-publish","4":"has-post-thumbnail","6":"product_cat-refrescantes","7":"product_tag-aliento-fresco","8":"product_tag-refrescante-bucal","10":"first","11":"instock","12":"shipping-taxable","13":"product-type-simple"},"aioseo_notices":[],"_links":{"self":[{"href":"https:\/\/proquident.com.co\/higiene-oral\/wp-json\/wp\/v2\/product\/906","targetHints":{"allow":["GET"]}}],"collection":[{"href":"https:\/\/proquident.com.co\/higiene-oral\/wp-json\/wp\/v2\/product"}],"about":[{"href":"https:\/\/proquident.com.co\/higiene-oral\/wp-json\/wp\/v2\/types\/product"}],"replies":[{"embeddable":true,"href":"https:\/\/proquident.com.co\/higiene-oral\/wp-json\/wp\/v2\/comments?post=906"}],"wp:featuredmedia":[{"embeddable":true,"href":"https:\/\/proquident.com.co\/higiene-oral\/wp-json\/wp\/v2\/media\/1727"}],"wp:attachment":[{"href":"https:\/\/proquident.com.co\/higiene-oral\/wp-json\/wp\/v2\/media?parent=906"}],"wp:term":[{"taxonomy":"product_cat","embeddable":true,"href":"https:\/\/proquident.com.co\/higiene-oral\/wp-json\/wp\/v2\/product_cat?post=906"},{"taxonomy":"product_tag","embeddable":true,"href":"https:\/\/proquident.com.co\/higiene-oral\/wp-json\/wp\/v2\/product_tag?post=906"}],"curies":[{"name":"wp","href":"https:\/\/api.w.org\/{rel}","templated":true}]}}