{"id":905,"date":"2023-01-06T02:53:50","date_gmt":"2023-01-06T02:53:50","guid":{"rendered":"https:\/\/proquident.com.co\/higiene-oral\/?post_type=product&#038;p=905"},"modified":"2026-02-05T21:57:32","modified_gmt":"2026-02-05T21:57:32","slug":"enjuague-bucal-naturals","status":"publish","type":"product","link":"https:\/\/proquident.com.co\/higiene-oral\/producto\/enjuague-bucal-naturals\/","title":{"rendered":"Enjuague Bucal Naturals"},"content":{"rendered":"<h3>Usos<\/h3>\n<p>Despu\u00e9s de cada cepillado, realice buches fuertes durante 30 segundos, sin ingerir y finalmente deseche el enjuague usado.<\/p>\n<h3>Beneficios<\/h3>\n<ul>\n<li>Con cal\u00e9ndula (Ayuda a la protecci\u00f3n de los tejidos blandos).<\/li>\n<li>Con xilitol.<\/li>\n<li>Con fl\u00faor ayuda a fortalecer el esmalte.<\/li>\n<li>Con ingredientes naturales.<\/li>\n<\/ul>\n<h3>P\u00fablico<\/h3>\n<ul>\n<li>Puede ser usado por ni\u00f1os mayores de 12 a\u00f1os, bajo la supervisi\u00f3n de un adulto.<\/li>\n<\/ul>\n<h3>Recomendaciones<\/h3>\n<ul>\n<li>No Ingerir.<\/li>\n<li>El odont\u00f3logo recomienda usar el enjuague dos o tres veces al d\u00eda.<\/li>\n<li>No ingerir bebidas ni alimentos hasta que haya transcurrido por lo menos 15 min. del uso del enjuague.<\/li>\n<\/ul>\n<h3>Presentaciones<\/h3>\n<p>200mL y 500 mL<\/p>\n<p><strong>Para Informaci\u00f3n adicional sobre este producto cont\u00e1ctenos a trav\u00e9s de <i class=\"fas fa-envelope\"><\/i><a href=\"mailto:contacto@proquident.com.co\" target=\"_blank\" rel=\"noopener\">\u00a0contacto@proquident.com.co<\/a><\/strong><\/p>\n","protected":false},"excerpt":{"rendered":"<p>Este enjuague bucal por su contenido de fl\u00faor e ingredientes naturales. <span class=\"TextRun Highlight SCXW44481742 BCX0\" lang=\"ES-CO\" xml:lang=\"ES-CO\" data-contrast=\"none\"><span class=\"NormalTextRun SCXW44481742 BCX0\">Ayuda a mantener dientes y\u00a0<\/span><span class=\"NormalTextRun SpellingErrorV2Themed SCXW44481742 BCX0\">enc\u00edas<\/span><span class=\"NormalTextRun SCXW44481742 BCX0\">\u00a0saludables<\/span><\/span>, dejando un aliento fresco.<\/p>\n<p>Ayuda a disminuir la formaci\u00f3n de c\u00e1lculos y gracias a la cal\u00e9ndula ayuda a brindar bienestar a las enc\u00edas.<\/p>\n[fl_builder_insert_layout id=1272]\n<p>[su_button url=\"https:\/\/proquident.com.co\/DocumentosProductos\/Enjuague%20bucal%20naturals\/GC-FT-485ENJUAGUE%20BUCAL%20NATURALS%20PROQUIDENT_V8.pdf?_t=1761093136\" target=\"_blank\" style=\"flat\u201d icon=\"icon: angle-double-down\u201d]Ficha t\u00e9cnica[\/su_button] [su_button url=\"https:\/\/proquident.com.co\/DocumentosProductos\/Enjuague%20bucal%20naturals\/%28NSOC69399-15CO%29%20Enjuague%20Bucal%20Naturals%20Marca%20PQ.pdf?_t=1761083821\" target=\"_blank\" style=\"flat\u201d icon=\"icon: angle-double-down\u201d]Registro sanitario[\/su_button]<\/p>\n","protected":false},"featured_media":1841,"comment_status":"open","ping_status":"closed","template":"","meta":{"om_disable_all_campaigns":false,"inline_featured_image":false,"_monsterinsights_skip_tracking":false,"_monsterinsights_sitenote_active":false,"_monsterinsights_sitenote_note":"","_monsterinsights_sitenote_category":0,"_uf_show_specific_survey":0,"_uf_disable_surveys":false},"product_cat":[147],"product_tag":[64,148,204],"class_list":{"0":"post-905","1":"product","2":"type-product","3":"status-publish","4":"has-post-thumbnail","6":"product_cat-enjuagues","7":"product_tag-enjuague-bucal","8":"product_tag-enjuague-naturals","9":"product_tag-naturals","11":"first","12":"instock","13":"shipping-taxable","14":"product-type-simple"},"aioseo_notices":[],"_links":{"self":[{"href":"https:\/\/proquident.com.co\/higiene-oral\/wp-json\/wp\/v2\/product\/905","targetHints":{"allow":["GET"]}}],"collection":[{"href":"https:\/\/proquident.com.co\/higiene-oral\/wp-json\/wp\/v2\/product"}],"about":[{"href":"https:\/\/proquident.com.co\/higiene-oral\/wp-json\/wp\/v2\/types\/product"}],"replies":[{"embeddable":true,"href":"https:\/\/proquident.com.co\/higiene-oral\/wp-json\/wp\/v2\/comments?post=905"}],"wp:featuredmedia":[{"embeddable":true,"href":"https:\/\/proquident.com.co\/higiene-oral\/wp-json\/wp\/v2\/media\/1841"}],"wp:attachment":[{"href":"https:\/\/proquident.com.co\/higiene-oral\/wp-json\/wp\/v2\/media?parent=905"}],"wp:term":[{"taxonomy":"product_cat","embeddable":true,"href":"https:\/\/proquident.com.co\/higiene-oral\/wp-json\/wp\/v2\/product_cat?post=905"},{"taxonomy":"product_tag","embeddable":true,"href":"https:\/\/proquident.com.co\/higiene-oral\/wp-json\/wp\/v2\/product_tag?post=905"}],"curies":[{"name":"wp","href":"https:\/\/api.w.org\/{rel}","templated":true}]}}