{"id":890,"date":"2023-01-06T00:24:21","date_gmt":"2023-01-06T00:24:21","guid":{"rendered":"https:\/\/proquident.com.co\/higiene-oral\/?post_type=product&#038;p=890"},"modified":"2026-02-10T18:30:28","modified_gmt":"2026-02-10T18:30:28","slug":"cepillo-dental-420","status":"publish","type":"product","link":"https:\/\/proquident.com.co\/higiene-oral\/producto\/cepillo-dental-420\/","title":{"rendered":"Cepillo adulto cerda media"},"content":{"rendered":"<h3>Usos<\/h3>\n<ul>\n<li>Aplica una cantidad de crema sobre el cepillo de dientes.<\/li>\n<li>Inclina el cepillo en un \u00e1ngulo de 45 \u00b0 con respecto a la l\u00ednea de las enc\u00edas.<\/li>\n<li>Desliza el cepillo de atr\u00e1s hacia adelante, con movimientos circulares cortos y suaves.<\/li>\n<li>Repite esta t\u00e9cnica en cada diente, incluyendo la parte exterior, interior y la superficie de masticaci\u00f3n.<\/li>\n<li>Usa la punta del cepillo para alcanzar los dientes de atr\u00e1s, en la parte superior e inferior.<\/li>\n<li>Finalmente, limpia la lengua para eliminar las bacterias que causan mal olor.<\/li>\n<\/ul>\n<h3>Beneficios<\/h3>\n<ul>\n<li>Con cerdas de nylon<\/li>\n<li>Cerdas redondeadas<\/li>\n<li>Con cabezal redondeado<\/li>\n<li>Cerdas de dureza media<\/li>\n<li>Mango ergon\u00f3mico y antideslizante<\/li>\n<li>Con limpiador de lengua<\/li>\n<\/ul>\n<h3>Recomendaciones<\/h3>\n<p>El odont\u00f3logo recomienda cepillar los dientes despu\u00e9s de cada comida, reemplazar el cepillo cada tres meses, si se evidencia desgaste o se deformen las cerdas y despu\u00e9s de las infecciones respiratorias agudas.<\/p>\n<h3>P\u00fablico<\/h3>\n<p>Puede ser usado por adultos y ni\u00f1os mayores de 12 a\u00f1os.<\/p>\n<h3>Presentaci\u00f3n<\/h3>\n<p>Bl\u00edster 2&#215;1<\/p>\n<p><strong>Para Informaci\u00f3n adicional sobre este producto cont\u00e1ctenos a trav\u00e9s de <i class=\"fas fa-envelope\"><\/i><a href=\"mailto:contacto@proquident.com.co\" target=\"_blank\" rel=\"noopener\">\u00a0contacto@proquident.com.co<\/a><\/strong><\/p>\n","protected":false},"excerpt":{"rendered":"<p>Nuestros cepillos dentales est\u00e1n elaborados con cerdas en Nylon Bright Line que permiten una mejor remoci\u00f3n de la placa dentobacteriana, sin lastimar las enc\u00edas, pues son suaves, flexibles y con terminaci\u00f3n redondeada.<\/p>\n<p>Su mango ergon\u00f3mico brinda un f\u00e1cil agarre y el innovador dise\u00f1o -con cabeza redonda- tambi\u00e9n permite un mayor acceso a las zonas posteriores, logrando una limpieza m\u00e1s efectiva, sin generar traumatismos o irritaciones en tejidos blandos y enc\u00edas.<\/p>\n[fl_builder_insert_layout id=1256]\n<p>[su_button url=\"https:\/\/proquident.com.co\/DocumentosProductos\/Cepillo%20420\/GC-FT-812_2.pdf?_t=1770747990\" target=\"_blank\" style=\"flat\u201d icon=\"icon: angle-double-down\u201d]Ficha t\u00e9cnica[\/su_button] [su_button url=\"https:\/\/proquident.com.co\/DocumentosProductos\/Cepillo%20para%20ortodoncia\/INVIMA%202021DM-0024771%20Nuevo.pdf?_t=1770325116\" target=\"_blank\" style=\"flat\u201d icon=\"icon: angle-double-down\u201d]Registro sanitario[\/su_button]<\/p>\n","protected":false},"featured_media":900,"comment_status":"closed","ping_status":"closed","template":"","meta":{"om_disable_all_campaigns":false,"inline_featured_image":false,"_monsterinsights_skip_tracking":false,"_monsterinsights_sitenote_active":false,"_monsterinsights_sitenote_note":"","_monsterinsights_sitenote_category":0,"_uf_show_specific_survey":0,"_uf_disable_surveys":false},"product_cat":[145],"product_tag":[91,106],"class_list":{"0":"post-890","1":"product","2":"type-product","3":"status-publish","4":"has-post-thumbnail","6":"product_cat-cepillos","7":"product_tag-cepillo-adultos","8":"product_tag-cepillo-dental","10":"first","11":"instock","12":"shipping-taxable","13":"product-type-simple"},"aioseo_notices":[],"_links":{"self":[{"href":"https:\/\/proquident.com.co\/higiene-oral\/wp-json\/wp\/v2\/product\/890","targetHints":{"allow":["GET"]}}],"collection":[{"href":"https:\/\/proquident.com.co\/higiene-oral\/wp-json\/wp\/v2\/product"}],"about":[{"href":"https:\/\/proquident.com.co\/higiene-oral\/wp-json\/wp\/v2\/types\/product"}],"replies":[{"embeddable":true,"href":"https:\/\/proquident.com.co\/higiene-oral\/wp-json\/wp\/v2\/comments?post=890"}],"wp:featuredmedia":[{"embeddable":true,"href":"https:\/\/proquident.com.co\/higiene-oral\/wp-json\/wp\/v2\/media\/900"}],"wp:attachment":[{"href":"https:\/\/proquident.com.co\/higiene-oral\/wp-json\/wp\/v2\/media?parent=890"}],"wp:term":[{"taxonomy":"product_cat","embeddable":true,"href":"https:\/\/proquident.com.co\/higiene-oral\/wp-json\/wp\/v2\/product_cat?post=890"},{"taxonomy":"product_tag","embeddable":true,"href":"https:\/\/proquident.com.co\/higiene-oral\/wp-json\/wp\/v2\/product_tag?post=890"}],"curies":[{"name":"wp","href":"https:\/\/api.w.org\/{rel}","templated":true}]}}