{"id":888,"date":"2023-01-05T21:06:20","date_gmt":"2023-01-05T21:06:20","guid":{"rendered":"https:\/\/proquident.com.co\/higiene-oral\/?post_type=product&#038;p=888"},"modified":"2025-11-25T21:35:45","modified_gmt":"2025-11-25T21:35:45","slug":"kit-ortodoncia-viajero-economico","status":"publish","type":"product","link":"https:\/\/proquident.com.co\/higiene-oral\/producto\/kit-ortodoncia-viajero-economico\/","title":{"rendered":"Kit de ortodoncia econ\u00f3mico"},"content":{"rendered":"<h3>Contiene<\/h3>\n<ul>\n<li>Crema dental 25mL.<\/li>\n<li>Cera con cal\u00e9ndula, vitamina E y aloe vera.<\/li>\n<li>Cepillo para ortodoncia.<\/li>\n<li>Enhebradores.<\/li>\n<li>Seda dental con cera natural.<\/li>\n<li>Estuche.<\/li>\n<\/ul>\n<h3>C\u00f3mo funciona:<\/h3>\n<ol>\n<li>Aplica una peque\u00f1a cantidad de crema sobre el cepillo de dientes para ortodoncia.<\/li>\n<li>Desliza el cepillo de atr\u00e1s hacia adelante, con movimientos cortos y suaves.<br \/>\nRepite esta t\u00e9cnica en cada diente, incluyendo la parte exterior, interior, la superficie de masticaci\u00f3n y la lengua.<\/li>\n<li>Usa el cepillo interproximal para limpiar el espacio interdental.<\/li>\n<li>Corta 30 cm de seda dental y con la ayuda de un enhebrador, facilita el paso del hilo por las \u00e1reas de dif\u00edcil acceso.<\/li>\n<li>Adhiere la cera dental a cada una de las piezas (bracket) donde se siente la molestia, con el fin de aliviar el tejido irritado.<\/li>\n<\/ol>\n<h3>Recomendaciones<\/h3>\n<p>El odont\u00f3logo recomienda cepillar los dientes despu\u00e9s de cada comida, reemplazar el cepillo cada tres meses, si se evidencia desgaste o se deformen las cerdas y despu\u00e9s de las infecciones respiratorias agudas.<\/p>\n<h3>Presentaci\u00f3n<\/h3>\n<p>1 unidad por empaque.<\/p>\n<p><strong>Para Informaci\u00f3n adicional sobre este producto cont\u00e1ctenos a trav\u00e9s de <i class=\"fas fa-envelope\"><\/i><a href=\"mailto:contacto@proquident.com.co\" target=\"_blank\" rel=\"noopener\">\u00a0contacto@proquident.com.co<\/a><\/strong><\/p>\n","protected":false},"excerpt":{"rendered":"<p>Para tu comodidad dise\u00f1amos este pr\u00e1ctico kit que re\u00fane en un estuche todos los productos necesarios para garantizar la higiene de personas con tratamiento de ortodoncia.<\/p>\n<p>Ahora no tendr\u00e1s que preocuparte si sales de casa todo el d\u00eda o viajas, pues podr\u00e1s llevar este pr\u00e1ctico kit a todas partes.<\/p>\n<p>Juego de productos especializados para la higiene bucal de las personas con tratamiento de ortodoncia. Este kit es elaborado con materias primas que ayudan a controlar la placa bacteriana, brindan protecci\u00f3n anticaries y cuidan las enc\u00edas.<\/p>\n<p>[su_button url=\"https:\/\/proquident.com.co\/DocumentosProductos\/Kit%20ortodoncia%20econo%CC%81mico\/GC-FT-113KIT%20DE%20ORTODONCIA%20ECON%C3%93MICO%20PROQUIDENT_v6.pdf?_t=1764106499\" target=\"_blank\" style=\"flat\u201d icon=\"icon: angle-double-down\u201d]Ficha t\u00e9cnica[\/su_button] [su_button url=\" target=\"_blank\" style=\"flat\u201d icon=\"icon: angle-double-down\u201d]Registro sanitario[\/su_button]<\/p>\n<p>[fl_builder_insert_layout id=1336] [su_youtube url=\"https:\/\/www.youtube.com\/watch?v=Y5HVYTdgMcg\"]<\/p>\n","protected":false},"featured_media":902,"comment_status":"open","ping_status":"closed","template":"","meta":{"om_disable_all_campaigns":false,"inline_featured_image":false,"_monsterinsights_skip_tracking":false,"_monsterinsights_sitenote_active":false,"_monsterinsights_sitenote_note":"","_monsterinsights_sitenote_category":0,"_uf_show_specific_survey":0,"_uf_disable_surveys":false},"product_cat":[56,155],"product_tag":[104],"class_list":{"0":"post-888","1":"product","2":"type-product","3":"status-publish","4":"has-post-thumbnail","6":"product_cat-especializados","7":"product_cat-kits","8":"product_tag-kit-ortodoncia","10":"first","11":"instock","12":"shipping-taxable","13":"product-type-simple"},"aioseo_notices":[],"_links":{"self":[{"href":"https:\/\/proquident.com.co\/higiene-oral\/wp-json\/wp\/v2\/product\/888","targetHints":{"allow":["GET"]}}],"collection":[{"href":"https:\/\/proquident.com.co\/higiene-oral\/wp-json\/wp\/v2\/product"}],"about":[{"href":"https:\/\/proquident.com.co\/higiene-oral\/wp-json\/wp\/v2\/types\/product"}],"replies":[{"embeddable":true,"href":"https:\/\/proquident.com.co\/higiene-oral\/wp-json\/wp\/v2\/comments?post=888"}],"wp:featuredmedia":[{"embeddable":true,"href":"https:\/\/proquident.com.co\/higiene-oral\/wp-json\/wp\/v2\/media\/902"}],"wp:attachment":[{"href":"https:\/\/proquident.com.co\/higiene-oral\/wp-json\/wp\/v2\/media?parent=888"}],"wp:term":[{"taxonomy":"product_cat","embeddable":true,"href":"https:\/\/proquident.com.co\/higiene-oral\/wp-json\/wp\/v2\/product_cat?post=888"},{"taxonomy":"product_tag","embeddable":true,"href":"https:\/\/proquident.com.co\/higiene-oral\/wp-json\/wp\/v2\/product_tag?post=888"}],"curies":[{"name":"wp","href":"https:\/\/api.w.org\/{rel}","templated":true}]}}