{"id":884,"date":"2023-01-05T18:24:44","date_gmt":"2023-01-05T18:24:44","guid":{"rendered":"https:\/\/proquident.com.co\/higiene-oral\/?post_type=product&#038;p=884"},"modified":"2026-02-10T19:43:26","modified_gmt":"2026-02-10T19:43:26","slug":"crema-adhesiva-para-protesis-dental-sin-sabor","status":"publish","type":"product","link":"https:\/\/proquident.com.co\/higiene-oral\/producto\/crema-adhesiva-para-protesis-dental-sin-sabor\/","title":{"rendered":"Crema adhesiva para pr\u00f3tesis dental sin sabor"},"content":{"rendered":"<h3>Beneficios<\/h3>\n<ul>\n<li>Con cal\u00e9ndula, ayuda a la protecci\u00f3n de los tejidos blandos.<\/li>\n<li>F\u00e1cil manejo y excelente adhesi\u00f3n de la pr\u00f3tesis (depende de dise\u00f1o de pr\u00f3tesis y cantidad de reborde)<\/li>\n<li>Sin sabor<\/li>\n<\/ul>\n<h3>P\u00fablico<\/h3>\n<p>Personas con pr\u00f3tesis dentales, bien sean completas o parciales.<\/p>\n<h3>Presentaci\u00f3n<\/h3>\n<p>Caja por unidad<\/p>\n<p>Sabor a menta y sin sabor 40g y 25g.<\/p>\n<h3>C\u00f3mo funciona<\/h3>\n<p><strong>Para aplicar<\/strong><\/p>\n<ol>\n<li>Limpia la pr\u00f3tesis dental (con un cepillo de cerdas duras) y s\u00e9cala con cuidado.<\/li>\n<li>Aplica una peque\u00f1a cantidad de crema (formando tiras de 1 cm aproximadamente) sobre 3 puntos de la pr\u00f3tesis -si esta es completa- o 2 en los extremos -si es una pr\u00f3tesis parcial-. Ten especial cuidado con los bordes para evitar que se derrame al momento de acomodar la pr\u00f3tesis.<\/li>\n<li>Humedece la boca antes de colocar la pr\u00f3tesis.<\/li>\n<li>Ubica la pr\u00f3tesis correctamente en tu boca y presiona firmemente por unos segundos, para asegurar la fijaci\u00f3n.<\/li>\n<\/ol>\n<p><strong>Para remover<\/strong><\/p>\n<ol>\n<li>Haz buches por 30 segundos con agua tibia o enjuague bucal, para aflojar la pr\u00f3tesis.<\/li>\n<li>Con la ayuda de tus dedos, mueve suavemente la pr\u00f3tesis hasta que puedas removerla.<\/li>\n<li>Retira de la pr\u00f3tesis y la boca los residuos de adhesivos, para ello puede ser \u00fatil el agua tibia y un cepillo suave (para la boca) y otro de cerdas duras (para la pr\u00f3tesis).<\/li>\n<li>Utiliza el polvo limpiador para desinfectar la pr\u00f3tesis y el cepillo.<\/li>\n<\/ol>\n<h3>Recomendaciones<\/h3>\n<p>Este producto es compatible con los distintos materiales usados en la elaboraci\u00f3n de pr\u00f3tesis: resina, cer\u00e1mica, met\u00e1lica.<\/p>\n<p><strong>Para Informaci\u00f3n adicional sobre este producto cont\u00e1ctenos a trav\u00e9s de <i class=\"fas fa-envelope\"><\/i><a href=\"mailto:contacto@proquident.com.co\" target=\"_blank\" rel=\"noopener\">\u00a0contacto@proquident.com.co<\/a><\/strong><\/p>\n","protected":false},"excerpt":{"rendered":"<p>Esta crema forma una fina capa entre la pr\u00f3tesis y el paladar, impidiendo all\u00ed la inc\u00f3moda entrada de alimentos; disminuyendo la proliferaci\u00f3n de bacterias, principal causa del mal aliento.<\/p>\n<p>Este producto ayuda a mantener fija la pr\u00f3tesis durante 12 horas* y el extracto de cal\u00e9ndula ayuda a proteger tus enc\u00edas, gracias a sus propiedades naturales.<\/p>\n<p>*Bajo condiciones est\u00e1ndar de laboratorio.<\/p>\n<p>[fl_builder_insert_layout id=1227][su_youtube url=\"https:\/\/www.youtube.com\/watch?v=PSROTr8xzak\"]<\/p>\n<p>[su_button url=\"https:\/\/proquident.com.co\/DocumentosProductos\/Crema%20dental%20adhesiva%20sin%20sabor\/GC-FT-182CREMAADHESIVAPARAPROTESISDENTALSINSABORPROQUIDENT_v9.pdf?_t=1743094877\" target=\"_blank\" style=\"flat\u201d icon=\"icon: angle-double-down\u201d]Ficha t\u00e9cnica[\/su_button] [su_button url=\"https:\/\/proquident.com.co\/DocumentosProductos\/Crema%20dental%20adhesiva%20sin%20sabor\/INVIMA%200000237-R1%20Renovaci%C3%B3n%20Mar%202016.pdf?_t=1770752503\" target=\"_blank\" style=\"flat\u201d icon=\"icon: angle-double-down\u201d]Registro sanitario[\/su_button]<\/p>\n","protected":false},"featured_media":1024,"comment_status":"open","ping_status":"closed","template":"","meta":{"om_disable_all_campaigns":false,"inline_featured_image":false,"_monsterinsights_skip_tracking":false,"_monsterinsights_sitenote_active":false,"_monsterinsights_sitenote_note":"","_monsterinsights_sitenote_category":0,"_uf_show_specific_survey":0,"_uf_disable_surveys":false},"product_cat":[149,56],"product_tag":[83,84],"class_list":{"0":"post-884","1":"product","2":"type-product","3":"status-publish","4":"has-post-thumbnail","6":"product_cat-cremas","7":"product_cat-especializados","8":"product_tag-crema-adhesiva","9":"product_tag-crema-para-protesis","11":"first","12":"instock","13":"shipping-taxable","14":"product-type-simple"},"aioseo_notices":[],"_links":{"self":[{"href":"https:\/\/proquident.com.co\/higiene-oral\/wp-json\/wp\/v2\/product\/884","targetHints":{"allow":["GET"]}}],"collection":[{"href":"https:\/\/proquident.com.co\/higiene-oral\/wp-json\/wp\/v2\/product"}],"about":[{"href":"https:\/\/proquident.com.co\/higiene-oral\/wp-json\/wp\/v2\/types\/product"}],"replies":[{"embeddable":true,"href":"https:\/\/proquident.com.co\/higiene-oral\/wp-json\/wp\/v2\/comments?post=884"}],"wp:featuredmedia":[{"embeddable":true,"href":"https:\/\/proquident.com.co\/higiene-oral\/wp-json\/wp\/v2\/media\/1024"}],"wp:attachment":[{"href":"https:\/\/proquident.com.co\/higiene-oral\/wp-json\/wp\/v2\/media?parent=884"}],"wp:term":[{"taxonomy":"product_cat","embeddable":true,"href":"https:\/\/proquident.com.co\/higiene-oral\/wp-json\/wp\/v2\/product_cat?post=884"},{"taxonomy":"product_tag","embeddable":true,"href":"https:\/\/proquident.com.co\/higiene-oral\/wp-json\/wp\/v2\/product_tag?post=884"}],"curies":[{"name":"wp","href":"https:\/\/api.w.org\/{rel}","templated":true}]}}