{"id":883,"date":"2023-01-05T18:20:13","date_gmt":"2023-01-05T18:20:13","guid":{"rendered":"https:\/\/proquident.com.co\/higiene-oral\/?post_type=product&#038;p=883"},"modified":"2025-12-10T15:23:51","modified_gmt":"2025-12-10T15:23:51","slug":"kit-love","status":"publish","type":"product","link":"https:\/\/proquident.com.co\/higiene-oral\/producto\/kit-love\/","title":{"rendered":"Kit love"},"content":{"rendered":"<h3>Contiene<\/h3>\n<ul>\n<li>Crema dental adulto x 25 ml. que, gracias a la acci\u00f3n del fl\u00faor, el calcio y las micropart\u00edculas limpiadoras, logra dientes m\u00e1s fuertes, sanos y blancos.<br \/>\nEsta f\u00f3rmula, con agradable sabor a menta, tambi\u00e9n combate la placa bacteriana, ayuda a proteger a los dientes de las caries y brinda un aliento fresco.<\/li>\n<li>Cepillo dental adulto con cerdas en Nylon Bright Line que permiten una mejor remoci\u00f3n de la placa dentobacteriana, sin lastimar las enc\u00edas, pues son suaves, flexibles y con terminaci\u00f3n redondeada.<br \/>\nCabeza redonda para evitar traumatismos e irritaciones en tejidos blandos y enc\u00edas, su innovador dise\u00f1o tambi\u00e9n permite un mayor acceso a las zonas posteriores, logrando una limpieza m\u00e1s efectiva. El mango ergon\u00f3mico es de f\u00e1cil agarre.<\/li>\n<li>Seda dental de con cera natural biodegradable, elaborada en nylon 100% redondo, \u00fatil en el barrido de la placa bacteriana que se forma en el surco gingival de los espacios interproximales (entre diente y diente). El correcto y continuo uso de este producto, protege las enc\u00edas y previene la aparici\u00f3n de la gingivitis, infecci\u00f3n que se caracteriza por la inflamaci\u00f3n y el sangrado -representa la etapa inicial de la enfermedad periodontal-, por ello el odont\u00f3logo recomienda adoptar buenos h\u00e1bitos de higiene oral y visitarlo cada a\u00f1o.<\/li>\n<li>Protector de cepillo.<\/li>\n<li>Estuche.<\/li>\n<\/ul>\n<h3>Recomendaciones<\/h3>\n<p>El odont\u00f3logo recomienda cepillar los dientes despu\u00e9s de cada comida, reemplazar el cepillo cada tres meses, si se evidencia desgaste o se deformen las cerdas y despu\u00e9s de las infecciones respiratorias agudas.<\/p>\n<h3>P\u00fablico<\/h3>\n<p>Adultos.<\/p>\n<h3>Presentaciones<\/h3>\n<p>Cepillo dental \u2013 Crema dental adultos x 25 cc- Seda dental \u2013 Protector de cepillo \u2013 Estuche.<\/p>\n<p>&nbsp;<\/p>\n<p><strong>Para Informaci\u00f3n adicional sobre este producto cont\u00e1ctenos a trav\u00e9s de <i class=\"fas fa-envelope\"><\/i><a href=\"mailto:contacto@proquident.com.co\" target=\"_blank\" rel=\"noopener\">\u00a0contacto@proquident.com.co<\/a><\/strong><\/p>\n","protected":false},"excerpt":{"rendered":"<p>Para tu comodidad dise\u00f1amos este pr\u00e1ctico kit que re\u00fane en un estuche todos los productos necesarios para garantizar la higiene bucal de los adultos.<\/p>\n<p>Juego de productos especializados para la higiene bucal de adultos. Este kit es elaborado con materias primas de alta calidad que brindan protecci\u00f3n anticaries y cuidan las enc\u00edas.<\/p>\n<p>[su_button url=\"https:\/\/proquident.com.co\/DocumentosProductos\/Kit%20Love\/GC-FT-681%20KIT%20LOVE%20PROQUIDENT%20v.4.pdf?_t=1765380138\" target=\"_blank\" style=\"flat\u201d icon=\"icon: angle-double-down\u201d]Ficha t\u00e9cnica[\/su_button] [su_button url=\"\" target=\"_blank\" style=\"flat\u201d icon=\"icon: angle-double-down\u201d]Registro sanitario[\/su_button]<\/p>\n[fl_builder_insert_layout id=1330]\n","protected":false},"featured_media":1432,"comment_status":"open","ping_status":"closed","template":"","meta":{"om_disable_all_campaigns":false,"inline_featured_image":false,"_monsterinsights_skip_tracking":false,"_monsterinsights_sitenote_active":false,"_monsterinsights_sitenote_note":"","_monsterinsights_sitenote_category":0,"_uf_show_specific_survey":0,"_uf_disable_surveys":false},"product_cat":[155],"product_tag":[67,98],"class_list":{"0":"post-883","1":"product","2":"type-product","3":"status-publish","4":"has-post-thumbnail","6":"product_cat-kits","7":"product_tag-kit-higiene","8":"product_tag-kit-personal","10":"first","11":"instock","12":"shipping-taxable","13":"product-type-simple"},"aioseo_notices":[],"_links":{"self":[{"href":"https:\/\/proquident.com.co\/higiene-oral\/wp-json\/wp\/v2\/product\/883","targetHints":{"allow":["GET"]}}],"collection":[{"href":"https:\/\/proquident.com.co\/higiene-oral\/wp-json\/wp\/v2\/product"}],"about":[{"href":"https:\/\/proquident.com.co\/higiene-oral\/wp-json\/wp\/v2\/types\/product"}],"replies":[{"embeddable":true,"href":"https:\/\/proquident.com.co\/higiene-oral\/wp-json\/wp\/v2\/comments?post=883"}],"wp:featuredmedia":[{"embeddable":true,"href":"https:\/\/proquident.com.co\/higiene-oral\/wp-json\/wp\/v2\/media\/1432"}],"wp:attachment":[{"href":"https:\/\/proquident.com.co\/higiene-oral\/wp-json\/wp\/v2\/media?parent=883"}],"wp:term":[{"taxonomy":"product_cat","embeddable":true,"href":"https:\/\/proquident.com.co\/higiene-oral\/wp-json\/wp\/v2\/product_cat?post=883"},{"taxonomy":"product_tag","embeddable":true,"href":"https:\/\/proquident.com.co\/higiene-oral\/wp-json\/wp\/v2\/product_tag?post=883"}],"curies":[{"name":"wp","href":"https:\/\/api.w.org\/{rel}","templated":true}]}}