{"id":879,"date":"2023-01-05T18:07:45","date_gmt":"2023-01-05T18:07:45","guid":{"rendered":"https:\/\/proquident.com.co\/higiene-oral\/?post_type=product&#038;p=879"},"modified":"2025-10-22T00:04:35","modified_gmt":"2025-10-22T00:04:35","slug":"crema-dental-kids","status":"publish","type":"product","link":"https:\/\/proquident.com.co\/higiene-oral\/producto\/crema-dental-kids\/","title":{"rendered":"Crema dental kids sin fl\u00faor"},"content":{"rendered":"<h3>Usos<\/h3>\n<p>Aplica una peque\u00f1a cantidad de crema sobre el cepillo de dientes, verifica la t\u00e9cnica de cepillado y su correcto enjuague al terminar el proceso.<\/p>\n<p>Ni\u00f1os de 0-2 a\u00f1os: Aplicar crema dental con fl\u00faor de 1100 ppm del tama\u00f1o de medio grano de arroz crudo.<\/p>\n<p>Ni\u00f1os de 2-4 a\u00f1os: Aplicar crema dental con o sin fl\u00faor del tama\u00f1o de un grano de arroz crudo.<\/p>\n<p>Ni\u00f1os de 4 a\u00f1os en adelante: Aplicar crema dental con o sin fl\u00faor del tama\u00f1o de una lenteja cruda.<\/p>\n<h3>Beneficios<\/h3>\n<ul>\n<li>Delicioso sabor a chicle.<\/li>\n<li>Ayuda a prevenir la fluorosis dental.<\/li>\n<li>Libre de sulfatos y parabenos<\/li>\n<\/ul>\n<h3>Recomendaciones:<\/h3>\n<p>Ten presente que a esta edad se busca promover buenos h\u00e1bitos en los ni\u00f1os, entre estos el cuidado oral, por ello se recomienda la compa\u00f1\u00eda y supervisi\u00f3n de un adulto.<\/p>\n<p>El odontopediatra recomienda cepillar los dientes despu\u00e9s de cada comida y reemplazar el cepillo cada tres meses.<\/p>\n<h3>P\u00fablico<\/h3>\n<p>Para ni\u00f1os de 2 a 6 a\u00f1os.<\/p>\n<h3>Presentaciones<\/h3>\n<p>Crema kids azul 100g, crema kids fucsia 100g, crema kids azul 100g + cepillo, crema kids fucsia 100g + cepillo, blister crema kids azul + cepillo + protector, blister crema kids fucsia + cepillo + protector.<\/p>\n<p><strong>Para Informaci\u00f3n adicional sobre este producto cont\u00e1ctenos a trav\u00e9s de <i class=\"fas fa-envelope\"><\/i><a href=\"mailto:contacto@proquident.com.co\" target=\"_blank\" rel=\"noopener\">\u00a0contacto@proquident.com.co<\/a><\/strong><\/p>\n","protected":false},"excerpt":{"rendered":"<p>Crema dental sin fl\u00faor para ni\u00f1os de 2 a 6 a\u00f1os de edad con part\u00edculas limpiadoras para cuidar los dientes de los m\u00e1s peque\u00f1os.<\/p>\n[fl_builder_insert_layout id=1244]\n<p>[su_button url=\"https:\/\/proquident.com.co\/DocumentosProductos\/Crema%20dental%20kids\/GC-FT-25CREMA%20DENTAL%20KIDS%20PROQUIDENT_V7.pdf?_t=1761091437\" target=\"_blank\" style=\"flat\u201d icon=\"icon: angle-double-down\u201d]Ficha t\u00e9cnica[\/su_button] [su_button url=\"https:\/\/proquident.com.co\/DocumentosProductos\/Crema%20dental%20kids\/%28NSOC80138-17CO%29%20Crema%20Dental%20ni%C3%B1os%20sin%20fluor.pdf?_t=1761084470\" target=\"_blank\" style=\"flat\u201d icon=\"icon: angle-double-down\u201d]Registro sanitario[\/su_button]<\/p>\n","protected":false},"featured_media":1637,"comment_status":"open","ping_status":"closed","template":"","meta":{"om_disable_all_campaigns":false,"inline_featured_image":false,"_monsterinsights_skip_tracking":false,"_monsterinsights_sitenote_active":false,"_monsterinsights_sitenote_note":"","_monsterinsights_sitenote_category":0,"_uf_show_specific_survey":0,"_uf_disable_surveys":false},"product_cat":[149],"product_tag":[86,94,93,92],"class_list":{"0":"post-879","1":"product","2":"type-product","3":"status-publish","4":"has-post-thumbnail","6":"product_cat-cremas","7":"product_tag-crema-infantil","8":"product_tag-crema-kids","9":"product_tag-crema-ninos","10":"product_tag-crema-sin-fluor","12":"first","13":"instock","14":"shipping-taxable","15":"product-type-simple"},"aioseo_notices":[],"_links":{"self":[{"href":"https:\/\/proquident.com.co\/higiene-oral\/wp-json\/wp\/v2\/product\/879","targetHints":{"allow":["GET"]}}],"collection":[{"href":"https:\/\/proquident.com.co\/higiene-oral\/wp-json\/wp\/v2\/product"}],"about":[{"href":"https:\/\/proquident.com.co\/higiene-oral\/wp-json\/wp\/v2\/types\/product"}],"replies":[{"embeddable":true,"href":"https:\/\/proquident.com.co\/higiene-oral\/wp-json\/wp\/v2\/comments?post=879"}],"wp:featuredmedia":[{"embeddable":true,"href":"https:\/\/proquident.com.co\/higiene-oral\/wp-json\/wp\/v2\/media\/1637"}],"wp:attachment":[{"href":"https:\/\/proquident.com.co\/higiene-oral\/wp-json\/wp\/v2\/media?parent=879"}],"wp:term":[{"taxonomy":"product_cat","embeddable":true,"href":"https:\/\/proquident.com.co\/higiene-oral\/wp-json\/wp\/v2\/product_cat?post=879"},{"taxonomy":"product_tag","embeddable":true,"href":"https:\/\/proquident.com.co\/higiene-oral\/wp-json\/wp\/v2\/product_tag?post=879"}],"curies":[{"name":"wp","href":"https:\/\/api.w.org\/{rel}","templated":true}]}}