{"id":878,"date":"2023-01-05T18:05:55","date_gmt":"2023-01-05T18:05:55","guid":{"rendered":"https:\/\/proquident.com.co\/higiene-oral\/?post_type=product&#038;p=878"},"modified":"2026-02-11T17:28:45","modified_gmt":"2026-02-11T17:28:45","slug":"cepillo-para-protesis-dental-extra-oral","status":"publish","type":"product","link":"https:\/\/proquident.com.co\/higiene-oral\/producto\/cepillo-para-protesis-dental-extra-oral\/","title":{"rendered":"Cepillo para pr\u00f3tesis dental"},"content":{"rendered":"<h3>Usos<\/h3>\n<ul>\n<li><span class=\"TextRun SCXW221025581 BCX0\" lang=\"ES-MX\" xml:lang=\"ES-MX\" data-contrast=\"auto\"><span class=\"NormalTextRun SCXW221025581 BCX0\">Las pr\u00f3tesis y dispositivos odontol\u00f3gicos se deben lavar con jab\u00f3n neutro de tocador.<\/span><\/span><\/li>\n<li>Cepilla la pr\u00f3tesis o el dispositivo que se vaya a limpiar, por 1 minuto.<\/li>\n<li>Enjuaga y seca.<\/li>\n<\/ul>\n<h3>Beneficios<\/h3>\n<ul>\n<li>Cabezal con menor tama\u00f1o para acceder a lugares de dif\u00edcil acceso y zona del surco yugal.<\/li>\n<li>Mango ondulado que proporciona un f\u00e1cil agarre y texturizado para evitar deslizamientos.<\/li>\n<li>Cepillo amplio para zonas m\u00e1s grandes.<\/li>\n<\/ul>\n<h3>Recomendaciones<\/h3>\n<p>Evita limpiar la pr\u00f3tesis o aparato de ortodoncia con vinagre, blanqueador u otro producto no recomendado, ya que puede ser nocivo para tu salud bucal.<\/p>\n<h3>P\u00fablico<\/h3>\n<p>Personas con pr\u00f3tesis dentales (completas o parciales), elaboradas en acr\u00edlico o metal.<br \/>\nNi\u00f1os o adultos con aparatos de ortodoncia.<\/p>\n<h3>Presentaciones<\/h3>\n<p>Bl\u00edster x 1 unidad.<\/p>\n<p><strong>Para Informaci\u00f3n adicional sobre este producto cont\u00e1ctenos a trav\u00e9s de <i class=\"fas fa-envelope\"><\/i><a href=\"mailto:contacto@proquident.com.co\" target=\"_blank\" rel=\"noopener\">\u00a0contacto@proquident.com.co<\/a><\/strong><\/p>\n","protected":false},"excerpt":{"rendered":"<p>Cepillo ergon\u00f3micamente dise\u00f1ado para lograr una limpieza completa de las pr\u00f3tesis dentales y los aparatos de ortodoncia. A diferencia de los cepillos convencionales, este producto posee cerdas duras, planas, largas y gruesas que permiten mayor acceso a la pieza dental, para remover eficazmente la placa bacteriana.<\/p>\n<p>Adem\u00e1s, el mango grueso y ondulado proporciona un firme agarre.<\/p>\n<p>Ten en cuenta que para garantizar una buena higiene bucal, la limpieza de la pr\u00f3tesis o aparato de ortodoncia debe complementarse con el cuidado de la boca (aunque no se tenga ning\u00fan diente), pues las mucosas y lengua tambi\u00e9n albergan bacterias que deben ser removidas con un cepillo de cerdas suaves.<\/p>\n<p>[su_button url=\"https:\/\/proquident.com.co\/DocumentosProductos\/Cepillo%20extraoral%20pro%CC%81tesis\/GC-FT-846CEPILLO%20PARA%20PROTESIS%20DENTAL%20DTB-202%20PROQUIDENT%20BL%C3%8DSTER_V3.pdf?_t=1761097829\" target=\"_blank\" style=\"flat\u201d icon=\"icon: angle-double-down\u201d]Ficha t\u00e9cnica[\/su_button] [su_button url=\"https:\/\/proquident.com.co\/DocumentosProductos\/Cepillo%20interproximal%20x%204\/INVIMA%202021DM-0024771%20Nuevo.pdf?_t=1770830757\" target=\"_blank\" style=\"flat\u201d icon=\"icon: angle-double-down\u201d]Registro sanitario[\/su_button]<\/p>\n[fl_builder_insert_layout id=1262]\n","protected":false},"featured_media":998,"comment_status":"open","ping_status":"closed","template":"","meta":{"om_disable_all_campaigns":false,"inline_featured_image":false,"_monsterinsights_skip_tracking":false,"_monsterinsights_sitenote_active":false,"_monsterinsights_sitenote_note":"","_monsterinsights_sitenote_category":0,"_uf_show_specific_survey":0,"_uf_disable_surveys":false},"product_cat":[145,56],"product_tag":[91,90],"class_list":{"0":"post-878","1":"product","2":"type-product","3":"status-publish","4":"has-post-thumbnail","6":"product_cat-cepillos","7":"product_cat-especializados","8":"product_tag-cepillo-adultos","9":"product_tag-cepillo-protesis-dental","11":"first","12":"instock","13":"shipping-taxable","14":"product-type-simple"},"aioseo_notices":[],"_links":{"self":[{"href":"https:\/\/proquident.com.co\/higiene-oral\/wp-json\/wp\/v2\/product\/878","targetHints":{"allow":["GET"]}}],"collection":[{"href":"https:\/\/proquident.com.co\/higiene-oral\/wp-json\/wp\/v2\/product"}],"about":[{"href":"https:\/\/proquident.com.co\/higiene-oral\/wp-json\/wp\/v2\/types\/product"}],"replies":[{"embeddable":true,"href":"https:\/\/proquident.com.co\/higiene-oral\/wp-json\/wp\/v2\/comments?post=878"}],"wp:featuredmedia":[{"embeddable":true,"href":"https:\/\/proquident.com.co\/higiene-oral\/wp-json\/wp\/v2\/media\/998"}],"wp:attachment":[{"href":"https:\/\/proquident.com.co\/higiene-oral\/wp-json\/wp\/v2\/media?parent=878"}],"wp:term":[{"taxonomy":"product_cat","embeddable":true,"href":"https:\/\/proquident.com.co\/higiene-oral\/wp-json\/wp\/v2\/product_cat?post=878"},{"taxonomy":"product_tag","embeddable":true,"href":"https:\/\/proquident.com.co\/higiene-oral\/wp-json\/wp\/v2\/product_tag?post=878"}],"curies":[{"name":"wp","href":"https:\/\/api.w.org\/{rel}","templated":true}]}}