{"id":877,"date":"2023-01-05T18:04:22","date_gmt":"2023-01-05T18:04:22","guid":{"rendered":"https:\/\/proquident.com.co\/higiene-oral\/?post_type=product&#038;p=877"},"modified":"2026-02-11T17:29:39","modified_gmt":"2026-02-11T17:29:39","slug":"cepillo-en-silicona-baby","status":"publish","type":"product","link":"https:\/\/proquident.com.co\/higiene-oral\/producto\/cepillo-en-silicona-baby\/","title":{"rendered":"Cepillo dedal de silicona baby"},"content":{"rendered":"\r\n<h3>Usos<\/h3>\r\n<p>Este producto es de uso diario. Aplica una peque\u00f1a cantidad de crema ( medio grano de arroz crudo para beb\u00e9s menores de 2 a\u00f1os, y un grano de arroz crudo para ni\u00f1os de 2 a 4 a\u00f1os) sobre un dedal de silicona, realiza un suave masaje sobre los carriles de las enc\u00edas, las mucosas y la lengua del beb\u00e9.<\/p>\r\n<p>Desde la aparici\u00f3n del primer diente, el odontopediatra recomienda complementar el uso del dedal con un cepillo peque\u00f1o -de cerdas suaves- para hacer una limpieza m\u00e1s completa. Tambi\u00e9n aconseja cambiar el dedal cada 2 meses, para garantizar la efectividad del cepillado.<\/p>\r\n<h3>Beneficios<\/h3>\r\n<p>Dise\u00f1ado especialmente para la limpieza y estimulaci\u00f3n de las enc\u00edas y los primeros dientes de tu beb\u00e9.<\/p>\r\n<p>Elaborado en silicona suave de alta calidad.<\/p>\r\n<p>F\u00e1cil manipulaci\u00f3n para los cuidadores del beb\u00e9<\/p>\r\n<p>El uso del dedal permite que el peque\u00f1o se vaya familiarizando con el cepillado para evitar el reflejo de v\u00f3mito cuando se introduce un objeto en la boca, fomentando tambi\u00e9n un buen h\u00e1bito de higiene bucal desde los primeros meses de vida.<\/p>\r\n<h3>Recomendaciones<\/h3>\r\n<p>Este producto no es un juguete, debe ser usado por un adulto.<br \/>L\u00e1velo con agua y jab\u00f3n y revis\u00e9 minuciosamente.<br \/>Reemplazar en los primeros signos de da\u00f1o o rotura.<\/p>\r\n<h3>P\u00fablico<\/h3>\r\n<p>Para beb\u00e9s desde los 3 meses.<\/p>\r\n<h3>Presentaciones<\/h3>\r\n<p>Dedal de silicona + crema dental baby 25mL<\/p>\r\n<p>Dedal de silicona + estuche<\/p>\r\n<p><strong>Para Informaci\u00f3n adicional sobre este producto cont\u00e1ctenos a trav\u00e9s de <a href=\"mailto:contacto@proquident.com.co\" target=\"_blank\" rel=\"noopener\">\u00a0contacto@proquident.com.co<\/a><\/strong><\/p>\r\n","protected":false},"excerpt":{"rendered":"<p>Dedal elaborado en silicona suave de alta calidad y de f\u00e1cil manipulaci\u00f3n para los cuidadores del beb\u00e9. Ideal para limpiar suavemente las enc\u00edas y la cavidad oral. Se recomienda que sea manipulado \u00fanicamente por un adulto.<\/p>\n<p>[fl_builder_insert_layout id=755] [su_button url=\"https:\/\/proquident.com.co\/kids\/DocumentosProductos\/Cepillo%20silicona%20baby\/GC-FT-814CEPILLODEDALDESILICONAKTB-114PROQUIDENTBLISTER_v2%20(1).pdf?_t=1743093108\" target=\"_blank\" style=\"flat\u201d icon=\"icon: angle-double-down\u201d]Ficha t\u00e9cnica[\/su_button] [su_button url=\"https:\/\/proquident.com.co\/DocumentosProductos\/Cepillo%20interproximal%20x%204\/INVIMA%202021DM-0024771%20Nuevo.pdf?_t=1770830757\" target=\"_blank\" style=\"flat\u201d icon=\"icon: angle-double-down\u201d]Registro sanitario[\/su_button]\u00a0<\/p>\n","protected":false},"featured_media":999,"comment_status":"open","ping_status":"closed","template":"","meta":{"om_disable_all_campaigns":false,"inline_featured_image":false,"_monsterinsights_skip_tracking":false,"_monsterinsights_sitenote_active":false,"_monsterinsights_sitenote_note":"","_monsterinsights_sitenote_category":0,"_uf_show_specific_survey":0,"_uf_disable_surveys":false},"product_cat":[145],"product_tag":[88,89],"class_list":{"0":"post-877","1":"product","2":"type-product","3":"status-publish","4":"has-post-thumbnail","6":"product_cat-cepillos","7":"product_tag-cepillo-bebes","8":"product_tag-cepillo-encias","10":"first","11":"instock","12":"shipping-taxable","13":"product-type-simple"},"aioseo_notices":[],"_links":{"self":[{"href":"https:\/\/proquident.com.co\/higiene-oral\/wp-json\/wp\/v2\/product\/877","targetHints":{"allow":["GET"]}}],"collection":[{"href":"https:\/\/proquident.com.co\/higiene-oral\/wp-json\/wp\/v2\/product"}],"about":[{"href":"https:\/\/proquident.com.co\/higiene-oral\/wp-json\/wp\/v2\/types\/product"}],"replies":[{"embeddable":true,"href":"https:\/\/proquident.com.co\/higiene-oral\/wp-json\/wp\/v2\/comments?post=877"}],"wp:featuredmedia":[{"embeddable":true,"href":"https:\/\/proquident.com.co\/higiene-oral\/wp-json\/wp\/v2\/media\/999"}],"wp:attachment":[{"href":"https:\/\/proquident.com.co\/higiene-oral\/wp-json\/wp\/v2\/media?parent=877"}],"wp:term":[{"taxonomy":"product_cat","embeddable":true,"href":"https:\/\/proquident.com.co\/higiene-oral\/wp-json\/wp\/v2\/product_cat?post=877"},{"taxonomy":"product_tag","embeddable":true,"href":"https:\/\/proquident.com.co\/higiene-oral\/wp-json\/wp\/v2\/product_tag?post=877"}],"curies":[{"name":"wp","href":"https:\/\/api.w.org\/{rel}","templated":true}]}}