{"id":876,"date":"2023-01-05T18:02:32","date_gmt":"2023-01-05T18:02:32","guid":{"rendered":"https:\/\/proquident.com.co\/higiene-oral\/?post_type=product&#038;p=876"},"modified":"2025-10-22T00:32:01","modified_gmt":"2025-10-22T00:32:01","slug":"crema-dental-kids-naturals","status":"publish","type":"product","link":"https:\/\/proquident.com.co\/higiene-oral\/producto\/crema-dental-kids-naturals\/","title":{"rendered":"Crema dental Kids Naturals"},"content":{"rendered":"<h3>Usos<\/h3>\n<p>Aplica una peque\u00f1a cantidad de crema (tama\u00f1o de una lenteja) sobre el cepillo de dientes, verifica la t\u00e9cnica de cepillado y su correcto enjuague al terminar el proceso.<\/p>\n<h3>Beneficios<\/h3>\n<ul>\n<li>Sin fl\u00faor.<\/li>\n<li>Ayuda a prevenir la fluorosis dental.<\/li>\n<li>Sabor a chicle<\/li>\n<li>Cuenta con part\u00edculas limpiadoras<\/li>\n<\/ul>\n<p>Ten presente que a esta edad se busca promover buenos h\u00e1bitos en los ni\u00f1os, entre estos el cuidado oral, por ello se recomienda la compa\u00f1\u00eda y supervisi\u00f3n de un adulto.<\/p>\n<h3>P\u00fablico<\/h3>\n<p>Para ni\u00f1os de 2 a 6 a\u00f1os.<\/p>\n<h3>Presentaciones<\/h3>\n<p>75mL<\/p>\n<p><strong>Para Informaci\u00f3n adicional sobre este producto cont\u00e1ctenos a trav\u00e9s de <i class=\"fas fa-envelope\"><\/i><a href=\"mailto:contacto@proquident.com.co\" target=\"_blank\" rel=\"noopener\">\u00a0contacto@proquident.com.co<\/a><\/strong><\/p>\n","protected":false},"excerpt":{"rendered":"<p>\u00a1Si quieres darle lo mejor a tu hijo cuida el poder de su sonrisa naturalmente!<\/p>\n<p>Proquident ha dise\u00f1ado una Crema dental que contiene ingredientes naturales, entre ellos el Xilitol que ayuda contra la caries y placa bacteriana.<\/p>\n<p>Adem\u00e1s, esta crema sin fl\u00faor, est\u00e1 libre de sulfatos (pueden ser irritantes en los tejidos blandos de los ni\u00f1os) y parabenos (se pueden encontrar en des\u00f3rdenes hormonales).<\/p>\n[fl_builder_insert_layout id=1247]\n<p>[su_button url=\"https:\/\/proquident.com.co\/DocumentosProductos\/Crema%20dental%20kids%20naturals\/GC-FT-432CREMA%20DENTAL%20KIDS%20NATURALS%20PROQUIDENT_v6%20%282%29.pdf?_t=1761093070\" target=\"_blank\" style=\"flat\u201d icon=\"icon: angle-double-down\u201d]Ficha t\u00e9cnica[\/su_button] [su_button url=\"https:\/\/proquident.com.co\/DocumentosProductos\/Crema%20dental%20kids%20naturals\/%28NSOC64253-15CO%29%20Crema%20dental%20Kids%20Naturals.pdf?_t=1760767602\" target=\"_blank\" style=\"flat\u201d icon=\"icon: angle-double-down\u201d]Registro sanitario[\/su_button]<\/p>\n","protected":false},"featured_media":1845,"comment_status":"open","ping_status":"closed","template":"","meta":{"om_disable_all_campaigns":false,"inline_featured_image":false,"_monsterinsights_skip_tracking":false,"_monsterinsights_sitenote_active":false,"_monsterinsights_sitenote_note":"","_monsterinsights_sitenote_category":0,"_uf_show_specific_survey":0,"_uf_disable_surveys":false},"product_cat":[149],"product_tag":[80,87,86,85],"class_list":{"0":"post-876","1":"product","2":"type-product","3":"status-publish","4":"has-post-thumbnail","6":"product_cat-cremas","7":"product_tag-crema-dental","8":"product_tag-crema-dental-kids","9":"product_tag-crema-infantil","10":"product_tag-crema-para-ninos","12":"first","13":"instock","14":"shipping-taxable","15":"product-type-simple"},"aioseo_notices":[],"_links":{"self":[{"href":"https:\/\/proquident.com.co\/higiene-oral\/wp-json\/wp\/v2\/product\/876","targetHints":{"allow":["GET"]}}],"collection":[{"href":"https:\/\/proquident.com.co\/higiene-oral\/wp-json\/wp\/v2\/product"}],"about":[{"href":"https:\/\/proquident.com.co\/higiene-oral\/wp-json\/wp\/v2\/types\/product"}],"replies":[{"embeddable":true,"href":"https:\/\/proquident.com.co\/higiene-oral\/wp-json\/wp\/v2\/comments?post=876"}],"wp:featuredmedia":[{"embeddable":true,"href":"https:\/\/proquident.com.co\/higiene-oral\/wp-json\/wp\/v2\/media\/1845"}],"wp:attachment":[{"href":"https:\/\/proquident.com.co\/higiene-oral\/wp-json\/wp\/v2\/media?parent=876"}],"wp:term":[{"taxonomy":"product_cat","embeddable":true,"href":"https:\/\/proquident.com.co\/higiene-oral\/wp-json\/wp\/v2\/product_cat?post=876"},{"taxonomy":"product_tag","embeddable":true,"href":"https:\/\/proquident.com.co\/higiene-oral\/wp-json\/wp\/v2\/product_tag?post=876"}],"curies":[{"name":"wp","href":"https:\/\/api.w.org\/{rel}","templated":true}]}}