{"id":871,"date":"2023-01-05T17:48:44","date_gmt":"2023-01-05T17:48:44","guid":{"rendered":"https:\/\/proquident.com.co\/higiene-oral\/?post_type=product&#038;p=871"},"modified":"2026-04-22T20:44:28","modified_gmt":"2026-04-22T20:44:28","slug":"kit-adulto","status":"publish","type":"product","link":"https:\/\/proquident.com.co\/higiene-oral\/producto\/kit-adulto\/","title":{"rendered":"Kit personal adultos"},"content":{"rendered":"<h3>Contiene<\/h3>\n<ul>\n<li>Crema dental anticaries 25mL.<\/li>\n<li>Seda dental con cera natural 12 Mt.<\/li>\n<li>Cepillo dental.<\/li>\n<li>Estuche.<\/li>\n<\/ul>\n<h3>Recomendaciones<\/h3>\n<p>El odont\u00f3logo recomienda cepillar los dientes despu\u00e9s de cada comida y reemplazar el cepillo cada tres meses.<\/p>\n<h3>P\u00fablico<\/h3>\n<p>Adultos.<\/p>\n<h3>Presentaci\u00f3n<\/h3>\n<p>1 unidad por empaque<\/p>\n<p><strong>Para Informaci\u00f3n adicional sobre este producto cont\u00e1ctenos a trav\u00e9s de <i class=\"fas fa-envelope\"><\/i><a href=\"mailto:contacto@proquident.com.co\" target=\"_blank\" rel=\"noopener\">\u00a0contacto@proquident.com.co<\/a><\/strong><\/p>\n","protected":false},"excerpt":{"rendered":"<p>Para tu comodidad dise\u00f1amos este pr\u00e1ctico kit que re\u00fane en un estuche todos los productos necesarios para garantizar la higiene bucal de los adultos.<\/p>\n<p>Juego de productos especializados para la higiene bucal de adultos. Este kit es elaborado con materias primas de alta calidad que brindan protecci\u00f3n anticaries y cuidan las enc\u00edas.<\/p>\n<p>[su_button url=\"https:\/\/proquident.com.co\/DocumentosProductos\/Kit%20adulto\/CNC%20GC-FT-110%20KIT%20PERSONAL%20ADULTOS%20PROQUIDENT%20v.5.pdf?_t=1776890281\" target=\"_blank\" style=\"flat\u201d icon=\"icon: angle-double-down\u201d]Ficha t\u00e9cnica[\/su_button] [su_button url=\"\" target=\"_blank\" style=\"flat\u201d icon=\"icon: angle-double-down\u201d]Registro sanitario[\/su_button]<\/p>\n[fl_builder_insert_layout id=1319]\n","protected":false},"featured_media":1866,"comment_status":"open","ping_status":"closed","template":"","meta":{"om_disable_all_campaigns":false,"inline_featured_image":false,"_monsterinsights_skip_tracking":false,"_monsterinsights_sitenote_active":false,"_monsterinsights_sitenote_note":"","_monsterinsights_sitenote_category":0,"_uf_show_specific_survey":0,"_uf_disable_surveys":false},"product_cat":[155],"product_tag":[78],"class_list":{"0":"post-871","1":"product","2":"type-product","3":"status-publish","4":"has-post-thumbnail","6":"product_cat-kits","7":"product_tag-kit-adultos","9":"first","10":"instock","11":"shipping-taxable","12":"product-type-simple"},"aioseo_notices":[],"_links":{"self":[{"href":"https:\/\/proquident.com.co\/higiene-oral\/wp-json\/wp\/v2\/product\/871","targetHints":{"allow":["GET"]}}],"collection":[{"href":"https:\/\/proquident.com.co\/higiene-oral\/wp-json\/wp\/v2\/product"}],"about":[{"href":"https:\/\/proquident.com.co\/higiene-oral\/wp-json\/wp\/v2\/types\/product"}],"replies":[{"embeddable":true,"href":"https:\/\/proquident.com.co\/higiene-oral\/wp-json\/wp\/v2\/comments?post=871"}],"wp:featuredmedia":[{"embeddable":true,"href":"https:\/\/proquident.com.co\/higiene-oral\/wp-json\/wp\/v2\/media\/1866"}],"wp:attachment":[{"href":"https:\/\/proquident.com.co\/higiene-oral\/wp-json\/wp\/v2\/media?parent=871"}],"wp:term":[{"taxonomy":"product_cat","embeddable":true,"href":"https:\/\/proquident.com.co\/higiene-oral\/wp-json\/wp\/v2\/product_cat?post=871"},{"taxonomy":"product_tag","embeddable":true,"href":"https:\/\/proquident.com.co\/higiene-oral\/wp-json\/wp\/v2\/product_tag?post=871"}],"curies":[{"name":"wp","href":"https:\/\/api.w.org\/{rel}","templated":true}]}}