{"id":869,"date":"2023-01-05T17:36:28","date_gmt":"2023-01-05T17:36:28","guid":{"rendered":"https:\/\/proquident.com.co\/higiene-oral\/?post_type=product&#038;p=869"},"modified":"2026-02-10T18:11:07","modified_gmt":"2026-02-10T18:11:07","slug":"crema-dental-adulto-naturals","status":"publish","type":"product","link":"https:\/\/proquident.com.co\/higiene-oral\/producto\/crema-dental-adulto-naturals\/","title":{"rendered":"Crema dental Naturals"},"content":{"rendered":"<h3>Usos<\/h3>\n<p>Aplica una cantidad de crema sobre el cepillo de dientes, usa la t\u00e9cnica adecuada para un buen cepillado y enjuaga al terminar el proceso.<\/p>\n<h3>Beneficios<\/h3>\n<ul>\n<li>Con xilitol<\/li>\n<li>Con cal\u00e9ndula<\/li>\n<li>Contiene hidroxiapatita que ayuda a fortalecer el esmalte dental<\/li>\n<li>Micropart\u00edculas limpiadoras<\/li>\n<li>Sabor a menta<\/li>\n<\/ul>\n<h3>P\u00fablico<\/h3>\n<p>Para mayores de 6 a\u00f1os.<\/p>\n<h3>Presentaci\u00f3n<\/h3>\n<p>75 mL.<\/p>\n<p><strong>Para Informaci\u00f3n adicional sobre este producto cont\u00e1ctenos a trav\u00e9s de <i class=\"fas fa-envelope\"><\/i><a href=\"mailto:contacto@proquident.com.co\" target=\"_blank\" rel=\"noopener\">\u00a0contacto@proquident.com.co<\/a><\/strong><\/p>\n","protected":false},"excerpt":{"rendered":"<p>Crema dental con ingredientes naturales, xilitol, la cal\u00e9ndula ayuda al cuidado de tus enc\u00edas y la hidroxiapatita ayuda a fortalecer el esmalte y disminuye la hipersensibilidad (cuando su uso es continuo).<\/p>\n<p>Esta completa f\u00f3rmula, sabor a menta, tambi\u00e9n ayuda a prevenir la desmineralizaci\u00f3n dental y el mal aliento.<\/p>\n[fl_builder_insert_layout id=1230]\n<p>[su_button url=\"https:\/\/proquident.com.co\/DocumentosProductos\/Crema%20dental%20adultos%20naturals\/GC-FT-504_6.pdf?_t=1770746978\" target=\"_blank\" style=\"flat\u201d icon=\"icon: angle-double-down\u201d]Ficha t\u00e9cnica[\/su_button] [su_button url=\"https:\/\/proquident.com.co\/DocumentosProductos\/Crema%20dental%20adultos%20naturals\/%28NSOC71571-16CO%29%20Crema%20dental%20Naturals%20Renovaci%C3%B3n%20mayo%202023.pdf?_t=1761083987\" target=\"_blank\" style=\"flat\u201d icon=\"icon: angle-double-down\u201d]Registro sanitario[\/su_button]<\/p>\n","protected":false},"featured_media":1839,"comment_status":"open","ping_status":"closed","template":"","meta":{"om_disable_all_campaigns":false,"inline_featured_image":false,"_monsterinsights_skip_tracking":false,"_monsterinsights_sitenote_active":false,"_monsterinsights_sitenote_note":"","_monsterinsights_sitenote_category":0,"_uf_show_specific_survey":0,"_uf_disable_surveys":false},"product_cat":[149],"product_tag":[77,204],"class_list":{"0":"post-869","1":"product","2":"type-product","3":"status-publish","4":"has-post-thumbnail","6":"product_cat-cremas","7":"product_tag-crema-dental-natural","8":"product_tag-naturals","10":"first","11":"instock","12":"shipping-taxable","13":"product-type-simple"},"aioseo_notices":[],"_links":{"self":[{"href":"https:\/\/proquident.com.co\/higiene-oral\/wp-json\/wp\/v2\/product\/869","targetHints":{"allow":["GET"]}}],"collection":[{"href":"https:\/\/proquident.com.co\/higiene-oral\/wp-json\/wp\/v2\/product"}],"about":[{"href":"https:\/\/proquident.com.co\/higiene-oral\/wp-json\/wp\/v2\/types\/product"}],"replies":[{"embeddable":true,"href":"https:\/\/proquident.com.co\/higiene-oral\/wp-json\/wp\/v2\/comments?post=869"}],"wp:featuredmedia":[{"embeddable":true,"href":"https:\/\/proquident.com.co\/higiene-oral\/wp-json\/wp\/v2\/media\/1839"}],"wp:attachment":[{"href":"https:\/\/proquident.com.co\/higiene-oral\/wp-json\/wp\/v2\/media?parent=869"}],"wp:term":[{"taxonomy":"product_cat","embeddable":true,"href":"https:\/\/proquident.com.co\/higiene-oral\/wp-json\/wp\/v2\/product_cat?post=869"},{"taxonomy":"product_tag","embeddable":true,"href":"https:\/\/proquident.com.co\/higiene-oral\/wp-json\/wp\/v2\/product_tag?post=869"}],"curies":[{"name":"wp","href":"https:\/\/api.w.org\/{rel}","templated":true}]}}