{"id":868,"date":"2023-01-05T04:05:52","date_gmt":"2023-01-05T04:05:52","guid":{"rendered":"https:\/\/proquident.com.co\/higiene-oral\/?post_type=product&#038;p=868"},"modified":"2026-02-10T18:16:28","modified_gmt":"2026-02-10T18:16:28","slug":"cepillo-dental-kids-x2","status":"publish","type":"product","link":"https:\/\/proquident.com.co\/higiene-oral\/producto\/cepillo-dental-kids-x2\/","title":{"rendered":"Cepillo dental kids 2&#215;1"},"content":{"rendered":"<h3>Usos<\/h3>\n<ul>\n<li>En menores de 2 a\u00f1os, la cantidad de crema dental debe ser equivalente a medio grano de arroz crudo.<\/li>\n<li>De los 2 a los 4 a\u00f1os, un grano de arroz completo crudo.<\/li>\n<li>Y a partir de los 4 a\u00f1os, la medida adecuada es similar al tama\u00f1o de una lenteja o un guisante.<\/li>\n<\/ul>\n<p>Inclina el cepillo en un \u00e1ngulo de 45 \u00b0 con respecto a la l\u00ednea de las enc\u00edas.<\/p>\n<p>Desliza el cepillo de atr\u00e1s hacia adelante, con movimientos circulares cortos y suaves.<\/p>\n<p>Repite esta t\u00e9cnica en cada diente, incluyendo la parte exterior, interior y la superficie de masticaci\u00f3n.<\/p>\n<p>Usa la punta del cepillo para alcanzar los dientes de atr\u00e1s, en la parte superior e inferior.<\/p>\n<p>Finalmente, limpia la lengua para eliminar las bacterias que causan mal olor.<\/p>\n<h3>Beneficios<\/h3>\n<ul>\n<li>Mango ergon\u00f3mico.<\/li>\n<li>Cerdas con terminaci\u00f3n redonda, elaboradas en nylon, suaves y flexibles.<\/li>\n<li>Cabeza redonda y limpiador de lengua.<\/li>\n<\/ul>\n<h3>Recomendaciones<\/h3>\n<p>Ten presente que a esta edad se busca promover buenos h\u00e1bitos en los ni\u00f1os, entre estos el cuidado oral, por ello se recomienda la compa\u00f1\u00eda y supervisi\u00f3n de un adulto.<\/p>\n<p>El odontopediatra recomienda cepillar los dientes despu\u00e9s de cada comida, reemplazar el cepillo cada tres meses, si se evidencia desgaste o se deformen las cerdas y despu\u00e9s de las infecciones respiratorias agudas.<\/p>\n<h3>P\u00fablico<\/h3>\n<p>Para ni\u00f1os de 2 a 6 a\u00f1os.<\/p>\n<h3>Presentaci\u00f3n<\/h3>\n<p>Blister 2 unidades.<\/p>\n<p><strong>Para Informaci\u00f3n adicional sobre este producto cont\u00e1ctenos a trav\u00e9s de <i class=\"fas fa-envelope\"><\/i><a href=\"mailto:contacto@proquident.com.co\" target=\"_blank\" rel=\"noopener\">\u00a0contacto@proquident.com.co<\/a><\/strong><\/p>\n","protected":false},"excerpt":{"rendered":"<p>Cepillo de dientes con cerdas suaves, cabeza redondeada y mango ergon\u00f3mico, para cepillar los dientes.<\/p>\n<p>[fl_builder_insert_layout id=1259] [su_youtube url=\"https:\/\/www.youtube.com\/watch?v=ucqxah3Jnow\"]<\/p>\n<p>[su_button url=\"https:\/\/proquident.com.co\/DocumentosProductos\/Cepillo%20kids%20x2\/GC-FT-671_5.pdf?_t=1770747340\" target=\"_blank\" style=\"flat\u201d icon=\"icon: angle-double-down\u201d]Ficha t\u00e9cnica[\/su_button] [su_button url=\"https:\/\/proquident.com.co\/DocumentosProductos\/Cepillo%20para%20ortodoncia\/INVIMA%202021DM-0024771%20Nuevo.pdf?_t=1770325116\" target=\"_blank\" style=\"flat\u201d icon=\"icon: angle-double-down\u201d]Registro sanitario[\/su_button]<\/p>\n","protected":false},"featured_media":1488,"comment_status":"open","ping_status":"closed","template":"","meta":{"om_disable_all_campaigns":false,"inline_featured_image":false,"_monsterinsights_skip_tracking":false,"_monsterinsights_sitenote_active":false,"_monsterinsights_sitenote_note":"","_monsterinsights_sitenote_category":0,"_uf_show_specific_survey":0,"_uf_disable_surveys":false},"product_cat":[145],"product_tag":[74,76,75],"class_list":{"0":"post-868","1":"product","2":"type-product","3":"status-publish","4":"has-post-thumbnail","6":"product_cat-cepillos","7":"product_tag-cepillo-infantil","8":"product_tag-cepillo-kids","9":"product_tag-cepillo-ninos","11":"first","12":"instock","13":"shipping-taxable","14":"product-type-simple"},"aioseo_notices":[],"_links":{"self":[{"href":"https:\/\/proquident.com.co\/higiene-oral\/wp-json\/wp\/v2\/product\/868","targetHints":{"allow":["GET"]}}],"collection":[{"href":"https:\/\/proquident.com.co\/higiene-oral\/wp-json\/wp\/v2\/product"}],"about":[{"href":"https:\/\/proquident.com.co\/higiene-oral\/wp-json\/wp\/v2\/types\/product"}],"replies":[{"embeddable":true,"href":"https:\/\/proquident.com.co\/higiene-oral\/wp-json\/wp\/v2\/comments?post=868"}],"wp:featuredmedia":[{"embeddable":true,"href":"https:\/\/proquident.com.co\/higiene-oral\/wp-json\/wp\/v2\/media\/1488"}],"wp:attachment":[{"href":"https:\/\/proquident.com.co\/higiene-oral\/wp-json\/wp\/v2\/media?parent=868"}],"wp:term":[{"taxonomy":"product_cat","embeddable":true,"href":"https:\/\/proquident.com.co\/higiene-oral\/wp-json\/wp\/v2\/product_cat?post=868"},{"taxonomy":"product_tag","embeddable":true,"href":"https:\/\/proquident.com.co\/higiene-oral\/wp-json\/wp\/v2\/product_tag?post=868"}],"curies":[{"name":"wp","href":"https:\/\/api.w.org\/{rel}","templated":true}]}}