{"id":867,"date":"2023-01-05T04:02:00","date_gmt":"2023-01-05T04:02:00","guid":{"rendered":"https:\/\/proquident.com.co\/higiene-oral\/?post_type=product&#038;p=867"},"modified":"2025-10-10T21:36:43","modified_gmt":"2025-10-10T21:36:43","slug":"kit-viajero-de-bioseguridad","status":"publish","type":"product","link":"https:\/\/proquident.com.co\/higiene-oral\/producto\/kit-viajero-de-bioseguridad\/","title":{"rendered":"Kit viajero bioseguridad"},"content":{"rendered":"<p><strong>Para Informaci\u00f3n adicional sobre este producto cont\u00e1ctenos a trav\u00e9s de <i class=\"fas fa-envelope\"><\/i><a href=\"mailto:contacto@proquident.com.co\" target=\"_blank\" rel=\"noopener\">\u00a0contacto@proquident.com.co<\/a><\/strong><\/p>\n","protected":false},"excerpt":{"rendered":"<p>Este kit ofrece una completa soluci\u00f3n personal para ir al trabajo, viajes, estudio o salir a hacer deporte, que incluye:<\/p>\n<p>\u2013 Gel antibacterial.<br \/>\n\u2013 Alcohol 65%.<br \/>\n\u2013 Enjuague bucal.<br \/>\n\u2013 Crema dental.<br \/>\n\u2013 Protector de cepillo.<br \/>\n\u2013 Cepillo dental.<br \/>\n\u2013 Cartuchera.<\/p>\n<h3>Presentaci\u00f3n<\/h3>\n<p>25mL frente a crema dental.<\/p>\n[fl_builder_insert_layout id=1654]\n<p>[su_button url=\"https:\/\/proquident.com.co\/DocumentosProductos\/Kit%20viajero%20de%20bioseguridad\/GC-FT-798%20KIT%20VIAJERO%20BIOSEGURIDAD%20PROQUIDENT_v2.pdf?_t=1724440540\" target=\"_blank\" style=\"flat\u201d icon=\"icon: angle-double-down\u201d]Ficha t\u00e9cnica[\/su_button] [su_button url=\"\" target=\"_blank\" style=\"flat\u201d icon=\"icon: angle-double-down\u201d]Registro sanitario[\/su_button]<\/p>\n","protected":false},"featured_media":929,"comment_status":"open","ping_status":"closed","template":"","meta":{"om_disable_all_campaigns":false,"inline_featured_image":false,"_monsterinsights_skip_tracking":false,"_monsterinsights_sitenote_active":false,"_monsterinsights_sitenote_note":"","_monsterinsights_sitenote_category":0,"_uf_show_specific_survey":0,"_uf_disable_surveys":false},"product_cat":[155],"product_tag":[73,72],"class_list":{"0":"post-867","1":"product","2":"type-product","3":"status-publish","4":"has-post-thumbnail","6":"product_cat-kits","7":"product_tag-kit-bioseguridad","8":"product_tag-kit-viajero","10":"first","11":"instock","12":"shipping-taxable","13":"product-type-simple"},"aioseo_notices":[],"_links":{"self":[{"href":"https:\/\/proquident.com.co\/higiene-oral\/wp-json\/wp\/v2\/product\/867","targetHints":{"allow":["GET"]}}],"collection":[{"href":"https:\/\/proquident.com.co\/higiene-oral\/wp-json\/wp\/v2\/product"}],"about":[{"href":"https:\/\/proquident.com.co\/higiene-oral\/wp-json\/wp\/v2\/types\/product"}],"replies":[{"embeddable":true,"href":"https:\/\/proquident.com.co\/higiene-oral\/wp-json\/wp\/v2\/comments?post=867"}],"wp:featuredmedia":[{"embeddable":true,"href":"https:\/\/proquident.com.co\/higiene-oral\/wp-json\/wp\/v2\/media\/929"}],"wp:attachment":[{"href":"https:\/\/proquident.com.co\/higiene-oral\/wp-json\/wp\/v2\/media?parent=867"}],"wp:term":[{"taxonomy":"product_cat","embeddable":true,"href":"https:\/\/proquident.com.co\/higiene-oral\/wp-json\/wp\/v2\/product_cat?post=867"},{"taxonomy":"product_tag","embeddable":true,"href":"https:\/\/proquident.com.co\/higiene-oral\/wp-json\/wp\/v2\/product_tag?post=867"}],"curies":[{"name":"wp","href":"https:\/\/api.w.org\/{rel}","templated":true}]}}