{"id":866,"date":"2023-01-05T04:00:18","date_gmt":"2023-01-05T04:00:18","guid":{"rendered":"https:\/\/proquident.com.co\/higiene-oral\/?post_type=product&#038;p=866"},"modified":"2026-02-10T17:56:24","modified_gmt":"2026-02-10T17:56:24","slug":"crema-dental-dientes-sensibles-blanqueadora","status":"publish","type":"product","link":"https:\/\/proquident.com.co\/higiene-oral\/producto\/crema-dental-dientes-sensibles-blanqueadora\/","title":{"rendered":"Crema dental con fl\u00faor Sensitive"},"content":{"rendered":"<h3>Usos<\/h3>\n<p>Aplica una cantidad de crema sobre el cepillo de dientes, usa la t\u00e9cnica adecuada para un buen cepillado y enjuaga al terminar el proceso.<\/p>\n<h3>Beneficios:<\/h3>\n<p>Ayuda a:<\/p>\n<ul>\n<li>aliviar la sensibilidad dental (cuando se usa bajo las instrucciones de uso indicadas en el producto).<\/li>\n<li>Protecci\u00f3n anticaries, por el contenido de fl\u00faor (1357 ppm).<\/li>\n<li>Sabor a menta.<\/li>\n<li>Con citrato de potasio.<\/li>\n<li>Con polivinilpirrolidona.<\/li>\n<\/ul>\n<h3>P\u00fablico<\/h3>\n<p>Ni\u00f1os mayores de 6 a\u00f1os y adultos.<\/p>\n<h3>Presentaci\u00f3n<\/h3>\n<p>75mL.<\/p>\n<p><strong>Para Informaci\u00f3n adicional sobre este producto cont\u00e1ctenos a trav\u00e9s de <i class=\"fas fa-envelope\"><\/i><a href=\"mailto:contacto@proquident.com.co\" target=\"_blank\" rel=\"noopener\">\u00a0contacto@proquident.com.co<\/a><\/strong><\/p>\n","protected":false},"excerpt":{"rendered":"<p>Crema con ingredientes para el manejo de la sensibilidad dental. Ayuda a prevenir la formaci\u00f3n de manchas externas, efecto que se logra acompa\u00f1ado de buenos h\u00e1bitos de higiene oral.<\/p>\n[fl_builder_insert_layout id=1238]\n<p>[su_button url=\"https:\/\/proquident.com.co\/DocumentosProductos\/Crema%20dental%20dientes%20sensibles\/GC-FT-99_7.pdf?_t=1770746111\" target=\"_blank\" style=\"flat\u201d icon=\"icon: angle-double-down\u201d]Ficha t\u00e9cnica[\/su_button] [su_button url=\"https:\/\/proquident.com.co\/DocumentosProductos\/Crema%20dental%20dientes%20sensibles\/%28NSOC22258-23CO%29%20Crema%20Dental%20con%20Fl%C3%BAor%20Sensitive.pdf?_t=1760767120\" target=\"_blank\" style=\"flat\u201d icon=\"icon: angle-double-down\u201d]Registro sanitario[\/su_button]<\/p>\n","protected":false},"featured_media":1206,"comment_status":"open","ping_status":"closed","template":"","meta":{"om_disable_all_campaigns":false,"inline_featured_image":false,"_monsterinsights_skip_tracking":false,"_monsterinsights_sitenote_active":false,"_monsterinsights_sitenote_note":"","_monsterinsights_sitenote_category":0,"_uf_show_specific_survey":0,"_uf_disable_surveys":false},"product_cat":[149],"product_tag":[71,70,66],"class_list":{"0":"post-866","1":"product","2":"type-product","3":"status-publish","4":"has-post-thumbnail","6":"product_cat-cremas","7":"product_tag-crema-blanqueadora","8":"product_tag-crema-dientes-sensibles","9":"product_tag-sensibilidad-dental","11":"first","12":"instock","13":"shipping-taxable","14":"product-type-simple"},"aioseo_notices":[],"_links":{"self":[{"href":"https:\/\/proquident.com.co\/higiene-oral\/wp-json\/wp\/v2\/product\/866","targetHints":{"allow":["GET"]}}],"collection":[{"href":"https:\/\/proquident.com.co\/higiene-oral\/wp-json\/wp\/v2\/product"}],"about":[{"href":"https:\/\/proquident.com.co\/higiene-oral\/wp-json\/wp\/v2\/types\/product"}],"replies":[{"embeddable":true,"href":"https:\/\/proquident.com.co\/higiene-oral\/wp-json\/wp\/v2\/comments?post=866"}],"wp:featuredmedia":[{"embeddable":true,"href":"https:\/\/proquident.com.co\/higiene-oral\/wp-json\/wp\/v2\/media\/1206"}],"wp:attachment":[{"href":"https:\/\/proquident.com.co\/higiene-oral\/wp-json\/wp\/v2\/media?parent=866"}],"wp:term":[{"taxonomy":"product_cat","embeddable":true,"href":"https:\/\/proquident.com.co\/higiene-oral\/wp-json\/wp\/v2\/product_cat?post=866"},{"taxonomy":"product_tag","embeddable":true,"href":"https:\/\/proquident.com.co\/higiene-oral\/wp-json\/wp\/v2\/product_tag?post=866"}],"curies":[{"name":"wp","href":"https:\/\/api.w.org\/{rel}","templated":true}]}}