{"id":864,"date":"2023-01-05T03:55:59","date_gmt":"2023-01-05T03:55:59","guid":{"rendered":"https:\/\/proquident.com.co\/higiene-oral\/?post_type=product&#038;p=864"},"modified":"2026-02-05T22:25:05","modified_gmt":"2026-02-05T22:25:05","slug":"flossers-kids","status":"publish","type":"product","link":"https:\/\/proquident.com.co\/higiene-oral\/producto\/flossers-kids\/","title":{"rendered":"Flossers kids"},"content":{"rendered":"<h3>Usos<\/h3>\n<ol>\n<li>Toma el flosser por el mango y deslizalo cuidadosamente entre los dientes. Inicia con suaves movimientos en forma de zig-zag y despu\u00e9s de arriba hacia abajo.<\/li>\n<li>Asigna un orden para este proceso, inicia a un lado y despu\u00e9s pasa al otro.<\/li>\n<li>Una vez termines la limpieza de todos los dientes, desecha el flosser, pues es de un solo uso.<\/li>\n<\/ol>\n<h3>Beneficios<\/h3>\n<ul>\n<li><span class=\"NormalTextRun SCXW101188198 BCX0\">Ayuda a remover la placa bacteriana y residuos de alimentos de los espacios\u00a0<\/span><span class=\"NormalTextRun SCXW101188198 BCX0\">interdentales.<\/span><\/li>\n<li>Con cera natural que se ayuda a la cera a deslizarse suavemente y es ideal para espacios interdentales estrechos.<\/li>\n<li>Su uso ayuda a prevenir la gingivitis y la caries interproximal.<\/li>\n<li>Sabor a chicle.<\/li>\n<\/ul>\n<h3>Recomendaciones<\/h3>\n<p>Ten presente que a esta edad se busca promover buenos h\u00e1bitos en los ni\u00f1os, entre estos el cuidado oral, por ello se recomienda la compa\u00f1\u00eda y supervisi\u00f3n de un adulto.<br \/>\nLos flossers est\u00e1n dise\u00f1ados para los ni\u00f1os que les molesta usar la seda dental convencional o apenas est\u00e1n aprendiendo a utilizarla. Tambi\u00e9n es \u00fatil para personas con problemas de motricidad fina, para que la limpieza entre los dientes sea m\u00e1s sencilla y efectiva.<\/p>\n<h3>P\u00fablico<\/h3>\n<p>Ideal para ni\u00f1os a partir de los 2 a\u00f1os \u2013 Ni\u00f1os y adultos con espacios interdentales estrechos.<\/p>\n<h3>Presentaci\u00f3n<\/h3>\n<p>Bolsa por 40 unidades en empaque individual.<\/p>\n<p><a class=\"CID86a96836-9eb8-4540-bbc4-d2bb7bf4d9fd\" data-sessionid=\"10fa84cf-d2b8-03ca-7159-86ccabb59c69\" data-shapeids=\"27\" data-slideid=\"\">\u00a0<\/a><strong>Para Informaci\u00f3n adicional sobre este producto cont\u00e1ctenos a trav\u00e9s de <i class=\"fas fa-envelope\"><\/i><a href=\"mailto:contacto@proquident.com.co\" target=\"_blank\" rel=\"noopener\">\u00a0contacto@proquident.com.co<\/a><\/strong><\/p>\n","protected":false},"excerpt":{"rendered":"<p>Aditamento con seda dental, que ayuda a la f\u00e1cil limpieza de los espacios interproximales para la prevenci\u00f3n de la formaci\u00f3n de caries entre los dientes y la inflamaci\u00f3n de las enc\u00edas.<\/p>\n<p>[fl_builder_insert_layout id=1315] [su_youtube url=\"https:\/\/www.youtube.com\/watch?v=YcT3tI2bJYI\"]<\/p>\n<p>[su_button url=\"https:\/\/proquident.com.co\/DocumentosProductos\/Flossers%20Kids\/GC-FT-676%20FLOSSER%20KIDS%20PROQUIDENT_v5.pdf?_t=1715102762\" target=\"_blank\" style=\"flat\u201d icon=\"icon: angle-double-down\u201d]Ficha t\u00e9cnica[\/su_button] [su_button url=\"https:\/\/proquident.com.co\/DocumentosProductos\/Flossers%20adulto%20Sonrident\/INVIMA%202017DM-0016095%20Nuevo%20-%20Mar%202017.pdf?_t=1770326308\" target=\"_blank\" style=\"flat\u201d icon=\"icon: angle-double-down\u201d]Registro sanitario[\/su_button]<\/p>\n","protected":false},"featured_media":1621,"comment_status":"open","ping_status":"closed","template":"","meta":{"om_disable_all_campaigns":false,"inline_featured_image":false,"_monsterinsights_skip_tracking":false,"_monsterinsights_sitenote_active":false,"_monsterinsights_sitenote_note":"","_monsterinsights_sitenote_category":0,"_uf_show_specific_survey":0,"_uf_disable_surveys":false},"product_cat":[146],"product_tag":[68],"class_list":{"0":"post-864","1":"product","2":"type-product","3":"status-publish","4":"has-post-thumbnail","6":"product_cat-sedas","7":"product_tag-flossers-kids","9":"first","10":"instock","11":"shipping-taxable","12":"product-type-simple"},"aioseo_notices":[],"_links":{"self":[{"href":"https:\/\/proquident.com.co\/higiene-oral\/wp-json\/wp\/v2\/product\/864","targetHints":{"allow":["GET"]}}],"collection":[{"href":"https:\/\/proquident.com.co\/higiene-oral\/wp-json\/wp\/v2\/product"}],"about":[{"href":"https:\/\/proquident.com.co\/higiene-oral\/wp-json\/wp\/v2\/types\/product"}],"replies":[{"embeddable":true,"href":"https:\/\/proquident.com.co\/higiene-oral\/wp-json\/wp\/v2\/comments?post=864"}],"wp:featuredmedia":[{"embeddable":true,"href":"https:\/\/proquident.com.co\/higiene-oral\/wp-json\/wp\/v2\/media\/1621"}],"wp:attachment":[{"href":"https:\/\/proquident.com.co\/higiene-oral\/wp-json\/wp\/v2\/media?parent=864"}],"wp:term":[{"taxonomy":"product_cat","embeddable":true,"href":"https:\/\/proquident.com.co\/higiene-oral\/wp-json\/wp\/v2\/product_cat?post=864"},{"taxonomy":"product_tag","embeddable":true,"href":"https:\/\/proquident.com.co\/higiene-oral\/wp-json\/wp\/v2\/product_tag?post=864"}],"curies":[{"name":"wp","href":"https:\/\/api.w.org\/{rel}","templated":true}]}}