{"id":860,"date":"2023-01-05T02:44:19","date_gmt":"2023-01-05T02:44:19","guid":{"rendered":"https:\/\/proquident.com.co\/higiene-oral\/?post_type=product&#038;p=860"},"modified":"2026-02-05T22:24:21","modified_gmt":"2026-02-05T22:24:21","slug":"flossers-adulto","status":"publish","type":"product","link":"https:\/\/proquident.com.co\/higiene-oral\/producto\/flossers-adulto\/","title":{"rendered":"Flossers adulto"},"content":{"rendered":"\r\n<h3>Usos<\/h3>\r\n<p>Toma el flosser por el mango y deslizalo cuidadosamente entre los dientes. Inicia con suaves movimientos en forma de zig-zag y despu\u00e9s de arriba hacia abajo.<\/p>\r\n<p>Asigna un orden para este proceso, inicia a un lado y despu\u00e9s pasa al otro.<\/p>\r\n<p>Una vez termines la limpieza de todos los dientes, desecha el flosser, pues son productos de un solo uso.<\/p>\r\n<h3>Beneficios<\/h3>\r\n<ul>\r\n<li>Ayuda a remover la placa bacteriana y residuos de alimentos de los espacios interdentales.<\/li>\r\n<li>\r\n<p>Con cera natural, para que la seda se deslice m\u00e1s f\u00e1cilmente en los espacios interdentales.<\/p>\r\n<\/li>\r\n<li>Su uso ayuda a prevenir la gingivitis.<\/li>\r\n<li>Sabor a menta.<\/li>\r\n<\/ul>\r\n<h3>Recomendaciones<\/h3>\r\n<p>Para una completa higiene bucal, el odont\u00f3logo recomienda el uso diario de la seda dental, pues ayuda a remover la placa bacteriana del surco gingival y de las zonas interdentales donde el cepillo no llega; evitando el mal aliento, la formaci\u00f3n de c\u00e1lculo y las caries.<\/p>\r\n<h3>P\u00fablico<\/h3>\r\n<p>Pacientes con espacios interdentales estrechos.<\/p>\r\n<p>*Uso recomendado en ni\u00f1os a partir de los 2 a\u00f1os y adultos.<\/p>\r\n<h3>Presentaciones<\/h3>\r\n<p>Bolsa por 40 unidades en empaque individual.<\/p>\r\n<p><strong>Para Informaci\u00f3n adicional sobre este producto cont\u00e1ctenos a trav\u00e9s de <i class=\"fas fa-envelope\"><\/i><a href=\"mailto:contacto@proquident.com.co\" target=\"_blank\" rel=\"noopener\">\u00a0contacto@proquident.com.co<\/a><\/strong><\/p>\r\n<p>&nbsp;<\/p>\r\n","protected":false},"excerpt":{"rendered":"<p>Aditamento con seda dental, que ayuda a la f\u00e1cil limpieza de los espacios interproximales para la prevenci\u00f3n de la formaci\u00f3n de caries entre los dientes y la inflamaci\u00f3n de las enc\u00edas.<\/p>\n<p>&#8211; Ayuda a remover la placa bacteriana y residuos de alimentos de los espacios interdentales.<\/p>\n<p>&#8211; Con cera natural, para que la seda se deslice m\u00e1s f\u00e1cilmente en los espacios interdentales.<\/p>\n<p>&#8211; Su uso ayuda a prevenir la gingivitis.<\/p>\n<p>&#8211; Con sabor a menta.<\/p>\n<p>[fl_builder_insert_layout id=1312]<br \/>\n[su_youtube url=\"https:\/\/www.youtube.com\/watch?v=147fLlE652o\"]<\/p>\n<p>[su_button url=\"https:\/\/proquident.com.co\/DocumentosProductos\/Flossers%20adulto\/GC-FT-383%20FLOSSER%20ADULTO%20PROQUIDENT_v5.pdf?_t=1715102636\" target=\"_blank\" style=\"flat\u201d icon=\"icon: angle-double-down\u201d]Ficha t\u00e9cnica[\/su_button] [su_button url=\"https:\/\/proquident.com.co\/DocumentosProductos\/Flossers%20adulto%20Sonrident\/INVIMA%202017DM-0016095%20Nuevo%20-%20Mar%202017.pdf?_t=1770326308\" target=\"_blank\" style=\"flat\u201d icon=\"icon: angle-double-down\u201d]Registro sanitario[\/su_button]\u00a0<\/p>\n","protected":false},"featured_media":1620,"comment_status":"open","ping_status":"closed","template":"","meta":{"om_disable_all_campaigns":false,"inline_featured_image":false,"_monsterinsights_skip_tracking":false,"_monsterinsights_sitenote_active":false,"_monsterinsights_sitenote_note":"","_monsterinsights_sitenote_category":0,"_uf_show_specific_survey":0,"_uf_disable_surveys":false},"product_cat":[146],"product_tag":[62,63],"class_list":{"0":"post-860","1":"product","2":"type-product","3":"status-publish","4":"has-post-thumbnail","6":"product_cat-sedas","7":"product_tag-flossers-adultos","8":"product_tag-seda-dental","10":"first","11":"instock","12":"shipping-taxable","13":"product-type-simple"},"aioseo_notices":[],"_links":{"self":[{"href":"https:\/\/proquident.com.co\/higiene-oral\/wp-json\/wp\/v2\/product\/860","targetHints":{"allow":["GET"]}}],"collection":[{"href":"https:\/\/proquident.com.co\/higiene-oral\/wp-json\/wp\/v2\/product"}],"about":[{"href":"https:\/\/proquident.com.co\/higiene-oral\/wp-json\/wp\/v2\/types\/product"}],"replies":[{"embeddable":true,"href":"https:\/\/proquident.com.co\/higiene-oral\/wp-json\/wp\/v2\/comments?post=860"}],"wp:featuredmedia":[{"embeddable":true,"href":"https:\/\/proquident.com.co\/higiene-oral\/wp-json\/wp\/v2\/media\/1620"}],"wp:attachment":[{"href":"https:\/\/proquident.com.co\/higiene-oral\/wp-json\/wp\/v2\/media?parent=860"}],"wp:term":[{"taxonomy":"product_cat","embeddable":true,"href":"https:\/\/proquident.com.co\/higiene-oral\/wp-json\/wp\/v2\/product_cat?post=860"},{"taxonomy":"product_tag","embeddable":true,"href":"https:\/\/proquident.com.co\/higiene-oral\/wp-json\/wp\/v2\/product_tag?post=860"}],"curies":[{"name":"wp","href":"https:\/\/api.w.org\/{rel}","templated":true}]}}