{"id":1915,"date":"2026-04-22T20:11:43","date_gmt":"2026-04-22T20:11:43","guid":{"rendered":"https:\/\/proquident.com.co\/higiene-oral\/?post_type=product&#038;p=1915"},"modified":"2026-04-22T20:15:23","modified_gmt":"2026-04-22T20:15:23","slug":"seda-dental-proquident-50m","status":"publish","type":"product","link":"https:\/\/proquident.com.co\/higiene-oral\/producto\/seda-dental-proquident-50m\/","title":{"rendered":"Seda dental Proquident 50m"},"content":{"rendered":"<h3>Usos<\/h3>\n<ol>\n<li>Corta aproximadamente 40 cm de seda, enrolla la mayor cantidad posible en el dedo medio o \u00edndice, dejando 4 cm libres para trabajar.<\/li>\n<li>Desliza cuidadosamente la seda entre diente y diente, con ligeros movimientos de arriba hacia abajo. Para ello usa los dedos pulgar e \u00edndice.<\/li>\n<li>Cada vez que limpies un diente, enrolla el hilo utilizado en el dedo medio de la otra mano; as\u00ed te aseguras de usar siempre una secci\u00f3n limpia y abrazar cada diente hasta la enc\u00eda.<\/li>\n<\/ol>\n<h3>Beneficios<\/h3>\n<ul>\n<li>Con cera natural biodegradable<\/li>\n<li>Sabor a menta<\/li>\n<\/ul>\n<h3>Recomendaciones<\/h3>\n<p>Para una completa higiene bucal, el odont\u00f3logo recomienda el uso diario de la seda dental, pues ayuda a remover la placa bacteriana del surco gingival y de las zonas interdentales donde el cepillo no llega; evitando el mal aliento, la formaci\u00f3n de c\u00e1lculo y las caries.<\/p>\n<h3>P\u00fablico<\/h3>\n<p>Ni\u00f1os a partir de los 2 a\u00f1os y adultos.<\/p>\n<h3>Presentaciones<\/h3>\n<p>50 metros y 400Mt con blister.<\/p>\n<p><strong>Para Informaci\u00f3n adicional sobre este producto cont\u00e1ctenos a trav\u00e9s de <i class=\"fas fa-envelope\"><\/i><a href=\"mailto:contacto@proquident.com.co\" target=\"_blank\" rel=\"noopener\">\u00a0contacto@proquident.com.co<\/a><\/strong><\/p>\n","protected":false},"excerpt":{"rendered":"<p>Ayuda a remover la placa bacteriana de los espacios interproximales y los surcos gingivales.<\/p>\n<ul>\n<li>Sabor a menta.<\/li>\n<li>Con cera natural.<\/li>\n<\/ul>\n<p class=\"shortcode\" data-clipboard-text=\"[fl_builder_insert_layout id=1383]\">[fl_builder_insert_layout id=1383]<\/p>\n<p data-clipboard-text=\"[fl_builder_insert_layout id=1383]\">[su_button url=\"https:\/\/proquident.com.co\/DocumentosProductos\/Seda%20dental%20con%20cera%20de%20abejas\/CNC%20GC-FT-772%20SEDA%20DENTAL%2050%20M%20BL%C3%8DSTER%20PROQUIDENT%20v.6.pdf?_t=1776887911\" target=\"_blank\" style=\"flat\u201d icon=\"icon: angle-double-down\u201d]Ficha t\u00e9cnica[\/su_button] [su_button url=\"https:\/\/proquident.com.co\/DocumentosProductos\/Seda%20dental%20con%20cera%20de%20abejas\/INVIMA%202017DM-0016095%20Nuevo%20-%20Mar%202017.pdf?_t=1770752688\" target=\"_blank\" style=\"flat\u201d icon=\"icon: angle-double-down\u201d]Registro sanitario[\/su_button]<\/p>\n","protected":false},"featured_media":1460,"comment_status":"open","ping_status":"closed","template":"","meta":{"om_disable_all_campaigns":false,"inline_featured_image":false,"_monsterinsights_skip_tracking":false,"_monsterinsights_sitenote_active":false,"_monsterinsights_sitenote_note":"","_monsterinsights_sitenote_category":0,"_uf_show_specific_survey":0,"_uf_disable_surveys":false},"product_cat":[146],"product_tag":[63],"class_list":{"0":"post-1915","1":"product","2":"type-product","3":"status-publish","4":"has-post-thumbnail","6":"product_cat-sedas","7":"product_tag-seda-dental","9":"first","10":"instock","11":"shipping-taxable","12":"product-type-simple"},"aioseo_notices":[],"_links":{"self":[{"href":"https:\/\/proquident.com.co\/higiene-oral\/wp-json\/wp\/v2\/product\/1915","targetHints":{"allow":["GET"]}}],"collection":[{"href":"https:\/\/proquident.com.co\/higiene-oral\/wp-json\/wp\/v2\/product"}],"about":[{"href":"https:\/\/proquident.com.co\/higiene-oral\/wp-json\/wp\/v2\/types\/product"}],"replies":[{"embeddable":true,"href":"https:\/\/proquident.com.co\/higiene-oral\/wp-json\/wp\/v2\/comments?post=1915"}],"wp:featuredmedia":[{"embeddable":true,"href":"https:\/\/proquident.com.co\/higiene-oral\/wp-json\/wp\/v2\/media\/1460"}],"wp:attachment":[{"href":"https:\/\/proquident.com.co\/higiene-oral\/wp-json\/wp\/v2\/media?parent=1915"}],"wp:term":[{"taxonomy":"product_cat","embeddable":true,"href":"https:\/\/proquident.com.co\/higiene-oral\/wp-json\/wp\/v2\/product_cat?post=1915"},{"taxonomy":"product_tag","embeddable":true,"href":"https:\/\/proquident.com.co\/higiene-oral\/wp-json\/wp\/v2\/product_tag?post=1915"}],"curies":[{"name":"wp","href":"https:\/\/api.w.org\/{rel}","templated":true}]}}