{"id":1772,"date":"2025-05-20T19:34:41","date_gmt":"2025-05-20T19:34:41","guid":{"rendered":"https:\/\/proquident.com.co\/higiene-oral\/?post_type=product&#038;p=1772"},"modified":"2026-02-10T19:57:03","modified_gmt":"2026-02-10T19:57:03","slug":"seda-cuidado-pro","status":"publish","type":"product","link":"https:\/\/proquident.com.co\/higiene-oral\/producto\/seda-cuidado-pro\/","title":{"rendered":"Seda dental Cuidado Pro"},"content":{"rendered":"\r\n<h3>Usos<\/h3>\r\n<ol>\r\n<li>Corta aproximadamente 40 cm de seda, enrolla la mayor cantidad posible en el dedo medio o \u00edndice, dejando 4 cm libres para trabajar.<\/li>\r\n<li>Desliza cuidadosamente la seda entre diente y diente, con ligeros movimientos de arriba hacia abajo. Para ello usa los dedos pulgar e \u00edndice.<\/li>\r\n<li>Cada vez que limpies un diente, enrolla el hilo utilizado en el dedo medio de la otra mano; as\u00ed te aseguras de usar siempre una secci\u00f3n limpia y abrazar cada diente hasta la enc\u00eda.<\/li>\r\n<\/ol>\r\n<h3>Recomendaciones<\/h3>\r\n<p>Para una completa higiene bucal, el odont\u00f3logo recomienda el uso diario de la seda dental, pues ayuda a remover la placa bacteriana del surco gingival y de las zonas interdentales donde el cepillo no llega; evitando el mal aliento, la formaci\u00f3n de c\u00e1lculo y las caries.<\/p>\r\n<h3>P\u00fablico<\/h3>\r\n<p>Ni\u00f1os a partir de los 2 a\u00f1os y adultos.<\/p>\r\n<h3>Presentaciones<\/h3>\r\n<p>50 metros.<\/p>\r\n<p><strong>Para Informaci\u00f3n adicional sobre este producto cont\u00e1ctenos a trav\u00e9s de <a href=\"mailto:contacto@proquident.com.co\" target=\"_blank\" rel=\"noopener\">\u00a0contacto@proquident.com.co<\/a><\/strong><\/p>\r\n<p>&nbsp;<\/p>\r\n<p>&nbsp;<\/p>\r\n","protected":false},"excerpt":{"rendered":"<p>Remueve efectivamente la placa bacteriana de los espacios interproximales y los surcos gingivales.<\/p>\n<ul>\n<li>Sabor a menta.<\/li>\n<li>Con cera natural.<\/li>\n<li><span class=\"NormalTextRun SCXW134207404 BCX0\">Con <\/span><span class=\"NormalTextRun SpellingErrorV2Themed SCXW134207404 BCX0\">fl\u00faor<\/span><span class=\"NormalTextRun SCXW134207404 BCX0\">.\u00a0<\/span><\/li>\n<\/ul>\n<p>\u00a0 [su_button url=\"https:\/\/proquident.com.co\/DocumentosProductos\/Crema%20dental%20Cuidado%20Pro\/GC-FT-867CREMA%20DENTAL%20CUIDADO%20PRO_V4.pdf?_t=1761097891\" target=\"_blank\" style=\"flat\u201d icon=\"icon: angle-double-down\u201d]Ficha t\u00e9cnica[\/su_button] [su_button url=\"https:\/\/proquident.com.co\/DocumentosProductos\/Seda%20dental%20con%20cera%20de%20abejas\/INVIMA%202017DM-0016095%20Nuevo%20-%20Mar%202017.pdf?_t=1770752688\" target=\"_blank\" style=\"flat\u201d icon=\"icon: angle-double-down\u201d]Registro sanitario[\/su_button] \u00a0<\/p>\n","protected":false},"featured_media":1773,"comment_status":"open","ping_status":"closed","template":"","meta":{"om_disable_all_campaigns":false,"inline_featured_image":false,"_monsterinsights_skip_tracking":false,"_monsterinsights_sitenote_active":false,"_monsterinsights_sitenote_note":"","_monsterinsights_sitenote_category":0,"_uf_show_specific_survey":0,"_uf_disable_surveys":false},"product_cat":[146],"product_tag":[198,63,201],"class_list":{"0":"post-1772","1":"product","2":"type-product","3":"status-publish","4":"has-post-thumbnail","6":"product_cat-sedas","7":"product_tag-cuidado-pro","8":"product_tag-seda-dental","9":"product_tag-sedas","11":"first","12":"instock","13":"shipping-taxable","14":"product-type-simple"},"aioseo_notices":[],"_links":{"self":[{"href":"https:\/\/proquident.com.co\/higiene-oral\/wp-json\/wp\/v2\/product\/1772","targetHints":{"allow":["GET"]}}],"collection":[{"href":"https:\/\/proquident.com.co\/higiene-oral\/wp-json\/wp\/v2\/product"}],"about":[{"href":"https:\/\/proquident.com.co\/higiene-oral\/wp-json\/wp\/v2\/types\/product"}],"replies":[{"embeddable":true,"href":"https:\/\/proquident.com.co\/higiene-oral\/wp-json\/wp\/v2\/comments?post=1772"}],"wp:featuredmedia":[{"embeddable":true,"href":"https:\/\/proquident.com.co\/higiene-oral\/wp-json\/wp\/v2\/media\/1773"}],"wp:attachment":[{"href":"https:\/\/proquident.com.co\/higiene-oral\/wp-json\/wp\/v2\/media?parent=1772"}],"wp:term":[{"taxonomy":"product_cat","embeddable":true,"href":"https:\/\/proquident.com.co\/higiene-oral\/wp-json\/wp\/v2\/product_cat?post=1772"},{"taxonomy":"product_tag","embeddable":true,"href":"https:\/\/proquident.com.co\/higiene-oral\/wp-json\/wp\/v2\/product_tag?post=1772"}],"curies":[{"name":"wp","href":"https:\/\/api.w.org\/{rel}","templated":true}]}}