{"id":1768,"date":"2025-05-20T18:01:55","date_gmt":"2025-05-20T18:01:55","guid":{"rendered":"https:\/\/proquident.com.co\/higiene-oral\/?post_type=product&#038;p=1768"},"modified":"2025-10-22T01:53:52","modified_gmt":"2025-10-22T01:53:52","slug":"crema-dental-cuidadopro","status":"publish","type":"product","link":"https:\/\/proquident.com.co\/higiene-oral\/producto\/crema-dental-cuidadopro\/","title":{"rendered":"Crema dental Cuidado Pro"},"content":{"rendered":"<h3>Usos<\/h3>\n<p>Aplica una cantidad de crema sobre el cepillo de dientes, usa la t\u00e9cnica adecuada para un buen cepillado y enjuaga al terminar el proceso.<\/p>\n<h3>Beneficios:<\/h3>\n<p>Ayuda a:<\/p>\n<ul>\n<li>Mantener el color natural de los dientes.<\/li>\n<li>Prevenir el mal aliento.<\/li>\n<li>Eliminar bacterias, placa y sarro.<\/li>\n<li>Mantener las enc\u00edas sanas.<\/li>\n<\/ul>\n<p>Con Zinc. Sabor a menta.<\/p>\n<h3>Presentaci\u00f3n<\/h3>\n<p>75 mL.<\/p>\n<p><strong>Para Informaci\u00f3n adicional sobre este producto cont\u00e1ctenos a trav\u00e9s de <i class=\"fas fa-envelope\"><\/i><a href=\"mailto:contacto@proquident.com.co\" target=\"_blank\" rel=\"noopener\">\u00a0contacto@proquident.com.co<\/a><\/strong><\/p>\n","protected":false},"excerpt":{"rendered":"<p>La crema dental Proquident Cuidado Pro con sabor a menta. Odont\u00f3logicamente probada, con fl\u00faor y zinc.<\/p>\n<p>Ayuda a: mantener el color natural de tus dientes, enc\u00edas sanas, eliminar bacterias, placa y sarro.<\/p>\n<p>[fl_builder_insert_layout id=1781][su_button url=\"https:\/\/proquident.com.co\/DocumentosProductos\/Crema%20dental%20Cuidado%20Pro\/GC-FT-867CREMA%20DENTAL%20CUIDADO%20PRO_V4.pdf?_t=1761097891\" target=\"_blank\" style=\"flat\u201d icon=\"icon: angle-double-down\u201d]Ficha t\u00e9cnica[\/su_button] [su_button url=\"https:\/\/proquident.com.co\/DocumentosProductos\/Crema%20dental%20Cuidado%20Pro\/%28NSOC29791-24CO%29%20Crema%20Dental%20Cuidado%20Pro.pdf?_t=1760767513\" target=\"_blank\" style=\"flat\u201d icon=\"icon: angle-double-down\u201d]Registro sanitario[\/su_button]<\/p>\n","protected":false},"featured_media":1769,"comment_status":"open","ping_status":"closed","template":"","meta":{"om_disable_all_campaigns":false,"inline_featured_image":false,"_monsterinsights_skip_tracking":false,"_monsterinsights_sitenote_active":false,"_monsterinsights_sitenote_note":"","_monsterinsights_sitenote_category":0,"_uf_show_specific_survey":0,"_uf_disable_surveys":false},"product_cat":[149],"product_tag":[80,198,203,202],"class_list":{"0":"post-1768","1":"product","2":"type-product","3":"status-publish","4":"has-post-thumbnail","6":"product_cat-cremas","7":"product_tag-crema-dental","8":"product_tag-cuidado-pro","9":"product_tag-fluor","10":"product_tag-zinc","12":"first","13":"instock","14":"shipping-taxable","15":"product-type-simple"},"aioseo_notices":[],"_links":{"self":[{"href":"https:\/\/proquident.com.co\/higiene-oral\/wp-json\/wp\/v2\/product\/1768","targetHints":{"allow":["GET"]}}],"collection":[{"href":"https:\/\/proquident.com.co\/higiene-oral\/wp-json\/wp\/v2\/product"}],"about":[{"href":"https:\/\/proquident.com.co\/higiene-oral\/wp-json\/wp\/v2\/types\/product"}],"replies":[{"embeddable":true,"href":"https:\/\/proquident.com.co\/higiene-oral\/wp-json\/wp\/v2\/comments?post=1768"}],"wp:featuredmedia":[{"embeddable":true,"href":"https:\/\/proquident.com.co\/higiene-oral\/wp-json\/wp\/v2\/media\/1769"}],"wp:attachment":[{"href":"https:\/\/proquident.com.co\/higiene-oral\/wp-json\/wp\/v2\/media?parent=1768"}],"wp:term":[{"taxonomy":"product_cat","embeddable":true,"href":"https:\/\/proquident.com.co\/higiene-oral\/wp-json\/wp\/v2\/product_cat?post=1768"},{"taxonomy":"product_tag","embeddable":true,"href":"https:\/\/proquident.com.co\/higiene-oral\/wp-json\/wp\/v2\/product_tag?post=1768"}],"curies":[{"name":"wp","href":"https:\/\/api.w.org\/{rel}","templated":true}]}}