{"id":1626,"date":"2024-09-09T16:52:24","date_gmt":"2024-09-09T16:52:24","guid":{"rendered":"https:\/\/proquident.com.co\/higiene-oral\/?post_type=product&#038;p=1626"},"modified":"2025-10-10T21:37:39","modified_gmt":"2025-10-10T21:37:39","slug":"kit-crema-dental-kids-con-fluor-cepillo","status":"publish","type":"product","link":"https:\/\/proquident.com.co\/higiene-oral\/producto\/kit-crema-dental-kids-con-fluor-cepillo\/","title":{"rendered":"Kit crema dental kids con fl\u00faor + cepillo dental para ni\u00f1os"},"content":{"rendered":"<p>CONDICIONES DE ALMACENAMIENTO<\/p>\n<p>Almacenar en un lugar limpio, fresco y seco a una temperatura menor a 30\u00b0C y en su empaque original. Evitar la exposici\u00f3n directa a la luz solar.<\/p>\n<p>PRECAUCIONES DE USO Y RECOMENDACIONES<\/p>\n<p>No ingerir. Recomendada para ni\u00f1os mayores de 2 a\u00f1os, se debe emplear lo equivalente a una &#8220;lenteja&#8221; bajo la supervisi\u00f3n de un adulto para minimizar que sea ingerida. Si presenta alguna reacci\u00f3n desfavorable suspenda su uso y consulte su odont\u00f3logo.<\/p>\n<p>MATERIAL DE EMPAQUE<\/p>\n<p>Tubo colapsible ABL con tapa en PP.<\/p>\n<p>&nbsp;<\/p>\n","protected":false},"excerpt":{"rendered":"<p>Crema dental para ni\u00f1os mayores de 2 a\u00f1os, de uso diario. Proporciona una agradable sensaci\u00f3n de limpieza con delicioso<br \/>\nsabor a chicle. Contiene Fluoruro de sodio, ingrediente que evita la formaci\u00f3n de las caries. Libre de sulfatos y parabenos.<\/p>\n<p>MODO DE EMPLEO<\/p>\n<p>Aplique la crema dental en el cepillo y cepille los dientes tres veces al d\u00eda despu\u00e9s de cada comida o seg\u00fan recomendaci\u00f3n del<br \/>\nodont\u00f3logo. Enjuague bien despu\u00e9s del cepillado.<\/p>\n[fl_builder_insert_layout id=1656]\n<p>[su_button url=\"https:\/\/proquident.com.co\/DocumentosProductos\/Kit%20crema%20dental%20kids%20con%20fluor%20X75ml%20%2B%20cepillo%20kids%2B\/GC-FT-861KIT%20CREMA%20DENTAL%20KIDS%20CON%20FLU%CC%81OR%20X%2075%20ML%20PROQUIDENT%20%2B%20CEPILLO%20DENTAL%20PARA%20NIN%CC%83OS_V1.pdf?_t=1725899321\" target=\"_blank\" style=\"flat\u201d icon=\"icon: angle-double-down\u201d]Ficha t\u00e9cnica[\/su_button] [su_button url=\" target=\"_blank\" style=\"flat\u201d icon=\"icon: angle-double-down\u201d]Registro sanitario[\/su_button]<\/p>\n","protected":false},"featured_media":1628,"comment_status":"open","ping_status":"closed","template":"","meta":{"om_disable_all_campaigns":false,"inline_featured_image":false,"_monsterinsights_skip_tracking":false,"_monsterinsights_sitenote_active":false,"_monsterinsights_sitenote_note":"","_monsterinsights_sitenote_category":0,"_uf_show_specific_survey":0,"_uf_disable_surveys":false},"product_cat":[155],"product_tag":[94,102],"class_list":{"0":"post-1626","1":"product","2":"type-product","3":"status-publish","4":"has-post-thumbnail","6":"product_cat-kits","7":"product_tag-crema-kids","8":"product_tag-kit-kids","10":"first","11":"instock","12":"shipping-taxable","13":"product-type-simple"},"aioseo_notices":[],"_links":{"self":[{"href":"https:\/\/proquident.com.co\/higiene-oral\/wp-json\/wp\/v2\/product\/1626","targetHints":{"allow":["GET"]}}],"collection":[{"href":"https:\/\/proquident.com.co\/higiene-oral\/wp-json\/wp\/v2\/product"}],"about":[{"href":"https:\/\/proquident.com.co\/higiene-oral\/wp-json\/wp\/v2\/types\/product"}],"replies":[{"embeddable":true,"href":"https:\/\/proquident.com.co\/higiene-oral\/wp-json\/wp\/v2\/comments?post=1626"}],"wp:featuredmedia":[{"embeddable":true,"href":"https:\/\/proquident.com.co\/higiene-oral\/wp-json\/wp\/v2\/media\/1628"}],"wp:attachment":[{"href":"https:\/\/proquident.com.co\/higiene-oral\/wp-json\/wp\/v2\/media?parent=1626"}],"wp:term":[{"taxonomy":"product_cat","embeddable":true,"href":"https:\/\/proquident.com.co\/higiene-oral\/wp-json\/wp\/v2\/product_cat?post=1626"},{"taxonomy":"product_tag","embeddable":true,"href":"https:\/\/proquident.com.co\/higiene-oral\/wp-json\/wp\/v2\/product_tag?post=1626"}],"curies":[{"name":"wp","href":"https:\/\/api.w.org\/{rel}","templated":true}]}}