{"id":1182,"date":"2023-08-14T23:50:09","date_gmt":"2023-08-14T23:50:09","guid":{"rendered":"https:\/\/proquident.com.co\/higiene-oral\/?post_type=product&#038;p=1182"},"modified":"2025-10-22T00:19:20","modified_gmt":"2025-10-22T00:19:20","slug":"cera-para-ortodoncia","status":"publish","type":"product","link":"https:\/\/proquident.com.co\/higiene-oral\/producto\/cera-para-ortodoncia\/","title":{"rendered":"Cera para ortodoncia"},"content":{"rendered":"<h3>Usos<\/h3>\n<p>Lesiones generadas por tratamientos de ortodoncia, ortopedia, f\u00e9rulas etc\u2026<\/p>\n<h3>Beneficios<\/h3>\n<ul>\n<li>Cera con ingredientes para que el proceso de cicatrizaci\u00f3n sea m\u00e1s f\u00e1cil y r\u00e1pido<\/li>\n<li>F\u00e1cil manejo y excelentes resultados<\/li>\n<\/ul>\n<h3>Recomendaciones<\/h3>\n<p>Recortar la cantidad de cera necesaria para que cubra la zona donde hay una lesi\u00f3n.<\/p>\n<h3>P\u00fablico<\/h3>\n<p>Pacientes que tengan una lesi\u00f3n en tejidos blandos, por ortodoncia o cualquier tratamiento que lesione tejidos blandos<\/p>\n<h3>Presentaciones<\/h3>\n<p>Blister por 5 unidades<\/p>\n<p><strong>Para informaci\u00f3n adicional sobre este producto cont\u00e1ctenos a trav\u00e9s de <i class=\"fas fa-envelope\"><\/i><a href=\"mailto:contacto@proquident.com.co\" target=\"_blank\" rel=\"noopener\">\u00a0contacto@proquident.com.co<\/a><\/strong><\/p>\n","protected":false},"excerpt":{"rendered":"<p>Cuando estamos en un tratamiento de ortodoncia, o alg\u00fan tratamiento con aparatolog\u00eda, es com\u00fan que \u201calambritos\u201d, nos lastimen los tejidos blandos.<\/p>\n<p>Tenemos para ti, una cera con ingredientes especiales, que adem\u00e1s de<br \/>\nprotegerte van a hacer, que si existe alguna lesi\u00f3n en tejidos blandos, estas cicatricen mucho mas r\u00e1pido \u00a1y que esta molestia termine en un tiempo r\u00e9cord!<\/p>\n[fl_builder_insert_layout id=1302]\n<p>[su_button url=\"https:\/\/proquident.com.co\/DocumentosProductos\/Cera%20para%20ortodoncia\/GC-FT-33CERA%20PARA%20ORTODONCIA%20PROQUIDENT_V7.pdf?_t=1761092284\" target=\"_blank\" style=\"flat\u201d icon=\"icon: angle-double-down\u201d]Ficha t\u00e9cnica[\/su_button] [su_button url=\"https:\/\/proquident.com.co\/DocumentosProductos\/Cera%20para%20ortodoncia\/(INVIMA%20%202019DM-0019257)%20Ceras%20afr.pdf?_t=1760762961\" target=\"_blank\" style=\"flat\u201d icon=\"icon: angle-double-down\u201d]Registro sanitario[\/su_button]<\/p>\n","protected":false},"featured_media":1484,"comment_status":"open","ping_status":"closed","template":"","meta":{"om_disable_all_campaigns":false,"inline_featured_image":false,"_monsterinsights_skip_tracking":false,"_monsterinsights_sitenote_active":false,"_monsterinsights_sitenote_note":"","_monsterinsights_sitenote_category":0,"_uf_show_specific_survey":0,"_uf_disable_surveys":false},"product_cat":[56],"product_tag":[104],"class_list":{"0":"post-1182","1":"product","2":"type-product","3":"status-publish","4":"has-post-thumbnail","6":"product_cat-especializados","7":"product_tag-kit-ortodoncia","9":"first","10":"instock","11":"shipping-taxable","12":"product-type-simple"},"aioseo_notices":[],"_links":{"self":[{"href":"https:\/\/proquident.com.co\/higiene-oral\/wp-json\/wp\/v2\/product\/1182","targetHints":{"allow":["GET"]}}],"collection":[{"href":"https:\/\/proquident.com.co\/higiene-oral\/wp-json\/wp\/v2\/product"}],"about":[{"href":"https:\/\/proquident.com.co\/higiene-oral\/wp-json\/wp\/v2\/types\/product"}],"replies":[{"embeddable":true,"href":"https:\/\/proquident.com.co\/higiene-oral\/wp-json\/wp\/v2\/comments?post=1182"}],"wp:featuredmedia":[{"embeddable":true,"href":"https:\/\/proquident.com.co\/higiene-oral\/wp-json\/wp\/v2\/media\/1484"}],"wp:attachment":[{"href":"https:\/\/proquident.com.co\/higiene-oral\/wp-json\/wp\/v2\/media?parent=1182"}],"wp:term":[{"taxonomy":"product_cat","embeddable":true,"href":"https:\/\/proquident.com.co\/higiene-oral\/wp-json\/wp\/v2\/product_cat?post=1182"},{"taxonomy":"product_tag","embeddable":true,"href":"https:\/\/proquident.com.co\/higiene-oral\/wp-json\/wp\/v2\/product_tag?post=1182"}],"curies":[{"name":"wp","href":"https:\/\/api.w.org\/{rel}","templated":true}]}}