{"id":1165,"date":"2023-08-14T17:44:14","date_gmt":"2023-08-14T17:44:14","guid":{"rendered":"https:\/\/proquident.com.co\/higiene-oral\/?post_type=product&#038;p=1165"},"modified":"2026-02-10T20:01:19","modified_gmt":"2026-02-10T20:01:19","slug":"cinta-dental-teflon","status":"publish","type":"product","link":"https:\/\/proquident.com.co\/higiene-oral\/producto\/cinta-dental-teflon\/","title":{"rendered":"Cinta dental de tefl\u00f3n con menta"},"content":{"rendered":"<h3>Usos<\/h3>\n<p>Ideal para los espacios interdentales estrechos.<\/p>\n<h3>Beneficios<\/h3>\n<ul>\n<li>Sabor a menta.<\/li>\n<\/ul>\n<h3>Recomendaciones<\/h3>\n<p>Usar 2 veces al d\u00eda, para la limpieza de los espacios interdentales, y el surco gingival.<\/p>\n<h3>P\u00fablico<\/h3>\n<p>Pacientes que tengan 2 dientes contiguos erupcionados.<\/p>\n<h3>Presentaciones<\/h3>\n<p>50 mts<\/p>\n<p><strong>Para Informaci\u00f3n adicional sobre este producto cont\u00e1ctenos a trav\u00e9s de <i class=\"fas fa-envelope\"><\/i><a href=\"mailto:contacto@proquident.com.co\" target=\"_blank\" rel=\"noopener\">\u00a0contacto@proquident.com.co<\/a><\/strong><\/p>\n","protected":false},"excerpt":{"rendered":"<p>Cinta dental de tefl\u00f3n ideal para los espacios interdentales estrechos.<\/p>\n<p>[su_button url=\"https:\/\/proquident.com.co\/DocumentosProductos\/Cinta%20dental%20teflo%CC%81n\/GC-FT-505CINTA%20DENTAL%20DE%20TEFL%C3%93N%20CON%20MENTA_V7.pdf?_t=1761093297\" target=\"_blank\" style=\"flat\u201d icon=\"icon: angle-double-down\u201d]Ficha t\u00e9cnica[\/su_button] [su_button url=\"https:\/\/proquident.com.co\/DocumentosProductos\/Seda%20dental%20con%20cera%20de%20abejas\/INVIMA%202017DM-0016095%20Nuevo%20-%20Mar%202017.pdf?_t=1770752688\" target=\"_blank\" style=\"flat\u201d icon=\"icon: angle-double-down\u201d]Registro sanitario[\/su_button]<\/p>\n[fl_builder_insert_layout id=1305]\n","protected":false},"featured_media":1465,"comment_status":"open","ping_status":"closed","template":"","meta":{"om_disable_all_campaigns":false,"inline_featured_image":false,"_monsterinsights_skip_tracking":false,"_monsterinsights_sitenote_active":false,"_monsterinsights_sitenote_note":"","_monsterinsights_sitenote_category":0,"_uf_show_specific_survey":0,"_uf_disable_surveys":false},"product_cat":[146],"product_tag":[63],"class_list":{"0":"post-1165","1":"product","2":"type-product","3":"status-publish","4":"has-post-thumbnail","6":"product_cat-sedas","7":"product_tag-seda-dental","9":"first","10":"instock","11":"shipping-taxable","12":"product-type-simple"},"aioseo_notices":[],"_links":{"self":[{"href":"https:\/\/proquident.com.co\/higiene-oral\/wp-json\/wp\/v2\/product\/1165","targetHints":{"allow":["GET"]}}],"collection":[{"href":"https:\/\/proquident.com.co\/higiene-oral\/wp-json\/wp\/v2\/product"}],"about":[{"href":"https:\/\/proquident.com.co\/higiene-oral\/wp-json\/wp\/v2\/types\/product"}],"replies":[{"embeddable":true,"href":"https:\/\/proquident.com.co\/higiene-oral\/wp-json\/wp\/v2\/comments?post=1165"}],"wp:featuredmedia":[{"embeddable":true,"href":"https:\/\/proquident.com.co\/higiene-oral\/wp-json\/wp\/v2\/media\/1465"}],"wp:attachment":[{"href":"https:\/\/proquident.com.co\/higiene-oral\/wp-json\/wp\/v2\/media?parent=1165"}],"wp:term":[{"taxonomy":"product_cat","embeddable":true,"href":"https:\/\/proquident.com.co\/higiene-oral\/wp-json\/wp\/v2\/product_cat?post=1165"},{"taxonomy":"product_tag","embeddable":true,"href":"https:\/\/proquident.com.co\/higiene-oral\/wp-json\/wp\/v2\/product_tag?post=1165"}],"curies":[{"name":"wp","href":"https:\/\/api.w.org\/{rel}","templated":true}]}}