{"id":1163,"date":"2023-08-14T17:38:01","date_gmt":"2023-08-14T17:38:01","guid":{"rendered":"https:\/\/proquident.com.co\/higiene-oral\/?post_type=product&#038;p=1163"},"modified":"2025-11-25T21:32:27","modified_gmt":"2025-11-25T21:32:27","slug":"kit-kids-naturals","status":"publish","type":"product","link":"https:\/\/proquident.com.co\/higiene-oral\/producto\/kit-kids-naturals\/","title":{"rendered":"Kit personal Kids Naturals"},"content":{"rendered":"<h3>Usos<\/h3>\n<p>Aplica una peque\u00f1a cantidad de crema Kids Naturals (tama\u00f1o de una lenteja) sobre el cepillo de dientes, verifica la t\u00e9cnica de cepillado y su correcto enjuague al terminar el proceso, poner el protector en el cepillo, para evitar contaminaci\u00f3n.<\/p>\n<h3>Beneficios<\/h3>\n<p>Contiene xilitol y part\u00edculas limpiadoras para tener un resultado m\u00e1s eficaz en el proceso de la higiene oral.<br \/>\nCuida los dientes de leche y los permanentes que comienzan a salir a la<br \/>\nsuperficie.<\/p>\n<h3>Recomendaciones<\/h3>\n<p>Ten presente que a esta edad se busca promover buenos h\u00e1bitos en los ni\u00f1os, entre estos el cuidado oral, por ello se recomienda la compa\u00f1\u00eda y supervisi\u00f3n de un adulto.<\/p>\n<p>Se recomienda cepillar los dientes despu\u00e9s de cada comida y reemplazar el cepillo cada tres meses, cada que se desgasten las cerdas o pierdan su forma, y despu\u00e9s de una infecci\u00f3n respiratoria o de la cavidad oral.<\/p>\n<h3>Contiene<\/h3>\n<ul>\n<li>Estuche<\/li>\n<li>Crema kids naturals sin fl\u00faor por 25 ml<\/li>\n<li>Cepillo especial para ni\u00f1os<\/li>\n<\/ul>\n<p><strong>Para Informaci\u00f3n adicional sobre este producto cont\u00e1ctenos a trav\u00e9s de <i class=\"fas fa-envelope\"><\/i><a href=\"mailto:contacto@proquident.com.co\" target=\"_blank\" rel=\"noopener\">\u00a0contacto@proquident.com.co<\/a><\/strong><\/p>\n","protected":false},"excerpt":{"rendered":"<p>Haz que la hora del cepillado sea un momento divertido para tus hijos, en compa\u00f1\u00eda del Capit\u00e1n Prokids y su Escuadr\u00f3n, que les ense\u00f1ar\u00e1 como cuidar el poder de la sonrisa de una manera divertida<\/p>\n<p>Con este kit, que puedes llevar a todas partes, tendr\u00e1s la tranquilidad de tener los implementos necesarios para la higiene oral de los ni\u00f1os.<\/p>\n<p>La crema dental Kids Naturals es ideal para cuidar los dientes, no contiene fl\u00faor por lo que nos protege de la fluorosis dental, y contiene xilitol, que nos ayuda a proteger los dientes del da\u00f1o de los \u00e1cidos de las bacterias.<\/p>\n<p>Est\u00e1 libre de sulfatos y parabenos (sustancias que son irritantes y afectan el equilibrio hormonal).<\/p>\n<p>Tiene un cepillo para ni\u00f1os, con cabeza peque\u00f1a, cerdas suaves y mango ergon\u00f3mico, que les ayudara a mantener su cavidad oral limpia.<\/p>\n[fl_builder_insert_layout id=1324]\n<p>[su_button url=\"https:\/\/proquident.com.co\/DocumentosProductos\/Kit%20personal%20kids%20naturals\/GC-FT-687KIT%20PERSONAL%20NATURALS%20PROQUIDENT_v4.pdf?_t=1764106002\" target=\"_blank\" style=\"flat\u201d icon=\"icon: angle-double-down\u201d]Ficha t\u00e9cnica[\/su_button] [su_button url=\"\" target=\"_blank\" style=\"flat\u201d icon=\"icon: angle-double-down\u201d]Registro sanitario[\/su_button]<\/p>\n","protected":false},"featured_media":1164,"comment_status":"open","ping_status":"closed","template":"","meta":{"om_disable_all_campaigns":false,"inline_featured_image":false,"_monsterinsights_skip_tracking":false,"_monsterinsights_sitenote_active":false,"_monsterinsights_sitenote_note":"","_monsterinsights_sitenote_category":0,"_uf_show_specific_survey":0,"_uf_disable_surveys":false},"product_cat":[155],"product_tag":[67,102,103],"class_list":{"0":"post-1163","1":"product","2":"type-product","3":"status-publish","4":"has-post-thumbnail","6":"product_cat-kits","7":"product_tag-kit-higiene","8":"product_tag-kit-kids","9":"product_tag-kit-sin-fluor","11":"first","12":"instock","13":"shipping-taxable","14":"product-type-simple"},"aioseo_notices":[],"_links":{"self":[{"href":"https:\/\/proquident.com.co\/higiene-oral\/wp-json\/wp\/v2\/product\/1163","targetHints":{"allow":["GET"]}}],"collection":[{"href":"https:\/\/proquident.com.co\/higiene-oral\/wp-json\/wp\/v2\/product"}],"about":[{"href":"https:\/\/proquident.com.co\/higiene-oral\/wp-json\/wp\/v2\/types\/product"}],"replies":[{"embeddable":true,"href":"https:\/\/proquident.com.co\/higiene-oral\/wp-json\/wp\/v2\/comments?post=1163"}],"wp:featuredmedia":[{"embeddable":true,"href":"https:\/\/proquident.com.co\/higiene-oral\/wp-json\/wp\/v2\/media\/1164"}],"wp:attachment":[{"href":"https:\/\/proquident.com.co\/higiene-oral\/wp-json\/wp\/v2\/media?parent=1163"}],"wp:term":[{"taxonomy":"product_cat","embeddable":true,"href":"https:\/\/proquident.com.co\/higiene-oral\/wp-json\/wp\/v2\/product_cat?post=1163"},{"taxonomy":"product_tag","embeddable":true,"href":"https:\/\/proquident.com.co\/higiene-oral\/wp-json\/wp\/v2\/product_tag?post=1163"}],"curies":[{"name":"wp","href":"https:\/\/api.w.org\/{rel}","templated":true}]}}