{"id":1161,"date":"2023-08-14T17:32:40","date_gmt":"2023-08-14T17:32:40","guid":{"rendered":"https:\/\/proquident.com.co\/higiene-oral\/?post_type=product&#038;p=1161"},"modified":"2026-02-10T19:33:41","modified_gmt":"2026-02-10T19:33:41","slug":"refrescante-bucal-sensitive","status":"publish","type":"product","link":"https:\/\/proquident.com.co\/higiene-oral\/producto\/refrescante-bucal-sensitive\/","title":{"rendered":"Refrescante bucal Sensitive"},"content":{"rendered":"<h3>Usos<\/h3>\n<p>Aplicar 2 pulverizaciones directamente en la boca, no enjuagar o beber l\u00edquidos despu\u00e9s 15 minutos<\/p>\n<h3>Con ingredientes para el manejo de la sensibilidad dental<\/h3>\n<ul>\n<li style=\"list-style-type: none;\">\n<ul>\n<li>Sabor a sand\u00eda<\/li>\n<li>Contiene vitamina E<\/li>\n<li>Con extractos de aloe vera, manzanilla y cal\u00e9ndula<\/li>\n<\/ul>\n<\/li>\n<\/ul>\n<h3>Presentaci\u00f3n<\/h3>\n<p>20mL<\/p>\n<p><strong>Para Informaci\u00f3n adicional sobre este producto cont\u00e1ctenos a trav\u00e9s de <i class=\"fas fa-envelope\"><\/i><a href=\"mailto:contacto@proquident.com.co\" target=\"_blank\" rel=\"noopener\">\u00a0contacto@proquident.com.co<\/a><\/strong><\/p>\n","protected":false},"excerpt":{"rendered":"<p>Tenemos para ti, un producto que har\u00e1 que tus d\u00edas tengan un delicioso sabor a sandia y que la frescura y el buen aliento hagan parte de tu d\u00eda a d\u00eda, protegiendo dientes y tejidos blandos.<\/p>\n<p>Con ingredientes que protegen tanto tus dientes como tus tejidos blandos de la cavidad oral.<\/p>\n<p>Delicioso sabor a sandia.<\/p>\n<p>[su_button url=\"https:\/\/proquident.com.co\/DocumentosProductos\/Refrescante%20bucal%20sensitve\/GC-FT-834%20REFRESCANTE%20BUCAL%20SENSITIVE%20PROQUIDENT%20v.2.pdf?_t=1765380077\" target=\"_blank\" style=\"flat\u201d icon=\"icon: angle-double-down\u201d]Ficha t\u00e9cnica[\/su_button] [su_button url=\"https:\/\/proquident.com.co\/DocumentosProductos\/Refrescante%20bucal%20sensitve\/%28NSOC23411-23CO%29%20Refrescante%20Bucal%20Sensitive%20-%20Nuevo%202023.pdf?_t=1770751976\" target=\"_blank\" style=\"flat\u201d icon=\"icon: angle-double-down\u201d]Registro sanitario[\/su_button]<\/p>\n[fl_builder_insert_layout id=1293]\n","protected":false},"featured_media":1451,"comment_status":"open","ping_status":"closed","template":"","meta":{"om_disable_all_campaigns":false,"inline_featured_image":false,"_monsterinsights_skip_tracking":false,"_monsterinsights_sitenote_active":false,"_monsterinsights_sitenote_note":"","_monsterinsights_sitenote_category":0,"_uf_show_specific_survey":0,"_uf_disable_surveys":false},"product_cat":[182],"product_tag":[111,183],"class_list":{"0":"post-1161","1":"product","2":"type-product","3":"status-publish","4":"has-post-thumbnail","6":"product_cat-refrescantes","7":"product_tag-refrescante-bucal","8":"product_tag-refrescantes","10":"first","11":"instock","12":"shipping-taxable","13":"product-type-simple"},"aioseo_notices":[],"_links":{"self":[{"href":"https:\/\/proquident.com.co\/higiene-oral\/wp-json\/wp\/v2\/product\/1161","targetHints":{"allow":["GET"]}}],"collection":[{"href":"https:\/\/proquident.com.co\/higiene-oral\/wp-json\/wp\/v2\/product"}],"about":[{"href":"https:\/\/proquident.com.co\/higiene-oral\/wp-json\/wp\/v2\/types\/product"}],"replies":[{"embeddable":true,"href":"https:\/\/proquident.com.co\/higiene-oral\/wp-json\/wp\/v2\/comments?post=1161"}],"wp:featuredmedia":[{"embeddable":true,"href":"https:\/\/proquident.com.co\/higiene-oral\/wp-json\/wp\/v2\/media\/1451"}],"wp:attachment":[{"href":"https:\/\/proquident.com.co\/higiene-oral\/wp-json\/wp\/v2\/media?parent=1161"}],"wp:term":[{"taxonomy":"product_cat","embeddable":true,"href":"https:\/\/proquident.com.co\/higiene-oral\/wp-json\/wp\/v2\/product_cat?post=1161"},{"taxonomy":"product_tag","embeddable":true,"href":"https:\/\/proquident.com.co\/higiene-oral\/wp-json\/wp\/v2\/product_tag?post=1161"}],"curies":[{"name":"wp","href":"https:\/\/api.w.org\/{rel}","templated":true}]}}