{"id":1148,"date":"2023-08-09T17:58:18","date_gmt":"2023-08-09T17:58:18","guid":{"rendered":"https:\/\/proquident.com.co\/higiene-oral\/?post_type=product&#038;p=1148"},"modified":"2026-02-11T17:33:49","modified_gmt":"2026-02-11T17:33:49","slug":"crema-dental-kids-con-fluor","status":"publish","type":"product","link":"https:\/\/proquident.com.co\/higiene-oral\/producto\/crema-dental-kids-con-fluor\/","title":{"rendered":"Crema dental kids con fl\u00faor"},"content":{"rendered":"<h3>Forma de uso<\/h3>\n<p>Aplica una peque\u00f1a cantidad de crema sobre el cepillo de dientes para ni\u00f1os, verifica la t\u00e9cnica de cepillado y su correcto enjuague al terminar el proceso.<\/p>\n<p>Ni\u00f1os de 0-2 a\u00f1os: Aplicar crema dental con fl\u00faor de 1100 ppm del tama\u00f1o de medio grano de arroz crudo.<\/p>\n<p>Ni\u00f1os de 2-4 a\u00f1os: Aplicar crema dental con o sin fl\u00faor del tama\u00f1o de un grano de arroz crudo.<\/p>\n<p>Ni\u00f1os de 4 a\u00f1os en adelante: Aplicar crema dental con o sin fl\u00faor del tama\u00f1o de una lenteja cruda.<\/p>\n<p>*No se recomienda para menores de 2 a\u00f1os.<\/p>\n<h3>Beneficios<\/h3>\n<ul>\n<li>Sabor a chicle<\/li>\n<li>Cuida los dientes de leche y los permanentes antes de salir a la superficie<\/li>\n<li>Cuenta con part\u00edculas limpiadoras<\/li>\n<\/ul>\n<h3>Recomendaciones<\/h3>\n<p>Ten presente que a esta edad se busca promover buenos h\u00e1bitos en los ni\u00f1os, entre estos el cuidado oral, por ello se recomienda la compa\u00f1\u00eda y supervisi\u00f3n<br \/>\nde un adulto.<\/p>\n<p>Se recomienda cepillar los dientes despu\u00e9s de cada comida y reemplazar el cepillo cada tres meses, cuando sus cerdas se deforman o despu\u00e9s de una infecci\u00f3n respiratoria.<\/p>\n<h3>P\u00fablico<\/h3>\n<p>Ni\u00f1os mayores de 2 a\u00f1os.<\/p>\n<h3>Presentaci\u00f3n<\/h3>\n<p>Crema dental 75 mL.<\/p>\n<p><strong>Para Informaci\u00f3n adicional sobre este producto cont\u00e1ctenos a trav\u00e9s de <i class=\"fas fa-envelope\"><\/i><a href=\"mailto:contacto@proquident.com.co\" target=\"_blank\" rel=\"noopener\">\u00a0contacto@proquident.com.co<\/a><\/strong><\/p>\n","protected":false},"excerpt":{"rendered":"<p>Crema dental con fl\u00faor para ni\u00f1os mayores de 2 a\u00f1os de edad, de uso diario.<\/p>\n<p>Proporciona una agradable sensaci\u00f3n de limpieza con delicioso sabor a chicle.<\/p>\n<ul>\n<li>Con fl\u00faor (1100 ppm).<\/li>\n<li>Libre de sulfatos y parabenos.<\/li>\n<\/ul>\n[fl_builder_insert_layout id=1645]\n<p>[su_button url=\"https:\/\/proquident.com.co\/DocumentosProductos\/Crema%20dental%20kids%20con%20fluor\/GC-FT-647CREMA%20DENTAL%20KIDS%20CON%20FL%C3%9AOR%20PROQUIDENT_v5.pdf?_t=1761096404\" target=\"_blank\" style=\"flat\u201d icon=\"icon: angle-double-down\u201d]Ficha t\u00e9cnica[\/su_button] [su_button url=\"https:\/\/proquident.com.co\/DocumentosProductos\/Crema%20dental%20kids%20con%20fluor\/NSCO13485-22CO%20Nuevo%20May%202022.pdf?_t=1770831171\"_blank\" style=\"flat\u201d icon=\"icon: angle-double-down\u201d]Registro sanitario[\/su_button]<\/p>\n","protected":false},"featured_media":1149,"comment_status":"open","ping_status":"closed","template":"","meta":{"om_disable_all_campaigns":false,"inline_featured_image":false,"_monsterinsights_skip_tracking":false,"_monsterinsights_sitenote_active":false,"_monsterinsights_sitenote_note":"","_monsterinsights_sitenote_category":0,"_uf_show_specific_survey":0,"_uf_disable_surveys":false},"product_cat":[149],"product_tag":[107,80,92],"class_list":{"0":"post-1148","1":"product","2":"type-product","3":"status-publish","4":"has-post-thumbnail","6":"product_cat-cremas","7":"product_tag-crema-bebes","8":"product_tag-crema-dental","9":"product_tag-crema-sin-fluor","11":"first","12":"instock","13":"shipping-taxable","14":"product-type-simple"},"aioseo_notices":[],"_links":{"self":[{"href":"https:\/\/proquident.com.co\/higiene-oral\/wp-json\/wp\/v2\/product\/1148","targetHints":{"allow":["GET"]}}],"collection":[{"href":"https:\/\/proquident.com.co\/higiene-oral\/wp-json\/wp\/v2\/product"}],"about":[{"href":"https:\/\/proquident.com.co\/higiene-oral\/wp-json\/wp\/v2\/types\/product"}],"replies":[{"embeddable":true,"href":"https:\/\/proquident.com.co\/higiene-oral\/wp-json\/wp\/v2\/comments?post=1148"}],"wp:featuredmedia":[{"embeddable":true,"href":"https:\/\/proquident.com.co\/higiene-oral\/wp-json\/wp\/v2\/media\/1149"}],"wp:attachment":[{"href":"https:\/\/proquident.com.co\/higiene-oral\/wp-json\/wp\/v2\/media?parent=1148"}],"wp:term":[{"taxonomy":"product_cat","embeddable":true,"href":"https:\/\/proquident.com.co\/higiene-oral\/wp-json\/wp\/v2\/product_cat?post=1148"},{"taxonomy":"product_tag","embeddable":true,"href":"https:\/\/proquident.com.co\/higiene-oral\/wp-json\/wp\/v2\/product_tag?post=1148"}],"curies":[{"name":"wp","href":"https:\/\/api.w.org\/{rel}","templated":true}]}}