{"id":1002,"date":"2023-01-25T22:28:13","date_gmt":"2023-01-25T22:28:13","guid":{"rendered":"https:\/\/proquident.com.co\/higiene-oral\/?post_type=product&#038;p=1002"},"modified":"2025-10-22T00:30:42","modified_gmt":"2025-10-22T00:30:42","slug":"cepillos-adulto-x-5","status":"publish","type":"product","link":"https:\/\/proquident.com.co\/higiene-oral\/producto\/cepillos-adulto-x-5\/","title":{"rendered":"Cepillo dental adulto x 5 und"},"content":{"rendered":"<p><strong>Para Informaci\u00f3n adicional sobre este producto cont\u00e1ctenos a trav\u00e9s de <i class=\"fas fa-envelope\"><\/i><a href=\"mailto:contacto@proquident.com.co\" target=\"_blank\" rel=\"noopener\">\u00a0contacto@proquident.com.co<\/a><\/strong><\/p>\n","protected":false},"excerpt":{"rendered":"<ul>\n<li>Con cerdas de nylon.<\/li>\n<li>Cerdas redondeadas.<\/li>\n<li>Con cabezal redondeado.<\/li>\n<li>Mango ergon\u00f3mico y antideslizante.<\/li>\n<li>Limpiador de lengua.<\/li>\n<\/ul>\n<p><strong>Presentaci\u00f3n:<\/strong> Blister 5 cepillos.<\/p>\n<p><strong>Edad:<\/strong> 12<b>+<\/b><\/p>\n[fl_builder_insert_layout id=1265]\n<p>[su_button url=\"https:\/\/proquident.com.co\/DocumentosProductos\/Cepillo%20490\/GC-FT-376CEPILLO%20DENTAL%20ADULTO%20490%20CERDA%20MEDIA%20BOLSA%20INDIVIDUAL%20DE%20PROQUIDENT_v3.pdf?_t=1761093024\" target=\"_blank\" style=\"flat\u201d icon=\"icon: angle-double-down\u201d]Ficha t\u00e9cnica[\/su_button] [su_button url=\"https:\/\/proquident.com.co\/DocumentosProductos\/Cepillo%20420\/%28INVIMA%202021DM-0024771%29Cepillos%20dentales.pdf?_t=1760763119\" target=\"_blank\" style=\"flat\u201d icon=\"icon: angle-double-down\u201d]Registro sanitario[\/su_button]<\/p>\n","protected":false},"featured_media":1468,"comment_status":"open","ping_status":"closed","template":"","meta":{"om_disable_all_campaigns":false,"inline_featured_image":false,"_monsterinsights_skip_tracking":false,"_monsterinsights_sitenote_active":false,"_monsterinsights_sitenote_note":"","_monsterinsights_sitenote_category":0,"_uf_show_specific_survey":0,"_uf_disable_surveys":false},"product_cat":[145,156],"product_tag":[91,151],"class_list":{"0":"post-1002","1":"product","2":"type-product","3":"status-publish","4":"has-post-thumbnail","6":"product_cat-cepillos","7":"product_cat-ofertas","8":"product_tag-cepillo-adultos","9":"product_tag-pack-cepillos","11":"first","12":"instock","13":"shipping-taxable","14":"product-type-simple"},"aioseo_notices":[],"_links":{"self":[{"href":"https:\/\/proquident.com.co\/higiene-oral\/wp-json\/wp\/v2\/product\/1002","targetHints":{"allow":["GET"]}}],"collection":[{"href":"https:\/\/proquident.com.co\/higiene-oral\/wp-json\/wp\/v2\/product"}],"about":[{"href":"https:\/\/proquident.com.co\/higiene-oral\/wp-json\/wp\/v2\/types\/product"}],"replies":[{"embeddable":true,"href":"https:\/\/proquident.com.co\/higiene-oral\/wp-json\/wp\/v2\/comments?post=1002"}],"wp:featuredmedia":[{"embeddable":true,"href":"https:\/\/proquident.com.co\/higiene-oral\/wp-json\/wp\/v2\/media\/1468"}],"wp:attachment":[{"href":"https:\/\/proquident.com.co\/higiene-oral\/wp-json\/wp\/v2\/media?parent=1002"}],"wp:term":[{"taxonomy":"product_cat","embeddable":true,"href":"https:\/\/proquident.com.co\/higiene-oral\/wp-json\/wp\/v2\/product_cat?post=1002"},{"taxonomy":"product_tag","embeddable":true,"href":"https:\/\/proquident.com.co\/higiene-oral\/wp-json\/wp\/v2\/product_tag?post=1002"}],"curies":[{"name":"wp","href":"https:\/\/api.w.org\/{rel}","templated":true}]}}