{"id":1115,"date":"2023-07-15T22:31:50","date_gmt":"2023-07-15T22:31:50","guid":{"rendered":"https:\/\/proquident.com.co\/higiene-oral\/?page_id=1115"},"modified":"2023-07-15T23:54:29","modified_gmt":"2023-07-15T23:54:29","slug":"donde-comprar","status":"publish","type":"page","link":"https:\/\/proquident.com.co\/higiene-oral\/donde-comprar\/","title":{"rendered":"D\u00f3nde comprar"},"content":{"rendered":"\r\n<h2>\u00bfD\u00f3nde puedo comprar?<\/h2>\r\n<p><a href=\"https:\/\/www.exito.com\/proquident?_q=proquident&amp;map=ft\" target=\"_self\" rel=\"noopener\"> <img decoding=\"async\" src=\"https:\/\/proquident.sfo2.digitaloceanspaces.com\/cdn\/sites\/3\/Grupo-284.png\" alt=\"https:\/\/proquident.sfo2.digitaloceanspaces.com\/cdn\/sites\/3\/Grupo-284.png\" data-no-lazy=\"1\" \/> <\/a> <a href=\"https:\/\/www.larebajavirtual.com\/proquident?_q=proquident&amp;map=ft\" target=\"_self\" rel=\"noopener\"> <img decoding=\"async\" src=\"https:\/\/proquident.sfo2.digitaloceanspaces.com\/cdn\/sites\/3\/Grupo-283.png\" alt=\"https:\/\/proquident.sfo2.digitaloceanspaces.com\/cdn\/sites\/3\/Grupo-283.png\" data-no-lazy=\"1\" \/> <\/a> <a href=\"https:\/\/www.drogueriascolsubsidio.com\/proquident\" target=\"_self\" rel=\"noopener\"> <img decoding=\"async\" src=\"https:\/\/proquident.sfo2.digitaloceanspaces.com\/cdn\/sites\/3\/Grupo-282.png\" alt=\"https:\/\/proquident.sfo2.digitaloceanspaces.com\/cdn\/sites\/3\/Grupo-282.png\" data-no-lazy=\"1\" \/> <\/a><\/p>\r\n<h4>Encu\u00e9ntranos en los principales almacenes de cadena del pa\u00eds*<\/h4>\r\n<p>Sujeto a disponibilidad de productos en tienda.<\/p>\r\n","protected":false},"excerpt":{"rendered":"<p>\u00bfD\u00f3nde puedo comprar? Encu\u00e9ntranos en los principales almacenes de cadena del pa\u00eds* Sujeto a disponibilidad de productos en tienda.<\/p>\n","protected":false},"author":4,"featured_media":0,"parent":0,"menu_order":0,"comment_status":"closed","ping_status":"closed","template":"","meta":{"om_disable_all_campaigns":false,"inline_featured_image":false,"_monsterinsights_skip_tracking":false,"_monsterinsights_sitenote_active":false,"_monsterinsights_sitenote_note":"","_monsterinsights_sitenote_category":0,"_uf_show_specific_survey":0,"_uf_disable_surveys":false,"footnotes":""},"class_list":["post-1115","page","type-page","status-publish","hentry"],"aioseo_notices":[],"_links":{"self":[{"href":"https:\/\/proquident.com.co\/higiene-oral\/wp-json\/wp\/v2\/pages\/1115","targetHints":{"allow":["GET"]}}],"collection":[{"href":"https:\/\/proquident.com.co\/higiene-oral\/wp-json\/wp\/v2\/pages"}],"about":[{"href":"https:\/\/proquident.com.co\/higiene-oral\/wp-json\/wp\/v2\/types\/page"}],"author":[{"embeddable":true,"href":"https:\/\/proquident.com.co\/higiene-oral\/wp-json\/wp\/v2\/users\/4"}],"replies":[{"embeddable":true,"href":"https:\/\/proquident.com.co\/higiene-oral\/wp-json\/wp\/v2\/comments?post=1115"}],"version-history":[{"count":3,"href":"https:\/\/proquident.com.co\/higiene-oral\/wp-json\/wp\/v2\/pages\/1115\/revisions"}],"predecessor-version":[{"id":1129,"href":"https:\/\/proquident.com.co\/higiene-oral\/wp-json\/wp\/v2\/pages\/1115\/revisions\/1129"}],"wp:attachment":[{"href":"https:\/\/proquident.com.co\/higiene-oral\/wp-json\/wp\/v2\/media?parent=1115"}],"curies":[{"name":"wp","href":"https:\/\/api.w.org\/{rel}","templated":true}]}}